{"id":1437,"date":"2016-03-25T04:20:48","date_gmt":"2016-03-25T04:20:48","guid":{"rendered":"http:\/\/finance.thememove.com\/?page_id=1437"},"modified":"2023-01-03T09:59:43","modified_gmt":"2023-01-03T09:59:43","slug":"darkove-poukazy","status":"publish","type":"page","link":"https:\/\/wellness-kromeriz.cz\/en\/o-nas\/darkove-poukazy\/","title":{"rendered":"D\u00e1rkov\u00e9 poukazy"},"content":{"rendered":"<div class=\"vc_row wpb_row vc_row-fluid vc_custom_1495097106859\"><div class=\"wpb_column vc_column_container vc_col-sm-12\"><div class=\"vc_column-inner\"><div class=\"wpb_wrapper\"><div style=\"font-size: 24px;color: #202020;text-align: left\" class=\"vc_custom_heading font-weight-700 vc_custom_1645555795901\" >RELAXA\u010cN\u00cd, REHABILITA\u010cN\u00cd A INDIVIDU\u00c1LN\u00cd PROGRAM<\/div><div class=\"vc_row wpb_row vc_inner vc_row-fluid\"><div class=\"wpb_column vc_column_container vc_col-sm-12\"><div class=\"vc_column-inner vc_custom_1495096993936\"><div class=\"wpb_wrapper\">\n\t<div class=\"wpb_text_column wpb_content_element  vc_custom_1543273140798 tm-box-2\" >\n\t\t<div class=\"wpb_wrapper\">\n\t\t\t<p>V\u00e1\u017een\u00ed klienti, dovolte n\u00e1m pozvat V\u00e1s do na\u0161eho centra pro rehabilita\u010dn\u00ed a relaxa\u010dn\u00ed pobyt.\u00a0Nen\u00ed to jen rehabilitace, ale je zde jedine\u010dn\u00e1 p\u0159\u00edle\u017eitost vyu\u017e\u00edt skv\u011bl\u00e9 ubytov\u00e1n\u00ed, prvot\u0159\u00eddn\u00ed rehabilita\u010dn\u00ed slu\u017eby a profesion\u00e1ln\u00ed p\u00e9\u010di o va\u0161e pohodl\u00ed a zdrav\u00ed.\u00a0Ve voln\u00e9m \u010dase m\u016f\u017eete vyu\u017e\u00edt venkovn\u00ed posezen\u00ed p\u0159\u00edmo v are\u00e1lu hotelu.\u00a0M\u016f\u017eeme v\u00e1m tak\u00e9 uk\u00e1zat kr\u00e1su na\u0161eho historick\u00e9ho m\u011bsta Krom\u011b\u0159\u00ed\u017e.\u00a0M\u016f\u017eete se sezn\u00e1mit s n\u00e1dherou kv\u011btinov\u00e9 zahrady, arcibiskupsk\u00e9ho z\u00e1mku, z\u00e1meck\u00e9 zahrady, mincovny, zrcadlov\u00e9ho bludi\u0161t\u011b a dal\u0161\u00edch.\u00a0Pro va\u0161e d\u011bti jsou k dispozici houpa\u010dky a trampol\u00edna a m\u016f\u017eete si zahr\u00e1t p\u0159\u00edmo v zahrad\u011b hotelu.<\/p>\n<p>M\u016f\u017eete platit v hotovosti nebo kreditn\u00ed kartou.<\/p>\n\n\t\t<\/div>\n\t<\/div>\n<\/div><\/div><\/div><\/div><\/div><\/div><\/div><\/div><div class=\"vc_row wpb_row vc_row-fluid\"><div class=\"wpb_column vc_column_container vc_col-sm-12\"><div class=\"vc_column-inner vc_custom_1495097041726\"><div class=\"wpb_wrapper\">\n\t<div  class=\"wpb_single_image wpb_content_element vc_align_left  wpb_animate_when_almost_visible wpb_right-to-left right-to-left vc_custom_1645555803604\">\n\t\t\n\t\t<figure class=\"wpb_wrapper vc_figure\">\n\t\t\t<div class=\"vc_single_image-wrapper   vc_box_border_grey\"><img decoding=\"async\" width=\"796\" height=\"378\" src=\"https:\/\/wellness-kromeriz.cz\/wp-content\/uploads\/2022\/01\/uvod.png\" class=\"vc_single_image-img attachment-full\" alt=\"\" srcset=\"https:\/\/wellness-kromeriz.cz\/wp-content\/uploads\/2022\/01\/uvod.png 796w, https:\/\/wellness-kromeriz.cz\/wp-content\/uploads\/2022\/01\/uvod-300x142.png 300w, https:\/\/wellness-kromeriz.cz\/wp-content\/uploads\/2022\/01\/uvod-768x365.png 768w, https:\/\/wellness-kromeriz.cz\/wp-content\/uploads\/2022\/01\/uvod-18x9.png 18w\" sizes=\"(max-width: 796px) 100vw, 796px\" \/><\/div>\n\t\t<\/figure>\n\t<\/div>\n<\/div><\/div><\/div><\/div><div class=\"vc_row wpb_row vc_row-fluid\"><div class=\"wpb_column vc_column_container vc_col-sm-6\"><div class=\"vc_column-inner vc_custom_1495097041726\"><div class=\"wpb_wrapper\">\n\t<div  class=\"wpb_single_image wpb_content_element vc_align_left  wpb_animate_when_almost_visible wpb_left-to-right left-to-right vc_custom_1672739856812\">\n\t\t\n\t\t<figure class=\"wpb_wrapper vc_figure\">\n\t\t\t<div class=\"vc_single_image-wrapper   vc_box_border_grey\"><img decoding=\"async\" width=\"1260\" height=\"595\" src=\"https:\/\/wellness-kromeriz.cz\/wp-content\/uploads\/2023\/01\/500.png\" class=\"vc_single_image-img attachment-full\" alt=\"\" srcset=\"https:\/\/wellness-kromeriz.cz\/wp-content\/uploads\/2023\/01\/500.png 1260w, https:\/\/wellness-kromeriz.cz\/wp-content\/uploads\/2023\/01\/500-300x142.png 300w, https:\/\/wellness-kromeriz.cz\/wp-content\/uploads\/2023\/01\/500-1024x484.png 1024w, https:\/\/wellness-kromeriz.cz\/wp-content\/uploads\/2023\/01\/500-768x363.png 768w, https:\/\/wellness-kromeriz.cz\/wp-content\/uploads\/2023\/01\/500-18x9.png 18w\" sizes=\"(max-width: 1260px) 100vw, 1260px\" \/><\/div>\n\t\t<\/figure>\n\t<\/div>\n<\/div><\/div><\/div><div class=\"wpb_column vc_column_container vc_col-sm-6\"><div class=\"vc_column-inner vc_custom_1495097049274\"><div class=\"wpb_wrapper\">\n\t<div  class=\"wpb_single_image wpb_content_element vc_align_right  wpb_animate_when_almost_visible wpb_right-to-left right-to-left vc_custom_1672739868623\">\n\t\t\n\t\t<figure class=\"wpb_wrapper vc_figure\">\n\t\t\t<div class=\"vc_single_image-wrapper   vc_box_border_grey\"><img decoding=\"async\" width=\"1262\" height=\"595\" src=\"https:\/\/wellness-kromeriz.cz\/wp-content\/uploads\/2023\/01\/600.png\" class=\"vc_single_image-img attachment-full\" alt=\"\" srcset=\"https:\/\/wellness-kromeriz.cz\/wp-content\/uploads\/2023\/01\/600.png 1262w, https:\/\/wellness-kromeriz.cz\/wp-content\/uploads\/2023\/01\/600-300x141.png 300w, https:\/\/wellness-kromeriz.cz\/wp-content\/uploads\/2023\/01\/600-1024x483.png 1024w, https:\/\/wellness-kromeriz.cz\/wp-content\/uploads\/2023\/01\/600-768x362.png 768w, https:\/\/wellness-kromeriz.cz\/wp-content\/uploads\/2023\/01\/600-18x8.png 18w\" sizes=\"(max-width: 1262px) 100vw, 1262px\" \/><\/div>\n\t\t<\/figure>\n\t<\/div>\n<\/div><\/div><\/div><\/div><div class=\"vc_row wpb_row vc_row-fluid\"><div class=\"wpb_column vc_column_container vc_col-sm-6\"><div class=\"vc_column-inner vc_custom_1495097041726\"><div class=\"wpb_wrapper\">\n\t<div  class=\"wpb_single_image wpb_content_element vc_align_left  wpb_animate_when_almost_visible wpb_left-to-right left-to-right vc_custom_1672739880719\">\n\t\t\n\t\t<figure class=\"wpb_wrapper vc_figure\">\n\t\t\t<div class=\"vc_single_image-wrapper   vc_box_border_grey\"><img decoding=\"async\" width=\"1263\" height=\"593\" src=\"https:\/\/wellness-kromeriz.cz\/wp-content\/uploads\/2023\/01\/800.png\" class=\"vc_single_image-img attachment-full\" alt=\"\" srcset=\"https:\/\/wellness-kromeriz.cz\/wp-content\/uploads\/2023\/01\/800.png 1263w, https:\/\/wellness-kromeriz.cz\/wp-content\/uploads\/2023\/01\/800-300x141.png 300w, https:\/\/wellness-kromeriz.cz\/wp-content\/uploads\/2023\/01\/800-1024x481.png 1024w, https:\/\/wellness-kromeriz.cz\/wp-content\/uploads\/2023\/01\/800-768x361.png 768w, https:\/\/wellness-kromeriz.cz\/wp-content\/uploads\/2023\/01\/800-18x8.png 18w\" sizes=\"(max-width: 1263px) 100vw, 1263px\" \/><\/div>\n\t\t<\/figure>\n\t<\/div>\n<\/div><\/div><\/div><div class=\"wpb_column vc_column_container vc_col-sm-6\"><div class=\"vc_column-inner vc_custom_1495097049274\"><div class=\"wpb_wrapper\">\n\t<div  class=\"wpb_single_image wpb_content_element vc_align_right  wpb_animate_when_almost_visible wpb_right-to-left right-to-left vc_custom_1672739891949\">\n\t\t\n\t\t<figure class=\"wpb_wrapper vc_figure\">\n\t\t\t<div class=\"vc_single_image-wrapper   vc_box_border_grey\"><img decoding=\"async\" width=\"1263\" height=\"594\" src=\"https:\/\/wellness-kromeriz.cz\/wp-content\/uploads\/2023\/01\/900.png\" class=\"vc_single_image-img attachment-full\" alt=\"\" srcset=\"https:\/\/wellness-kromeriz.cz\/wp-content\/uploads\/2023\/01\/900.png 1263w, https:\/\/wellness-kromeriz.cz\/wp-content\/uploads\/2023\/01\/900-300x141.png 300w, https:\/\/wellness-kromeriz.cz\/wp-content\/uploads\/2023\/01\/900-1024x482.png 1024w, https:\/\/wellness-kromeriz.cz\/wp-content\/uploads\/2023\/01\/900-768x361.png 768w, https:\/\/wellness-kromeriz.cz\/wp-content\/uploads\/2023\/01\/900-18x8.png 18w\" sizes=\"(max-width: 1263px) 100vw, 1263px\" \/><\/div>\n\t\t<\/figure>\n\t<\/div>\n<\/div><\/div><\/div><\/div><div class=\"vc_row wpb_row vc_row-fluid\"><div class=\"wpb_column vc_column_container vc_col-sm-6\"><div class=\"vc_column-inner vc_custom_1495097041726\"><div class=\"wpb_wrapper\">\n\t<div  class=\"wpb_single_image wpb_content_element vc_align_left  wpb_animate_when_almost_visible wpb_left-to-right left-to-right vc_custom_1672739910077\">\n\t\t\n\t\t<figure class=\"wpb_wrapper vc_figure\">\n\t\t\t<div class=\"vc_single_image-wrapper   vc_box_border_grey\"><img decoding=\"async\" width=\"1262\" height=\"595\" src=\"https:\/\/wellness-kromeriz.cz\/wp-content\/uploads\/2023\/01\/1000.png\" class=\"vc_single_image-img attachment-full\" alt=\"\" srcset=\"https:\/\/wellness-kromeriz.cz\/wp-content\/uploads\/2023\/01\/1000.png 1262w, https:\/\/wellness-kromeriz.cz\/wp-content\/uploads\/2023\/01\/1000-300x141.png 300w, https:\/\/wellness-kromeriz.cz\/wp-content\/uploads\/2023\/01\/1000-1024x483.png 1024w, https:\/\/wellness-kromeriz.cz\/wp-content\/uploads\/2023\/01\/1000-768x362.png 768w, https:\/\/wellness-kromeriz.cz\/wp-content\/uploads\/2023\/01\/1000-18x8.png 18w\" sizes=\"(max-width: 1262px) 100vw, 1262px\" \/><\/div>\n\t\t<\/figure>\n\t<\/div>\n<\/div><\/div><\/div><div class=\"wpb_column vc_column_container vc_col-sm-6\"><div class=\"vc_column-inner vc_custom_1495097049274\"><div class=\"wpb_wrapper\">\n\t<div  class=\"wpb_single_image wpb_content_element vc_align_right  wpb_animate_when_almost_visible wpb_right-to-left right-to-left vc_custom_1672739921135\">\n\t\t\n\t\t<figure class=\"wpb_wrapper vc_figure\">\n\t\t\t<div class=\"vc_single_image-wrapper   vc_box_border_grey\"><img decoding=\"async\" width=\"1262\" height=\"591\" src=\"https:\/\/wellness-kromeriz.cz\/wp-content\/uploads\/2023\/01\/2500.png\" class=\"vc_single_image-img attachment-full\" alt=\"\" srcset=\"https:\/\/wellness-kromeriz.cz\/wp-content\/uploads\/2023\/01\/2500.png 1262w, https:\/\/wellness-kromeriz.cz\/wp-content\/uploads\/2023\/01\/2500-300x140.png 300w, https:\/\/wellness-kromeriz.cz\/wp-content\/uploads\/2023\/01\/2500-1024x480.png 1024w, https:\/\/wellness-kromeriz.cz\/wp-content\/uploads\/2023\/01\/2500-768x360.png 768w, https:\/\/wellness-kromeriz.cz\/wp-content\/uploads\/2023\/01\/2500-18x8.png 18w\" sizes=\"(max-width: 1262px) 100vw, 1262px\" \/><\/div>\n\t\t<\/figure>\n\t<\/div>\n<\/div><\/div><\/div><\/div><div class=\"vc_row wpb_row vc_row-fluid\"><div class=\"wpb_column vc_column_container vc_col-sm-6\"><div class=\"vc_column-inner vc_custom_1495097041726\"><div class=\"wpb_wrapper\">\n\t<div  class=\"wpb_single_image wpb_content_element vc_align_left  wpb_animate_when_almost_visible wpb_left-to-right left-to-right vc_custom_1672739935240\">\n\t\t\n\t\t<figure class=\"wpb_wrapper vc_figure\">\n\t\t\t<div class=\"vc_single_image-wrapper   vc_box_border_grey\"><img decoding=\"async\" width=\"1261\" height=\"592\" src=\"https:\/\/wellness-kromeriz.cz\/wp-content\/uploads\/2023\/01\/3500.png\" class=\"vc_single_image-img attachment-full\" alt=\"\" srcset=\"https:\/\/wellness-kromeriz.cz\/wp-content\/uploads\/2023\/01\/3500.png 1261w, https:\/\/wellness-kromeriz.cz\/wp-content\/uploads\/2023\/01\/3500-300x141.png 300w, https:\/\/wellness-kromeriz.cz\/wp-content\/uploads\/2023\/01\/3500-1024x481.png 1024w, https:\/\/wellness-kromeriz.cz\/wp-content\/uploads\/2023\/01\/3500-768x361.png 768w, https:\/\/wellness-kromeriz.cz\/wp-content\/uploads\/2023\/01\/3500-18x8.png 18w\" sizes=\"(max-width: 1261px) 100vw, 1261px\" \/><\/div>\n\t\t<\/figure>\n\t<\/div>\n<\/div><\/div><\/div><div class=\"wpb_column vc_column_container vc_col-sm-6\"><div class=\"vc_column-inner\"><div class=\"wpb_wrapper\"><\/div><\/div><\/div><\/div><div class=\"vc_row wpb_row vc_row-fluid\"><div class=\"wpb_column vc_column_container vc_col-sm-12\"><div class=\"vc_column-inner\"><div class=\"wpb_wrapper\">\n\t<div class=\"wpb_text_column wpb_content_element  vc_custom_1632397541554 tm-box-2\" >\n\t\t<div class=\"wpb_wrapper\">\n\t\t\t<p>Platnost pouk\u00e1zek je jeden rok a m\u016f\u017eete je vyu\u017e\u00edt p\u0159i vstupu do sauny, whirlpoolu, sol\u00e1ria nebo na ubytov\u00e1n\u00ed.<br \/>\nD\u00e1rkov\u00e9 poukazy jsou voln\u011b prodejn\u00e9 na recepci, nemus\u00ed se p\u0159edem telefonicky domlouvat.<\/p>\n<p>V\u011b\u0159\u00edme, \u017ee s na\u0161imi slu\u017ebami budete spokojeni.<\/p>\n\n\t\t<\/div>\n\t<\/div>\n<div class=\"vc_empty_space\"   style=\"height: 32px\" ><span class=\"vc_empty_space_inner\"><\/span><\/div>\n<\/div><\/div><\/div><\/div>","protected":false},"excerpt":{"rendered":"RELAXA\u010cN\u00cd, REHABILITA\u010cN\u00cd A INDIVIDU\u00c1LN\u00cd PROGRAM V\u00e1\u017een\u00ed klienti, dovolte n\u00e1m pozvat V\u00e1s do na\u0161eho centra pro rehabilita\u010dn\u00ed a relaxa\u010dn\u00ed pobyt.\u00a0Nen\u00ed to jen rehabilitace, ale je zde jedine\u010dn\u00e1 p\u0159\u00edle\u017eitost vyu\u017e\u00edt skv\u011bl\u00e9 ubytov\u00e1n\u00ed, prvot\u0159\u00eddn\u00ed rehabilita\u010dn\u00ed slu\u017eby a profesion\u00e1ln\u00ed p\u00e9\u010di o va\u0161e pohodl\u00ed a zdrav\u00ed.\u00a0Ve voln\u00e9m \u010dase m\u016f\u017eete vyu\u017e\u00edt venkovn\u00ed posezen\u00ed p\u0159\u00edmo v are\u00e1lu hotelu.\u00a0M\u016f\u017eeme v\u00e1m tak\u00e9 uk\u00e1zat kr\u00e1su [...]","protected":false},"author":1,"featured_media":0,"parent":304,"menu_order":2,"comment_status":"closed","ping_status":"closed","template":"","meta":{"footnotes":""},"class_list":["post-1437","page","type-page","status-publish","hentry"],"yoast_head":"<!-- This site is optimized with the Yoast SEO plugin v23.5 - https:\/\/yoast.com\/wordpress\/plugins\/seo\/ -->\n<title>D\u00e1rkov\u00e9 poukazy | Medical &amp; Wellness Centrum Harmony<\/title>\n<meta name=\"robots\" content=\"index, follow, max-snippet:-1, max-image-preview:large, max-video-preview:-1\" \/>\n<link rel=\"canonical\" href=\"https:\/\/wellness-kromeriz.cz\/en\/o-nas\/darkove-poukazy\/\" \/>\n<meta property=\"og:locale\" content=\"en_GB\" \/>\n<meta property=\"og:type\" content=\"article\" \/>\n<meta property=\"og:title\" content=\"D\u00e1rkov\u00e9 poukazy | Medical &amp; Wellness Centrum Harmony\" \/>\n<meta property=\"og:url\" content=\"https:\/\/wellness-kromeriz.cz\/en\/o-nas\/darkove-poukazy\/\" \/>\n<meta property=\"og:site_name\" content=\"Medical &amp; Wellness Centrum Harmony\" \/>\n<meta property=\"article:modified_time\" content=\"2023-01-03T09:59:43+00:00\" \/>\n<meta name=\"twitter:card\" content=\"summary_large_image\" \/>\n<meta name=\"twitter:label1\" content=\"Estimated reading time\" \/>\n\t<meta name=\"twitter:data1\" content=\"2 minutes\" \/>\n<script type=\"application\/ld+json\" class=\"yoast-schema-graph\">{\"@context\":\"https:\/\/schema.org\",\"@graph\":[{\"@type\":\"WebPage\",\"@id\":\"https:\/\/wellness-kromeriz.cz\/o-nas\/darkove-poukazy\/\",\"url\":\"https:\/\/wellness-kromeriz.cz\/o-nas\/darkove-poukazy\/\",\"name\":\"D\u00e1rkov\u00e9 poukazy | Medical &amp; Wellness Centrum Harmony\",\"isPartOf\":{\"@id\":\"https:\/\/wellness-kromeriz.cz\/#website\"},\"datePublished\":\"2016-03-25T04:20:48+00:00\",\"dateModified\":\"2023-01-03T09:59:43+00:00\",\"breadcrumb\":{\"@id\":\"https:\/\/wellness-kromeriz.cz\/o-nas\/darkove-poukazy\/#breadcrumb\"},\"inLanguage\":\"en-GB\",\"potentialAction\":[{\"@type\":\"ReadAction\",\"target\":[\"https:\/\/wellness-kromeriz.cz\/o-nas\/darkove-poukazy\/\"]}]},{\"@type\":\"BreadcrumbList\",\"@id\":\"https:\/\/wellness-kromeriz.cz\/o-nas\/darkove-poukazy\/#breadcrumb\",\"itemListElement\":[{\"@type\":\"ListItem\",\"position\":1,\"name\":\"Dom\u016f\",\"item\":\"https:\/\/wellness-kromeriz.cz\/\"},{\"@type\":\"ListItem\",\"position\":2,\"name\":\"Centrum Harmony\",\"item\":\"https:\/\/wellness-kromeriz.cz\/o-nas\/\"},{\"@type\":\"ListItem\",\"position\":3,\"name\":\"D\u00e1rkov\u00e9 poukazy\"}]},{\"@type\":\"WebSite\",\"@id\":\"https:\/\/wellness-kromeriz.cz\/#website\",\"url\":\"https:\/\/wellness-kromeriz.cz\/\",\"name\":\"Medical &amp; Wellness Centrum Harmony\",\"description\":\"Medical &amp; Wellness Centrum Harmony\",\"publisher\":{\"@id\":\"https:\/\/wellness-kromeriz.cz\/#organization\"},\"potentialAction\":[{\"@type\":\"SearchAction\",\"target\":{\"@type\":\"EntryPoint\",\"urlTemplate\":\"https:\/\/wellness-kromeriz.cz\/?s={search_term_string}\"},\"query-input\":{\"@type\":\"PropertyValueSpecification\",\"valueRequired\":true,\"valueName\":\"search_term_string\"}}],\"inLanguage\":\"en-GB\"},{\"@type\":\"Organization\",\"@id\":\"https:\/\/wellness-kromeriz.cz\/#organization\",\"name\":\"Wellness Harmony Krom\u011b\u0159\u00ed\u017e\",\"url\":\"https:\/\/wellness-kromeriz.cz\/\",\"logo\":{\"@type\":\"ImageObject\",\"inLanguage\":\"en-GB\",\"@id\":\"https:\/\/wellness-kromeriz.cz\/#\/schema\/logo\/image\/\",\"url\":\"https:\/\/wellness-kromeriz.cz\/wp-content\/uploads\/2018\/11\/harmony-logo-1.png\",\"contentUrl\":\"https:\/\/wellness-kromeriz.cz\/wp-content\/uploads\/2018\/11\/harmony-logo-1.png\",\"width\":1962,\"height\":505,\"caption\":\"Wellness Harmony Krom\u011b\u0159\u00ed\u017e\"},\"image\":{\"@id\":\"https:\/\/wellness-kromeriz.cz\/#\/schema\/logo\/image\/\"}}]}<\/script>\n<!-- \/ Yoast SEO plugin. -->","yoast_head_json":{"title":"D\u00e1rkov\u00e9 poukazy | Medical &amp; Wellness Centrum Harmony","robots":{"index":"index","follow":"follow","max-snippet":"max-snippet:-1","max-image-preview":"max-image-preview:large","max-video-preview":"max-video-preview:-1"},"canonical":"https:\/\/wellness-kromeriz.cz\/en\/o-nas\/darkove-poukazy\/","og_locale":"en_GB","og_type":"article","og_title":"D\u00e1rkov\u00e9 poukazy | Medical &amp; Wellness Centrum Harmony","og_url":"https:\/\/wellness-kromeriz.cz\/en\/o-nas\/darkove-poukazy\/","og_site_name":"Medical &amp; Wellness Centrum Harmony","article_modified_time":"2023-01-03T09:59:43+00:00","twitter_card":"summary_large_image","twitter_misc":{"Estimated reading time":"2 minutes"},"schema":{"@context":"https:\/\/schema.org","@graph":[{"@type":"WebPage","@id":"https:\/\/wellness-kromeriz.cz\/o-nas\/darkove-poukazy\/","url":"https:\/\/wellness-kromeriz.cz\/o-nas\/darkove-poukazy\/","name":"D\u00e1rkov\u00e9 poukazy | Medical &amp; Wellness Centrum Harmony","isPartOf":{"@id":"https:\/\/wellness-kromeriz.cz\/#website"},"datePublished":"2016-03-25T04:20:48+00:00","dateModified":"2023-01-03T09:59:43+00:00","breadcrumb":{"@id":"https:\/\/wellness-kromeriz.cz\/o-nas\/darkove-poukazy\/#breadcrumb"},"inLanguage":"en-GB","potentialAction":[{"@type":"ReadAction","target":["https:\/\/wellness-kromeriz.cz\/o-nas\/darkove-poukazy\/"]}]},{"@type":"BreadcrumbList","@id":"https:\/\/wellness-kromeriz.cz\/o-nas\/darkove-poukazy\/#breadcrumb","itemListElement":[{"@type":"ListItem","position":1,"name":"Dom\u016f","item":"https:\/\/wellness-kromeriz.cz\/"},{"@type":"ListItem","position":2,"name":"Centrum Harmony","item":"https:\/\/wellness-kromeriz.cz\/o-nas\/"},{"@type":"ListItem","position":3,"name":"D\u00e1rkov\u00e9 poukazy"}]},{"@type":"WebSite","@id":"https:\/\/wellness-kromeriz.cz\/#website","url":"https:\/\/wellness-kromeriz.cz\/","name":"Medical &amp; Wellness Centrum Harmony","description":"Medical &amp; Wellness Centrum Harmony","publisher":{"@id":"https:\/\/wellness-kromeriz.cz\/#organization"},"potentialAction":[{"@type":"SearchAction","target":{"@type":"EntryPoint","urlTemplate":"https:\/\/wellness-kromeriz.cz\/?s={search_term_string}"},"query-input":{"@type":"PropertyValueSpecification","valueRequired":true,"valueName":"search_term_string"}}],"inLanguage":"en-GB"},{"@type":"Organization","@id":"https:\/\/wellness-kromeriz.cz\/#organization","name":"Wellness Harmony Krom\u011b\u0159\u00ed\u017e","url":"https:\/\/wellness-kromeriz.cz\/","logo":{"@type":"ImageObject","inLanguage":"en-GB","@id":"https:\/\/wellness-kromeriz.cz\/#\/schema\/logo\/image\/","url":"https:\/\/wellness-kromeriz.cz\/wp-content\/uploads\/2018\/11\/harmony-logo-1.png","contentUrl":"https:\/\/wellness-kromeriz.cz\/wp-content\/uploads\/2018\/11\/harmony-logo-1.png","width":1962,"height":505,"caption":"Wellness Harmony Krom\u011b\u0159\u00ed\u017e"},"image":{"@id":"https:\/\/wellness-kromeriz.cz\/#\/schema\/logo\/image\/"}}]}},"_links":{"self":[{"href":"https:\/\/wellness-kromeriz.cz\/en\/wp-json\/wp\/v2\/pages\/1437"}],"collection":[{"href":"https:\/\/wellness-kromeriz.cz\/en\/wp-json\/wp\/v2\/pages"}],"about":[{"href":"https:\/\/wellness-kromeriz.cz\/en\/wp-json\/wp\/v2\/types\/page"}],"author":[{"embeddable":true,"href":"https:\/\/wellness-kromeriz.cz\/en\/wp-json\/wp\/v2\/users\/1"}],"replies":[{"embeddable":true,"href":"https:\/\/wellness-kromeriz.cz\/en\/wp-json\/wp\/v2\/comments?post=1437"}],"version-history":[{"count":22,"href":"https:\/\/wellness-kromeriz.cz\/en\/wp-json\/wp\/v2\/pages\/1437\/revisions"}],"predecessor-version":[{"id":4235,"href":"https:\/\/wellness-kromeriz.cz\/en\/wp-json\/wp\/v2\/pages\/1437\/revisions\/4235"}],"up":[{"embeddable":true,"href":"https:\/\/wellness-kromeriz.cz\/en\/wp-json\/wp\/v2\/pages\/304"}],"wp:attachment":[{"href":"https:\/\/wellness-kromeriz.cz\/en\/wp-json\/wp\/v2\/media?parent=1437"}],"curies":[{"name":"wp","href":"https:\/\/api.w.org\/{rel}","templated":true}]}}