{"id":2305,"date":"2018-11-27T15:21:08","date_gmt":"2018-11-27T15:21:08","guid":{"rendered":"https:\/\/wellness-kromeriz.cz\/?page_id=2305"},"modified":"2025-01-03T10:32:07","modified_gmt":"2025-01-03T10:32:07","slug":"bistro-harmony","status":"publish","type":"page","link":"https:\/\/wellness-kromeriz.cz\/en\/bistro-harmony\/","title":{"rendered":"Bistro"},"content":{"rendered":"<div class=\"vc_row wpb_row vc_row-fluid\"><div class=\"wpb_column vc_column_container vc_col-sm-12\"><div class=\"vc_column-inner\"><div class=\"wpb_wrapper\"><div style=\"font-size: 24px;color: #202020;text-align: left\" class=\"vc_custom_heading font-weight-700\" >BISTRO<\/div>\n\t<div class=\"wpb_text_column wpb_content_element\" >\n\t\t<div class=\"wpb_wrapper\">\n\t\t\t<p>Nab\u00edz\u00edme mo\u017enost ob\u010derstven\u00ed nejen pro na\u0161e hotelov\u00e9 hosty a klienty s posezen\u00edm v bistru u recepce nebo na zast\u0159e\u0161en\u00e9 terase.\u00a0V letn\u00edm obdob\u00ed nab\u00edz\u00edme dom\u00e1c\u00ed utopence a nakl\u00e1dan\u00fd hermel\u00edn a po p\u0159edchoz\u00ed domluv\u011b je mo\u017en\u00e9 uva\u0159it cokoliv jin\u00e9ho. <strong>Sn\u00eddan\u011b nab\u00edz\u00edme PO &#8211; P\u00c1 od 7:00 &#8211; 9:00. V\u00edkendy a sv\u00e1tky od 8:00 &#8211; 10:00.<\/strong><\/p>\n\n\t\t<\/div>\n\t<\/div>\n<\/div><\/div><\/div><\/div><div class=\"vc_row wpb_row vc_row-fluid\"><div class=\"wpb_column vc_column_container vc_col-sm-8\"><div class=\"vc_column-inner\"><div class=\"wpb_wrapper\"><div style=\"font-size: 24px;color: #202020;text-align: left\" class=\"vc_custom_heading font-weight-700\" >Fotogalerie recepce a bistra<\/div><div class=\"vc_empty_space\"   style=\"height: 5px\" ><span class=\"vc_empty_space_inner\"><\/span><\/div>\n<div class=\"wpb_gallery wpb_content_element vc_clearfix\" ><div class=\"wpb_wrapper\"><div class=\"wpb_gallery_slides wpb_image_grid\" data-interval=\"3\"><ul class=\"wpb_image_grid_ul\"><li class=\"isotope-item\"><a class=\"prettyphoto\" href=\"https:\/\/wellness-kromeriz.cz\/wp-content\/uploads\/2020\/06\/wellness_harmony_kromeriz_recepce-1-1024x640.jpg\" data-rel=\"prettyPhoto[rel-2305-1748144381]\"><img decoding=\"async\" class=\"\" src=\"https:\/\/wellness-kromeriz.cz\/wp-content\/uploads\/2020\/06\/wellness_harmony_kromeriz_recepce-1-168x168.jpg\" width=\"168\" height=\"168\" alt=\"\" title=\"\" \/><\/a><\/li><li class=\"isotope-item\"><a class=\"prettyphoto\" href=\"https:\/\/wellness-kromeriz.cz\/wp-content\/uploads\/2021\/05\/wellness_harmony_kromeriz_restaurace-1024x640.jpg\" data-rel=\"prettyPhoto[rel-2305-1748144381]\"><img decoding=\"async\" class=\"\" src=\"https:\/\/wellness-kromeriz.cz\/wp-content\/uploads\/2021\/05\/wellness_harmony_kromeriz_restaurace-168x168.jpg\" width=\"168\" height=\"168\" alt=\"\" title=\"\" \/><\/a><\/li><li class=\"isotope-item\"><a class=\"prettyphoto\" href=\"https:\/\/wellness-kromeriz.cz\/wp-content\/uploads\/2020\/06\/wellness_harmony_kromeriz_restaurace_2-1-1024x640.jpg\" data-rel=\"prettyPhoto[rel-2305-1748144381]\"><img decoding=\"async\" class=\"\" src=\"https:\/\/wellness-kromeriz.cz\/wp-content\/uploads\/2020\/06\/wellness_harmony_kromeriz_restaurace_2-1-168x168.jpg\" width=\"168\" height=\"168\" alt=\"\" title=\"\" \/><\/a><\/li><li class=\"isotope-item\"><a class=\"prettyphoto\" href=\"https:\/\/wellness-kromeriz.cz\/wp-content\/uploads\/2020\/06\/wellness_harmony_kromeriz_exterier_terasa_posezeni_4-1024x640.jpg\" data-rel=\"prettyPhoto[rel-2305-1748144381]\"><img decoding=\"async\" class=\"\" src=\"https:\/\/wellness-kromeriz.cz\/wp-content\/uploads\/2020\/06\/wellness_harmony_kromeriz_exterier_terasa_posezeni_4-168x168.jpg\" width=\"168\" height=\"168\" alt=\"\" title=\"\" \/><\/a><\/li><\/ul><\/div><\/div><\/div><\/div><\/div><\/div><div class=\"contact-page-info wpb_column vc_column_container vc_col-sm-4\"><div class=\"vc_column-inner\"><div class=\"wpb_wrapper\"><div class=\"vc_row wpb_row vc_inner vc_row-fluid\"><div class=\"wpb_column vc_column_container vc_col-sm-12\"><div class=\"vc_column-inner vc_custom_1723722012540\"><div class=\"wpb_wrapper\">\n\t<div class=\"wpb_text_column wpb_content_element\" >\n\t\t<div class=\"wpb_wrapper\">\n\t\t\t<ul>\n<li><strong><a href=\"https:\/\/wellness-kromeriz.cz\/wp-content\/uploads\/2022\/07\/TOM-\u00b4S-PIZZA-MENU.pdf\" target=\"_blank\" rel=\"noopener\">TOM \u00b4S PIZZA MENU CZ + EN<\/a><\/strong><\/li>\n<li><a href=\"https:\/\/wellness-kromeriz.cz\/wp-content\/uploads\/2024\/08\/Nabidka-Bistro.pdf\"><strong>Nab\u00eddka BISTRA<\/strong><\/a><\/li>\n<li><strong><a href=\"https:\/\/wellness-kromeriz.cz\/wp-content\/uploads\/2024\/08\/Snidanove-menu.pdf\">Sn\u00edda\u0148ov\u00e9 menu<\/a><\/strong><\/li>\n<\/ul>\n\n\t\t<\/div>\n\t<\/div>\n\n\t<div class=\"wpb_text_column wpb_content_element\" >\n\t\t<div class=\"wpb_wrapper\">\n\t\t\t\n\t\t<\/div>\n\t<\/div>\n<\/div><\/div><\/div><\/div><\/div><\/div><\/div><\/div><div class=\"vc_row wpb_row vc_row-fluid\"><div class=\"wpb_column vc_column_container vc_col-sm-12\"><div class=\"vc_column-inner\"><div class=\"wpb_wrapper\"><div class=\"vc_empty_space\"   style=\"height: 32px\" ><span class=\"vc_empty_space_inner\"><\/span><\/div>\n<\/div><\/div><\/div><\/div><div class=\"vc_row wpb_row vc_row-fluid\"><div class=\"wpb_column vc_column_container vc_col-sm-12\"><div class=\"vc_column-inner\"><div class=\"wpb_wrapper\"><div style=\"font-size: 24px;color: #202020;text-align: left\" class=\"vc_custom_heading font-weight-700\" >Na\u0161e speciality<\/div><div class=\"vc_empty_space\"   style=\"height: 5px\" ><span class=\"vc_empty_space_inner\"><\/span><\/div>\n<div class=\"wpb_gallery wpb_content_element vc_clearfix\" ><div class=\"wpb_wrapper\"><div class=\"wpb_gallery_slides wpb_image_grid\" data-interval=\"3\"><ul class=\"wpb_image_grid_ul\"><li class=\"isotope-item\"><a class=\"prettyphoto\" href=\"https:\/\/wellness-kromeriz.cz\/wp-content\/uploads\/2022\/07\/261516BD-445F-456C-AB63-A99ED899F04F-scaled-1024x768.jpeg\" data-rel=\"prettyPhoto[rel-2305-1088423670]\"><img decoding=\"async\" class=\"\" src=\"https:\/\/wellness-kromeriz.cz\/wp-content\/uploads\/2022\/07\/261516BD-445F-456C-AB63-A99ED899F04F-scaled-283x283.jpeg\" width=\"283\" height=\"283\" alt=\"261516BD-445F-456C-AB63-A99ED899F04F\" title=\"261516BD-445F-456C-AB63-A99ED899F04F\" \/><\/a><\/li><li class=\"isotope-item\"><a class=\"prettyphoto\" href=\"https:\/\/wellness-kromeriz.cz\/wp-content\/uploads\/2022\/07\/19420888-D010-4EC5-AE34-379DFDA0CCFA-scaled-768x1024.jpeg\" data-rel=\"prettyPhoto[rel-2305-1088423670]\"><img decoding=\"async\" class=\"\" src=\"https:\/\/wellness-kromeriz.cz\/wp-content\/uploads\/2022\/07\/19420888-D010-4EC5-AE34-379DFDA0CCFA-scaled-283x283.jpeg\" width=\"283\" height=\"283\" alt=\"19420888-D010-4EC5-AE34-379DFDA0CCFA\" title=\"19420888-D010-4EC5-AE34-379DFDA0CCFA\" \/><\/a><\/li><li class=\"isotope-item\"><a class=\"prettyphoto\" href=\"https:\/\/wellness-kromeriz.cz\/wp-content\/uploads\/2023\/06\/20230523_112404-scaled-768x1024.jpg\" data-rel=\"prettyPhoto[rel-2305-1088423670]\"><img decoding=\"async\" class=\"\" src=\"https:\/\/wellness-kromeriz.cz\/wp-content\/uploads\/2023\/06\/20230523_112404-scaled-283x283.jpg\" width=\"283\" height=\"283\" alt=\"\" title=\"\" \/><\/a><\/li><li class=\"isotope-item\"><a class=\"prettyphoto\" href=\"https:\/\/wellness-kromeriz.cz\/wp-content\/uploads\/2023\/06\/20230523_112554-scaled-614x1024.jpg\" data-rel=\"prettyPhoto[rel-2305-1088423670]\"><img decoding=\"async\" class=\"\" src=\"https:\/\/wellness-kromeriz.cz\/wp-content\/uploads\/2023\/06\/20230523_112554-scaled-283x283.jpg\" width=\"283\" height=\"283\" alt=\"\" title=\"\" \/><\/a><\/li><li class=\"isotope-item\"><a class=\"prettyphoto\" href=\"https:\/\/wellness-kromeriz.cz\/wp-content\/uploads\/2023\/06\/20230523_113226-scaled-660x1024.jpg\" data-rel=\"prettyPhoto[rel-2305-1088423670]\"><img decoding=\"async\" class=\"\" src=\"https:\/\/wellness-kromeriz.cz\/wp-content\/uploads\/2023\/06\/20230523_113226-scaled-283x283.jpg\" width=\"283\" height=\"283\" alt=\"\" title=\"\" \/><\/a><\/li><li class=\"isotope-item\"><a class=\"prettyphoto\" href=\"https:\/\/wellness-kromeriz.cz\/wp-content\/uploads\/2023\/06\/20230523_113917-scaled-561x1024.jpg\" data-rel=\"prettyPhoto[rel-2305-1088423670]\"><img decoding=\"async\" class=\"\" src=\"https:\/\/wellness-kromeriz.cz\/wp-content\/uploads\/2023\/06\/20230523_113917-scaled-283x283.jpg\" width=\"283\" height=\"283\" alt=\"\" title=\"\" \/><\/a><\/li><li class=\"isotope-item\"><a class=\"prettyphoto\" href=\"https:\/\/wellness-kromeriz.cz\/wp-content\/uploads\/2023\/06\/20230524_120401-scaled-582x1024.jpg\" data-rel=\"prettyPhoto[rel-2305-1088423670]\"><img decoding=\"async\" class=\"\" src=\"https:\/\/wellness-kromeriz.cz\/wp-content\/uploads\/2023\/06\/20230524_120401-scaled-283x283.jpg\" width=\"283\" height=\"283\" alt=\"\" title=\"\" \/><\/a><\/li><\/ul><\/div><\/div><\/div><\/div><\/div><\/div><\/div><div class=\"vc_row wpb_row vc_row-fluid\"><div class=\"wpb_column vc_column_container vc_col-sm-12\"><div class=\"vc_column-inner\"><div class=\"wpb_wrapper\"><\/div><\/div><\/div><\/div><div class=\"vc_row wpb_row vc_row-fluid\"><div class=\"wpb_column vc_column_container vc_col-sm-12\"><div class=\"vc_column-inner\"><div class=\"wpb_wrapper\"><div class=\"vc_empty_space\"   style=\"height: 30px\" ><span class=\"vc_empty_space_inner\"><\/span><\/div>\n<\/div><\/div><\/div><\/div><div data-vc-full-width=\"true\" data-vc-full-width-init=\"false\" class=\"vc_row wpb_row vc_row-fluid primary_bgcolor bg-gradient mobile-center vc_custom_1542926494444\"><div class=\"wpb_column vc_column_container vc_col-sm-6\"><div class=\"vc_column-inner\"><div class=\"wpb_wrapper\"><h2 style=\"font-size: 30px;color: #ffffff;line-height: 50px;text-align: left\" class=\"vc_custom_heading font-weight-700\" >CYKLOSTEZKOU POD\u00c9L BA\u0164OVA KAN\u00c1LU<\/h2><\/div><\/div><\/div><div class=\"wpb_column vc_column_container vc_col-sm-6\"><div class=\"vc_column-inner\"><div class=\"wpb_wrapper\">    <div class=\"tm-btn-wrapper\" style=\"text-align: right\">\n        <a\n                class=\"tm-btn-a-type2 tm-btn-a primary_color  button\"\n                href=\"https:\/\/wellness-kromeriz.cz\/en\/cykloturistika\/\"\n                target=\"_self\">\n\t\t\tPL\u00c1NUJI CYKLOV\u00ddLET        <\/a>\n    <\/div>\n<\/div><\/div><\/div><\/div><div class=\"vc_row-full-width vc_clearfix\"><\/div>","protected":false},"excerpt":{"rendered":"BISTRO Nab\u00edz\u00edme mo\u017enost ob\u010derstven\u00ed nejen pro na\u0161e hotelov\u00e9 hosty a klienty s posezen\u00edm v bistru u recepce nebo na zast\u0159e\u0161en\u00e9 terase.\u00a0V letn\u00edm obdob\u00ed nab\u00edz\u00edme dom\u00e1c\u00ed utopence a nakl\u00e1dan\u00fd hermel\u00edn a po p\u0159edchoz\u00ed domluv\u011b je mo\u017en\u00e9 uva\u0159it cokoliv jin\u00e9ho. Sn\u00eddan\u011b nab\u00edz\u00edme PO - P\u00c1 od 7:00 - 9:00. V\u00edkendy a sv\u00e1tky od 8:00 - 10:00. Fotogalerie [...]","protected":false},"author":1,"featured_media":2375,"parent":0,"menu_order":1,"comment_status":"closed","ping_status":"closed","template":"","meta":{"footnotes":""},"class_list":["post-2305","page","type-page","status-publish","has-post-thumbnail","hentry"],"yoast_head":"<!-- This site is optimized with the Yoast SEO plugin v23.5 - https:\/\/yoast.com\/wordpress\/plugins\/seo\/ -->\n<title>Bistro | Medical &amp; Wellness Centrum Harmony<\/title>\n<meta name=\"robots\" content=\"index, follow, max-snippet:-1, max-image-preview:large, max-video-preview:-1\" \/>\n<link rel=\"canonical\" href=\"https:\/\/wellness-kromeriz.cz\/en\/bistro-harmony\/\" \/>\n<meta property=\"og:locale\" content=\"en_GB\" \/>\n<meta property=\"og:type\" content=\"article\" \/>\n<meta property=\"og:title\" content=\"Bistro | Medical &amp; Wellness Centrum Harmony\" \/>\n<meta property=\"og:url\" content=\"https:\/\/wellness-kromeriz.cz\/en\/bistro-harmony\/\" \/>\n<meta property=\"og:site_name\" content=\"Medical &amp; Wellness Centrum Harmony\" \/>\n<meta property=\"article:modified_time\" content=\"2025-01-03T10:32:07+00:00\" \/>\n<meta property=\"og:image\" content=\"https:\/\/wellness-kromeriz.cz\/wp-content\/uploads\/2018\/11\/bistro-1.jpg\" \/>\n\t<meta property=\"og:image:width\" content=\"900\" \/>\n\t<meta property=\"og:image:height\" content=\"600\" \/>\n\t<meta property=\"og:image:type\" content=\"image\/jpeg\" \/>\n<meta name=\"twitter:card\" content=\"summary_large_image\" \/>\n<meta name=\"twitter:label1\" content=\"Estimated reading time\" \/>\n\t<meta name=\"twitter:data1\" content=\"1 minute\" \/>\n<script type=\"application\/ld+json\" class=\"yoast-schema-graph\">{\"@context\":\"https:\/\/schema.org\",\"@graph\":[{\"@type\":\"WebPage\",\"@id\":\"https:\/\/wellness-kromeriz.cz\/bistro-harmony\/\",\"url\":\"https:\/\/wellness-kromeriz.cz\/bistro-harmony\/\",\"name\":\"Bistro | Medical &amp; Wellness Centrum Harmony\",\"isPartOf\":{\"@id\":\"https:\/\/wellness-kromeriz.cz\/#website\"},\"primaryImageOfPage\":{\"@id\":\"https:\/\/wellness-kromeriz.cz\/bistro-harmony\/#primaryimage\"},\"image\":{\"@id\":\"https:\/\/wellness-kromeriz.cz\/bistro-harmony\/#primaryimage\"},\"thumbnailUrl\":\"https:\/\/wellness-kromeriz.cz\/wp-content\/uploads\/2018\/11\/bistro-1.jpg\",\"datePublished\":\"2018-11-27T15:21:08+00:00\",\"dateModified\":\"2025-01-03T10:32:07+00:00\",\"breadcrumb\":{\"@id\":\"https:\/\/wellness-kromeriz.cz\/bistro-harmony\/#breadcrumb\"},\"inLanguage\":\"en-GB\",\"potentialAction\":[{\"@type\":\"ReadAction\",\"target\":[\"https:\/\/wellness-kromeriz.cz\/bistro-harmony\/\"]}]},{\"@type\":\"ImageObject\",\"inLanguage\":\"en-GB\",\"@id\":\"https:\/\/wellness-kromeriz.cz\/bistro-harmony\/#primaryimage\",\"url\":\"https:\/\/wellness-kromeriz.cz\/wp-content\/uploads\/2018\/11\/bistro-1.jpg\",\"contentUrl\":\"https:\/\/wellness-kromeriz.cz\/wp-content\/uploads\/2018\/11\/bistro-1.jpg\",\"width\":900,\"height\":600},{\"@type\":\"BreadcrumbList\",\"@id\":\"https:\/\/wellness-kromeriz.cz\/bistro-harmony\/#breadcrumb\",\"itemListElement\":[{\"@type\":\"ListItem\",\"position\":1,\"name\":\"Dom\u016f\",\"item\":\"https:\/\/wellness-kromeriz.cz\/\"},{\"@type\":\"ListItem\",\"position\":2,\"name\":\"Bistro\"}]},{\"@type\":\"WebSite\",\"@id\":\"https:\/\/wellness-kromeriz.cz\/#website\",\"url\":\"https:\/\/wellness-kromeriz.cz\/\",\"name\":\"Medical &amp; Wellness Centrum Harmony\",\"description\":\"Medical &amp; Wellness Centrum Harmony\",\"publisher\":{\"@id\":\"https:\/\/wellness-kromeriz.cz\/#organization\"},\"potentialAction\":[{\"@type\":\"SearchAction\",\"target\":{\"@type\":\"EntryPoint\",\"urlTemplate\":\"https:\/\/wellness-kromeriz.cz\/?s={search_term_string}\"},\"query-input\":{\"@type\":\"PropertyValueSpecification\",\"valueRequired\":true,\"valueName\":\"search_term_string\"}}],\"inLanguage\":\"en-GB\"},{\"@type\":\"Organization\",\"@id\":\"https:\/\/wellness-kromeriz.cz\/#organization\",\"name\":\"Wellness Harmony Krom\u011b\u0159\u00ed\u017e\",\"url\":\"https:\/\/wellness-kromeriz.cz\/\",\"logo\":{\"@type\":\"ImageObject\",\"inLanguage\":\"en-GB\",\"@id\":\"https:\/\/wellness-kromeriz.cz\/#\/schema\/logo\/image\/\",\"url\":\"https:\/\/wellness-kromeriz.cz\/wp-content\/uploads\/2018\/11\/harmony-logo-1.png\",\"contentUrl\":\"https:\/\/wellness-kromeriz.cz\/wp-content\/uploads\/2018\/11\/harmony-logo-1.png\",\"width\":1962,\"height\":505,\"caption\":\"Wellness Harmony Krom\u011b\u0159\u00ed\u017e\"},\"image\":{\"@id\":\"https:\/\/wellness-kromeriz.cz\/#\/schema\/logo\/image\/\"}}]}<\/script>\n<!-- \/ Yoast SEO plugin. -->","yoast_head_json":{"title":"Bistro | Medical &amp; Wellness Centrum Harmony","robots":{"index":"index","follow":"follow","max-snippet":"max-snippet:-1","max-image-preview":"max-image-preview:large","max-video-preview":"max-video-preview:-1"},"canonical":"https:\/\/wellness-kromeriz.cz\/en\/bistro-harmony\/","og_locale":"en_GB","og_type":"article","og_title":"Bistro | Medical &amp; Wellness Centrum Harmony","og_url":"https:\/\/wellness-kromeriz.cz\/en\/bistro-harmony\/","og_site_name":"Medical &amp; Wellness Centrum Harmony","article_modified_time":"2025-01-03T10:32:07+00:00","og_image":[{"width":900,"height":600,"url":"https:\/\/wellness-kromeriz.cz\/wp-content\/uploads\/2018\/11\/bistro-1.jpg","type":"image\/jpeg"}],"twitter_card":"summary_large_image","twitter_misc":{"Estimated reading time":"1 minute"},"schema":{"@context":"https:\/\/schema.org","@graph":[{"@type":"WebPage","@id":"https:\/\/wellness-kromeriz.cz\/bistro-harmony\/","url":"https:\/\/wellness-kromeriz.cz\/bistro-harmony\/","name":"Bistro | Medical &amp; Wellness Centrum Harmony","isPartOf":{"@id":"https:\/\/wellness-kromeriz.cz\/#website"},"primaryImageOfPage":{"@id":"https:\/\/wellness-kromeriz.cz\/bistro-harmony\/#primaryimage"},"image":{"@id":"https:\/\/wellness-kromeriz.cz\/bistro-harmony\/#primaryimage"},"thumbnailUrl":"https:\/\/wellness-kromeriz.cz\/wp-content\/uploads\/2018\/11\/bistro-1.jpg","datePublished":"2018-11-27T15:21:08+00:00","dateModified":"2025-01-03T10:32:07+00:00","breadcrumb":{"@id":"https:\/\/wellness-kromeriz.cz\/bistro-harmony\/#breadcrumb"},"inLanguage":"en-GB","potentialAction":[{"@type":"ReadAction","target":["https:\/\/wellness-kromeriz.cz\/bistro-harmony\/"]}]},{"@type":"ImageObject","inLanguage":"en-GB","@id":"https:\/\/wellness-kromeriz.cz\/bistro-harmony\/#primaryimage","url":"https:\/\/wellness-kromeriz.cz\/wp-content\/uploads\/2018\/11\/bistro-1.jpg","contentUrl":"https:\/\/wellness-kromeriz.cz\/wp-content\/uploads\/2018\/11\/bistro-1.jpg","width":900,"height":600},{"@type":"BreadcrumbList","@id":"https:\/\/wellness-kromeriz.cz\/bistro-harmony\/#breadcrumb","itemListElement":[{"@type":"ListItem","position":1,"name":"Dom\u016f","item":"https:\/\/wellness-kromeriz.cz\/"},{"@type":"ListItem","position":2,"name":"Bistro"}]},{"@type":"WebSite","@id":"https:\/\/wellness-kromeriz.cz\/#website","url":"https:\/\/wellness-kromeriz.cz\/","name":"Medical &amp; Wellness Centrum Harmony","description":"Medical &amp; Wellness Centrum Harmony","publisher":{"@id":"https:\/\/wellness-kromeriz.cz\/#organization"},"potentialAction":[{"@type":"SearchAction","target":{"@type":"EntryPoint","urlTemplate":"https:\/\/wellness-kromeriz.cz\/?s={search_term_string}"},"query-input":{"@type":"PropertyValueSpecification","valueRequired":true,"valueName":"search_term_string"}}],"inLanguage":"en-GB"},{"@type":"Organization","@id":"https:\/\/wellness-kromeriz.cz\/#organization","name":"Wellness Harmony Krom\u011b\u0159\u00ed\u017e","url":"https:\/\/wellness-kromeriz.cz\/","logo":{"@type":"ImageObject","inLanguage":"en-GB","@id":"https:\/\/wellness-kromeriz.cz\/#\/schema\/logo\/image\/","url":"https:\/\/wellness-kromeriz.cz\/wp-content\/uploads\/2018\/11\/harmony-logo-1.png","contentUrl":"https:\/\/wellness-kromeriz.cz\/wp-content\/uploads\/2018\/11\/harmony-logo-1.png","width":1962,"height":505,"caption":"Wellness Harmony Krom\u011b\u0159\u00ed\u017e"},"image":{"@id":"https:\/\/wellness-kromeriz.cz\/#\/schema\/logo\/image\/"}}]}},"_links":{"self":[{"href":"https:\/\/wellness-kromeriz.cz\/en\/wp-json\/wp\/v2\/pages\/2305"}],"collection":[{"href":"https:\/\/wellness-kromeriz.cz\/en\/wp-json\/wp\/v2\/pages"}],"about":[{"href":"https:\/\/wellness-kromeriz.cz\/en\/wp-json\/wp\/v2\/types\/page"}],"author":[{"embeddable":true,"href":"https:\/\/wellness-kromeriz.cz\/en\/wp-json\/wp\/v2\/users\/1"}],"replies":[{"embeddable":true,"href":"https:\/\/wellness-kromeriz.cz\/en\/wp-json\/wp\/v2\/comments?post=2305"}],"version-history":[{"count":96,"href":"https:\/\/wellness-kromeriz.cz\/en\/wp-json\/wp\/v2\/pages\/2305\/revisions"}],"predecessor-version":[{"id":4615,"href":"https:\/\/wellness-kromeriz.cz\/en\/wp-json\/wp\/v2\/pages\/2305\/revisions\/4615"}],"wp:featuredmedia":[{"embeddable":true,"href":"https:\/\/wellness-kromeriz.cz\/en\/wp-json\/wp\/v2\/media\/2375"}],"wp:attachment":[{"href":"https:\/\/wellness-kromeriz.cz\/en\/wp-json\/wp\/v2\/media?parent=2305"}],"curies":[{"name":"wp","href":"https:\/\/api.w.org\/{rel}","templated":true}]}}