{"id":2306,"date":"2018-11-27T15:21:08","date_gmt":"2018-11-27T15:21:08","guid":{"rendered":"https:\/\/wellness-kromeriz.cz\/?page_id=2306"},"modified":"2025-01-03T10:00:16","modified_gmt":"2025-01-03T10:00:16","slug":"kadernictvi","status":"publish","type":"page","link":"https:\/\/wellness-kromeriz.cz\/en\/kadernictvi\/","title":{"rendered":"Kade\u0159nictv\u00ed"},"content":{"rendered":"<div class=\"vc_row wpb_row vc_row-fluid\"><div class=\"wpb_column vc_column_container vc_col-sm-12\"><div class=\"vc_column-inner\"><div class=\"wpb_wrapper\"><div style=\"font-size: 24px;color: #202020;text-align: left\" class=\"vc_custom_heading font-weight-700\" >SAL\u00d3N KR\u00c1SY HERHAIR ZBY\u0160EK NE\u010cEKAL<\/div>\n\t<div class=\"wpb_text_column wpb_content_element\" >\n\t\t<div class=\"wpb_wrapper\">\n\t\t\t<p>Luxusn\u00ed kade\u0159nick\u00fd sal\u00f3n &#8211; kompletn\u00ed kade\u0159nick\u00e9 slu\u017eby, pohodl\u00ed, komfort a pr\u00e1ce s t\u011bmi nejkvalitn\u011bj\u0161\u00edmi vlasov\u00fdmi produkty.<\/p>\n<p>Pravideln\u00e1 \u00fa\u010dast na profesion\u00e1ln\u00edch \u0161kolen\u00edch v tuzemsku i v zahrani\u010d\u00ed. Nab\u00eddka nejnov\u011bj\u0161\u00edch trend\u016f v oblasti barven\u00ed, d\u00e1msk\u00fdch a p\u00e1nsk\u00fdch st\u0159ih\u016f, vytvo\u0159en\u00ed svatebn\u00edch a spole\u010densk\u00fdch\u00a0\u00fa\u010des\u016f. Kompletn\u00ed p\u00e9\u010de o v\u00e1\u0161 nov\u00fd vzhled a poradenstv\u00ed v oblasti image.<br \/>\nProhl\u00e9dn\u011bte si\u00a0<a href=\"http:\/\/www.zbyseknecekal.cz\/fotogalerie\/\" target=\"_blank\" rel=\"noopener\">fotogalerii \u00fa\u010des\u016f<\/a>.<\/p>\n<h3>Pou\u017e\u00edvan\u00e1 vlasov\u00e1 kosmetika: <strong>ALCINA, MARIA NILA, PAUL MITCHELL, OLAPLEX, ARTISTIQUE, PULP PRIOT.<\/strong><\/h3>\n\n\t\t<\/div>\n\t<\/div>\n<\/div><\/div><\/div><\/div><div class=\"vc_row wpb_row vc_row-fluid vc_custom_1645552050559\"><div class=\"contact-page-info wpb_column vc_column_container vc_col-sm-12\"><div class=\"vc_column-inner\"><div class=\"wpb_wrapper\"><div class=\"vc_row wpb_row vc_inner vc_row-fluid\"><div class=\"tm-getconnected wpb_column vc_column_container vc_col-sm-6\"><div class=\"vc_column-inner vc_custom_1645562037245\"><div class=\"wpb_wrapper\"><h3 style=\"font-size: 22px;color: #444444;text-align: left\" class=\"vc_custom_heading heading-left-grey font-weight-700\" >Kontakt<\/h3>\n\t<div class=\"wpb_text_column wpb_content_element\" >\n\t\t<div class=\"wpb_wrapper\">\n\t\t\t<p>Salon HerHair Zby\u0161ek Ne\u010dekal<br \/>\n(Medical &amp; Wellness Harmony, 1.patro)<br \/>\nI\u010cO: 87298252<br \/>\nTel: +420 724 742 718<br \/>\nE-mail:\u00a0<strong><a href=\"mailto:zbyseknecekal@gmail.com\">zbyseknecekal@gmail.com<\/a><\/strong><br \/>\nWeb:\u00a0<strong><a href=\"http:\/\/www.zbyseknecekal.cz\/\">www.zbyseknecekal.cz<\/a><\/strong><\/p>\n\n\t\t<\/div>\n\t<\/div>\n<\/div><\/div><\/div><div class=\"wpb_column vc_column_container vc_col-sm-6\"><div class=\"vc_column-inner\"><div class=\"wpb_wrapper\"><h3 style=\"font-size: 22px;color: #444444;text-align: left\" class=\"vc_custom_heading heading-left-grey font-weight-700 vc_custom_1661761564905\" >Otev\u00edrac\u00ed doba<\/h3>\n\t<div class=\"wpb_text_column wpb_content_element\" >\n\t\t<div class=\"wpb_wrapper\">\n\t\t\t<p>PO\u2013P\u00c1 8:30\u201318:00<br \/>\nSO dle objedn\u00e1vek<\/p>\n\n\t\t<\/div>\n\t<\/div>\n<\/div><\/div><\/div><\/div><\/div><\/div><\/div><\/div><div class=\"vc_row wpb_row vc_row-fluid\"><div class=\"wpb_column vc_column_container vc_col-sm-12\"><div class=\"vc_column-inner\"><div class=\"wpb_wrapper\"><div class=\"vc_empty_space\"   style=\"height: 30px\" ><span class=\"vc_empty_space_inner\"><\/span><\/div>\n<\/div><\/div><\/div><\/div><div class=\"vc_row wpb_row vc_row-fluid\"><div class=\"wpb_column vc_column_container vc_col-sm-12\"><div class=\"vc_column-inner\"><div class=\"wpb_wrapper\"><div class=\"wpb_gallery wpb_content_element vc_clearfix\" ><div class=\"wpb_wrapper\"><div class=\"wpb_gallery_slides wpb_image_grid\" data-interval=\"3\"><ul class=\"wpb_image_grid_ul\"><li class=\"isotope-item\"><a class=\"prettyphoto\" href=\"https:\/\/wellness-kromeriz.cz\/wp-content\/uploads\/2018\/11\/kadernictvi1.jpg\" data-rel=\"prettyPhoto[rel-2306-608329573]\"><img decoding=\"async\" class=\"\" src=\"https:\/\/wellness-kromeriz.cz\/wp-content\/uploads\/2018\/11\/kadernictvi1-550x300.jpg\" width=\"550\" height=\"300\" alt=\"\" title=\"\" \/><\/a><\/li><li class=\"isotope-item\"><a class=\"prettyphoto\" href=\"https:\/\/wellness-kromeriz.cz\/wp-content\/uploads\/2018\/11\/kadernictvi3.jpg\" data-rel=\"prettyPhoto[rel-2306-608329573]\"><img decoding=\"async\" class=\"\" src=\"https:\/\/wellness-kromeriz.cz\/wp-content\/uploads\/2018\/11\/kadernictvi3-550x300.jpg\" width=\"550\" height=\"300\" alt=\"\" title=\"\" \/><\/a><\/li><li class=\"isotope-item\"><a class=\"prettyphoto\" href=\"https:\/\/wellness-kromeriz.cz\/wp-content\/uploads\/2018\/11\/kadernictvi2.jpg\" data-rel=\"prettyPhoto[rel-2306-608329573]\"><img decoding=\"async\" class=\"\" src=\"https:\/\/wellness-kromeriz.cz\/wp-content\/uploads\/2018\/11\/kadernictvi2-550x300.jpg\" width=\"550\" height=\"300\" alt=\"\" title=\"\" \/><\/a><\/li><\/ul><\/div><\/div><\/div><\/div><\/div><\/div><\/div><div class=\"vc_row wpb_row vc_row-fluid\"><div class=\"wpb_column vc_column_container vc_col-sm-12\"><div class=\"vc_column-inner\"><div class=\"wpb_wrapper\"><div class=\"vc_empty_space\"   style=\"height: 20px\" ><span class=\"vc_empty_space_inner\"><\/span><\/div>\n<\/div><\/div><\/div><\/div>","protected":false},"excerpt":{"rendered":"SAL\u00d3N KR\u00c1SY HERHAIR ZBY\u0160EK NE\u010cEKAL Luxusn\u00ed kade\u0159nick\u00fd sal\u00f3n - kompletn\u00ed kade\u0159nick\u00e9 slu\u017eby, pohodl\u00ed, komfort a pr\u00e1ce s t\u011bmi nejkvalitn\u011bj\u0161\u00edmi vlasov\u00fdmi produkty. Pravideln\u00e1 \u00fa\u010dast na profesion\u00e1ln\u00edch \u0161kolen\u00edch v tuzemsku i v zahrani\u010d\u00ed. Nab\u00eddka nejnov\u011bj\u0161\u00edch trend\u016f v oblasti barven\u00ed, d\u00e1msk\u00fdch a p\u00e1nsk\u00fdch st\u0159ih\u016f, vytvo\u0159en\u00ed svatebn\u00edch a spole\u010densk\u00fdch\u00a0\u00fa\u010des\u016f. Kompletn\u00ed p\u00e9\u010de o v\u00e1\u0161 nov\u00fd vzhled a poradenstv\u00ed v oblasti [...]","protected":false},"author":1,"featured_media":2376,"parent":0,"menu_order":2,"comment_status":"closed","ping_status":"closed","template":"","meta":{"footnotes":""},"class_list":["post-2306","page","type-page","status-publish","has-post-thumbnail","hentry"],"yoast_head":"<!-- This site is optimized with the Yoast SEO plugin v23.5 - https:\/\/yoast.com\/wordpress\/plugins\/seo\/ -->\n<title>Kade\u0159nictv\u00ed | Medical &amp; Wellness Centrum Harmony<\/title>\n<meta name=\"robots\" content=\"index, follow, max-snippet:-1, max-image-preview:large, max-video-preview:-1\" \/>\n<link rel=\"canonical\" href=\"https:\/\/wellness-kromeriz.cz\/en\/kadernictvi\/\" \/>\n<meta property=\"og:locale\" content=\"en_GB\" \/>\n<meta property=\"og:type\" content=\"article\" \/>\n<meta property=\"og:title\" content=\"Kade\u0159nictv\u00ed | Medical &amp; Wellness Centrum Harmony\" \/>\n<meta property=\"og:url\" content=\"https:\/\/wellness-kromeriz.cz\/en\/kadernictvi\/\" \/>\n<meta property=\"og:site_name\" content=\"Medical &amp; Wellness Centrum Harmony\" \/>\n<meta property=\"article:modified_time\" content=\"2025-01-03T10:00:16+00:00\" \/>\n<meta property=\"og:image\" content=\"https:\/\/wellness-kromeriz.cz\/wp-content\/uploads\/2018\/11\/kadernictvi.jpg\" \/>\n\t<meta property=\"og:image:width\" content=\"900\" \/>\n\t<meta property=\"og:image:height\" content=\"600\" \/>\n\t<meta property=\"og:image:type\" content=\"image\/jpeg\" \/>\n<meta name=\"twitter:card\" content=\"summary_large_image\" \/>\n<meta name=\"twitter:label1\" content=\"Estimated reading time\" \/>\n\t<meta name=\"twitter:data1\" content=\"1 minute\" \/>\n<script type=\"application\/ld+json\" class=\"yoast-schema-graph\">{\"@context\":\"https:\/\/schema.org\",\"@graph\":[{\"@type\":\"WebPage\",\"@id\":\"https:\/\/wellness-kromeriz.cz\/kadernictvi\/\",\"url\":\"https:\/\/wellness-kromeriz.cz\/kadernictvi\/\",\"name\":\"Kade\u0159nictv\u00ed | Medical &amp; Wellness Centrum Harmony\",\"isPartOf\":{\"@id\":\"https:\/\/wellness-kromeriz.cz\/#website\"},\"primaryImageOfPage\":{\"@id\":\"https:\/\/wellness-kromeriz.cz\/kadernictvi\/#primaryimage\"},\"image\":{\"@id\":\"https:\/\/wellness-kromeriz.cz\/kadernictvi\/#primaryimage\"},\"thumbnailUrl\":\"https:\/\/wellness-kromeriz.cz\/wp-content\/uploads\/2018\/11\/kadernictvi.jpg\",\"datePublished\":\"2018-11-27T15:21:08+00:00\",\"dateModified\":\"2025-01-03T10:00:16+00:00\",\"breadcrumb\":{\"@id\":\"https:\/\/wellness-kromeriz.cz\/kadernictvi\/#breadcrumb\"},\"inLanguage\":\"en-GB\",\"potentialAction\":[{\"@type\":\"ReadAction\",\"target\":[\"https:\/\/wellness-kromeriz.cz\/kadernictvi\/\"]}]},{\"@type\":\"ImageObject\",\"inLanguage\":\"en-GB\",\"@id\":\"https:\/\/wellness-kromeriz.cz\/kadernictvi\/#primaryimage\",\"url\":\"https:\/\/wellness-kromeriz.cz\/wp-content\/uploads\/2018\/11\/kadernictvi.jpg\",\"contentUrl\":\"https:\/\/wellness-kromeriz.cz\/wp-content\/uploads\/2018\/11\/kadernictvi.jpg\",\"width\":900,\"height\":600},{\"@type\":\"BreadcrumbList\",\"@id\":\"https:\/\/wellness-kromeriz.cz\/kadernictvi\/#breadcrumb\",\"itemListElement\":[{\"@type\":\"ListItem\",\"position\":1,\"name\":\"Dom\u016f\",\"item\":\"https:\/\/wellness-kromeriz.cz\/\"},{\"@type\":\"ListItem\",\"position\":2,\"name\":\"Kade\u0159nictv\u00ed\"}]},{\"@type\":\"WebSite\",\"@id\":\"https:\/\/wellness-kromeriz.cz\/#website\",\"url\":\"https:\/\/wellness-kromeriz.cz\/\",\"name\":\"Medical &amp; Wellness Centrum Harmony\",\"description\":\"Medical &amp; Wellness Centrum Harmony\",\"publisher\":{\"@id\":\"https:\/\/wellness-kromeriz.cz\/#organization\"},\"potentialAction\":[{\"@type\":\"SearchAction\",\"target\":{\"@type\":\"EntryPoint\",\"urlTemplate\":\"https:\/\/wellness-kromeriz.cz\/?s={search_term_string}\"},\"query-input\":{\"@type\":\"PropertyValueSpecification\",\"valueRequired\":true,\"valueName\":\"search_term_string\"}}],\"inLanguage\":\"en-GB\"},{\"@type\":\"Organization\",\"@id\":\"https:\/\/wellness-kromeriz.cz\/#organization\",\"name\":\"Wellness Harmony Krom\u011b\u0159\u00ed\u017e\",\"url\":\"https:\/\/wellness-kromeriz.cz\/\",\"logo\":{\"@type\":\"ImageObject\",\"inLanguage\":\"en-GB\",\"@id\":\"https:\/\/wellness-kromeriz.cz\/#\/schema\/logo\/image\/\",\"url\":\"https:\/\/wellness-kromeriz.cz\/wp-content\/uploads\/2018\/11\/harmony-logo-1.png\",\"contentUrl\":\"https:\/\/wellness-kromeriz.cz\/wp-content\/uploads\/2018\/11\/harmony-logo-1.png\",\"width\":1962,\"height\":505,\"caption\":\"Wellness Harmony Krom\u011b\u0159\u00ed\u017e\"},\"image\":{\"@id\":\"https:\/\/wellness-kromeriz.cz\/#\/schema\/logo\/image\/\"}}]}<\/script>\n<!-- \/ Yoast SEO plugin. -->","yoast_head_json":{"title":"Kade\u0159nictv\u00ed | Medical &amp; Wellness Centrum Harmony","robots":{"index":"index","follow":"follow","max-snippet":"max-snippet:-1","max-image-preview":"max-image-preview:large","max-video-preview":"max-video-preview:-1"},"canonical":"https:\/\/wellness-kromeriz.cz\/en\/kadernictvi\/","og_locale":"en_GB","og_type":"article","og_title":"Kade\u0159nictv\u00ed | Medical &amp; Wellness Centrum Harmony","og_url":"https:\/\/wellness-kromeriz.cz\/en\/kadernictvi\/","og_site_name":"Medical &amp; Wellness Centrum Harmony","article_modified_time":"2025-01-03T10:00:16+00:00","og_image":[{"width":900,"height":600,"url":"https:\/\/wellness-kromeriz.cz\/wp-content\/uploads\/2018\/11\/kadernictvi.jpg","type":"image\/jpeg"}],"twitter_card":"summary_large_image","twitter_misc":{"Estimated reading time":"1 minute"},"schema":{"@context":"https:\/\/schema.org","@graph":[{"@type":"WebPage","@id":"https:\/\/wellness-kromeriz.cz\/kadernictvi\/","url":"https:\/\/wellness-kromeriz.cz\/kadernictvi\/","name":"Kade\u0159nictv\u00ed | Medical &amp; Wellness Centrum Harmony","isPartOf":{"@id":"https:\/\/wellness-kromeriz.cz\/#website"},"primaryImageOfPage":{"@id":"https:\/\/wellness-kromeriz.cz\/kadernictvi\/#primaryimage"},"image":{"@id":"https:\/\/wellness-kromeriz.cz\/kadernictvi\/#primaryimage"},"thumbnailUrl":"https:\/\/wellness-kromeriz.cz\/wp-content\/uploads\/2018\/11\/kadernictvi.jpg","datePublished":"2018-11-27T15:21:08+00:00","dateModified":"2025-01-03T10:00:16+00:00","breadcrumb":{"@id":"https:\/\/wellness-kromeriz.cz\/kadernictvi\/#breadcrumb"},"inLanguage":"en-GB","potentialAction":[{"@type":"ReadAction","target":["https:\/\/wellness-kromeriz.cz\/kadernictvi\/"]}]},{"@type":"ImageObject","inLanguage":"en-GB","@id":"https:\/\/wellness-kromeriz.cz\/kadernictvi\/#primaryimage","url":"https:\/\/wellness-kromeriz.cz\/wp-content\/uploads\/2018\/11\/kadernictvi.jpg","contentUrl":"https:\/\/wellness-kromeriz.cz\/wp-content\/uploads\/2018\/11\/kadernictvi.jpg","width":900,"height":600},{"@type":"BreadcrumbList","@id":"https:\/\/wellness-kromeriz.cz\/kadernictvi\/#breadcrumb","itemListElement":[{"@type":"ListItem","position":1,"name":"Dom\u016f","item":"https:\/\/wellness-kromeriz.cz\/"},{"@type":"ListItem","position":2,"name":"Kade\u0159nictv\u00ed"}]},{"@type":"WebSite","@id":"https:\/\/wellness-kromeriz.cz\/#website","url":"https:\/\/wellness-kromeriz.cz\/","name":"Medical &amp; Wellness Centrum Harmony","description":"Medical &amp; Wellness Centrum Harmony","publisher":{"@id":"https:\/\/wellness-kromeriz.cz\/#organization"},"potentialAction":[{"@type":"SearchAction","target":{"@type":"EntryPoint","urlTemplate":"https:\/\/wellness-kromeriz.cz\/?s={search_term_string}"},"query-input":{"@type":"PropertyValueSpecification","valueRequired":true,"valueName":"search_term_string"}}],"inLanguage":"en-GB"},{"@type":"Organization","@id":"https:\/\/wellness-kromeriz.cz\/#organization","name":"Wellness Harmony Krom\u011b\u0159\u00ed\u017e","url":"https:\/\/wellness-kromeriz.cz\/","logo":{"@type":"ImageObject","inLanguage":"en-GB","@id":"https:\/\/wellness-kromeriz.cz\/#\/schema\/logo\/image\/","url":"https:\/\/wellness-kromeriz.cz\/wp-content\/uploads\/2018\/11\/harmony-logo-1.png","contentUrl":"https:\/\/wellness-kromeriz.cz\/wp-content\/uploads\/2018\/11\/harmony-logo-1.png","width":1962,"height":505,"caption":"Wellness Harmony Krom\u011b\u0159\u00ed\u017e"},"image":{"@id":"https:\/\/wellness-kromeriz.cz\/#\/schema\/logo\/image\/"}}]}},"_links":{"self":[{"href":"https:\/\/wellness-kromeriz.cz\/en\/wp-json\/wp\/v2\/pages\/2306"}],"collection":[{"href":"https:\/\/wellness-kromeriz.cz\/en\/wp-json\/wp\/v2\/pages"}],"about":[{"href":"https:\/\/wellness-kromeriz.cz\/en\/wp-json\/wp\/v2\/types\/page"}],"author":[{"embeddable":true,"href":"https:\/\/wellness-kromeriz.cz\/en\/wp-json\/wp\/v2\/users\/1"}],"replies":[{"embeddable":true,"href":"https:\/\/wellness-kromeriz.cz\/en\/wp-json\/wp\/v2\/comments?post=2306"}],"version-history":[{"count":41,"href":"https:\/\/wellness-kromeriz.cz\/en\/wp-json\/wp\/v2\/pages\/2306\/revisions"}],"predecessor-version":[{"id":4558,"href":"https:\/\/wellness-kromeriz.cz\/en\/wp-json\/wp\/v2\/pages\/2306\/revisions\/4558"}],"wp:featuredmedia":[{"embeddable":true,"href":"https:\/\/wellness-kromeriz.cz\/en\/wp-json\/wp\/v2\/media\/2376"}],"wp:attachment":[{"href":"https:\/\/wellness-kromeriz.cz\/en\/wp-json\/wp\/v2\/media?parent=2306"}],"curies":[{"name":"wp","href":"https:\/\/api.w.org\/{rel}","templated":true}]}}