{"id":2319,"date":"2018-11-27T15:27:27","date_gmt":"2018-11-27T15:27:27","guid":{"rendered":"https:\/\/wellness-kromeriz.cz\/?page_id=2319"},"modified":"2025-01-03T10:35:42","modified_gmt":"2025-01-03T10:35:42","slug":"kryoterapie","status":"publish","type":"page","link":"https:\/\/wellness-kromeriz.cz\/en\/kryoterapie\/","title":{"rendered":"Kryoterapie"},"content":{"rendered":"<div class=\"vc_row wpb_row vc_row-fluid\"><div class=\"wpb_column vc_column_container vc_col-sm-12\"><div class=\"vc_column-inner\"><div class=\"wpb_wrapper\"><div style=\"font-size: 24px;color: #202020;text-align: left\" class=\"vc_custom_heading font-weight-700\" >KRYOTERAPIE<\/div><\/div><\/div><\/div><\/div><div class=\"vc_row wpb_row vc_row-fluid\"><div class=\"wpb_column vc_column_container vc_col-sm-12\"><div class=\"vc_column-inner\"><div class=\"wpb_wrapper\">\n\t<div class=\"wpb_text_column wpb_content_element\" >\n\t\t<div class=\"wpb_wrapper\">\n\t\t\t<p>Kryoterapie je forma rehabilitace pomoc\u00ed tepeln\u00e9 terapie, kter\u00e1 je vyu\u017e\u00edv\u00e1na p\u0159edev\u0161\u00edm po opera\u010dn\u00edch z\u00e1kroc\u00edch, p\u0159i otoc\u00edch, zran\u011bn\u00edch, podvrtnut\u00ed, pohmo\u017ed\u011bn\u00ed apod. P\u0159i l\u00e9\u010db\u011b vyu\u017e\u00edv\u00e1me nejmodern\u011bj\u0161\u00ed p\u0159\u00edstroj ZAMAR, kter\u00fd je novinkou v t\u00e9to oblasti.<\/p>\n<p>Tento p\u0159\u00edstroj funguje na b\u00e1zi kombinovan\u00e9 tepeln\u00e9 terapie a to bu\u010f oh\u0159\u00edv\u00e1n\u00edm, ochlazov\u00e1n\u00edm anebo kombinac\u00ed teplot na posti\u017een\u00e9m m\u00edst\u011b s m\u00edrnou mas\u00e1\u017e\u00ed s nastavitelnou intenzitou. Rozmez\u00ed nastaven\u00ed teplot je mo\u017en\u00e9 od 0 a\u017e do 42 stup\u0148\u016f celsia.<\/p>\n\n\t\t<\/div>\n\t<\/div>\n<\/div><\/div><\/div><\/div><div class=\"vc_row wpb_row vc_row-fluid\"><div class=\"contact-page-info wpb_column vc_column_container vc_col-sm-12\"><div class=\"vc_column-inner\"><div class=\"wpb_wrapper\"><div class=\"vc_row wpb_row vc_inner vc_row-fluid\"><div class=\"tm-getconnected wpb_column vc_column_container vc_col-sm-6\"><div class=\"vc_column-inner vc_custom_1645563123173\"><div class=\"wpb_wrapper\"><h3 style=\"font-size: 22px;color: #444444;text-align: left\" class=\"vc_custom_heading heading-left-grey font-weight-700\" >Objedn\u00e1vky<\/h3>\n\t<div class=\"wpb_text_column wpb_content_element\" >\n\t\t<div class=\"wpb_wrapper\">\n\t\t\t<p>+420 739 748 372<\/p>\n\n\t\t<\/div>\n\t<\/div>\n<\/div><\/div><\/div><div class=\"wpb_column vc_column_container vc_col-sm-6\"><div class=\"vc_column-inner\"><div class=\"wpb_wrapper\"><\/div><\/div><\/div><\/div><\/div><\/div><\/div><\/div><div class=\"vc_row wpb_row vc_row-fluid\"><div class=\"wpb_column vc_column_container vc_col-sm-12\"><div class=\"vc_column-inner\"><div class=\"wpb_wrapper\"><div class=\"vc_empty_space\"   style=\"height: 30px\" ><span class=\"vc_empty_space_inner\"><\/span><\/div>\n<\/div><\/div><\/div><\/div><div class=\"vc_row wpb_row vc_row-fluid\"><div class=\"wpb_column vc_column_container vc_col-sm-12\"><div class=\"vc_column-inner\"><div class=\"wpb_wrapper\"><div class=\"wpb_gallery wpb_content_element vc_clearfix\" ><div class=\"wpb_wrapper\"><div class=\"wpb_gallery_slides wpb_image_grid\" data-interval=\"3\"><ul class=\"wpb_image_grid_ul\"><li class=\"isotope-item\"><a class=\"prettyphoto\" href=\"https:\/\/wellness-kromeriz.cz\/wp-content\/uploads\/2018\/11\/kryoterapie-1024x1015.jpg\" data-rel=\"prettyPhoto[rel-2319-1817724577]\"><img decoding=\"async\" class=\"\" src=\"https:\/\/wellness-kromeriz.cz\/wp-content\/uploads\/2018\/11\/kryoterapie-550x300.jpg\" width=\"550\" height=\"300\" alt=\"kryoterapie\" title=\"kryoterapie\" \/><\/a><\/li><\/ul><\/div><\/div><\/div><\/div><\/div><\/div><\/div><div class=\"vc_row wpb_row vc_row-fluid\"><div class=\"wpb_column vc_column_container vc_col-sm-12\"><div class=\"vc_column-inner\"><div class=\"wpb_wrapper\"><div class=\"vc_empty_space\"   style=\"height: 20px\" ><span class=\"vc_empty_space_inner\"><\/span><\/div>\n<\/div><\/div><\/div><\/div>","protected":false},"excerpt":{"rendered":"KRYOTERAPIE Kryoterapie je forma rehabilitace pomoc\u00ed tepeln\u00e9 terapie, kter\u00e1 je vyu\u017e\u00edv\u00e1na p\u0159edev\u0161\u00edm po opera\u010dn\u00edch z\u00e1kroc\u00edch, p\u0159i otoc\u00edch, zran\u011bn\u00edch, podvrtnut\u00ed, pohmo\u017ed\u011bn\u00ed apod. P\u0159i l\u00e9\u010db\u011b vyu\u017e\u00edv\u00e1me nejmodern\u011bj\u0161\u00ed p\u0159\u00edstroj ZAMAR, kter\u00fd je novinkou v t\u00e9to oblasti. Tento p\u0159\u00edstroj funguje na b\u00e1zi kombinovan\u00e9 tepeln\u00e9 terapie a to bu\u010f oh\u0159\u00edv\u00e1n\u00edm, ochlazov\u00e1n\u00edm anebo kombinac\u00ed teplot na posti\u017een\u00e9m m\u00edst\u011b s m\u00edrnou mas\u00e1\u017e\u00ed [...]","protected":false},"author":1,"featured_media":2380,"parent":0,"menu_order":3,"comment_status":"closed","ping_status":"closed","template":"","meta":{"footnotes":""},"class_list":["post-2319","page","type-page","status-publish","has-post-thumbnail","hentry"],"yoast_head":"<!-- This site is optimized with the Yoast SEO plugin v23.5 - https:\/\/yoast.com\/wordpress\/plugins\/seo\/ -->\n<title>Kryoterapie | Medical &amp; Wellness Centrum Harmony<\/title>\n<meta name=\"robots\" content=\"index, follow, max-snippet:-1, max-image-preview:large, max-video-preview:-1\" \/>\n<link rel=\"canonical\" href=\"https:\/\/wellness-kromeriz.cz\/en\/kryoterapie\/\" \/>\n<meta property=\"og:locale\" content=\"en_GB\" \/>\n<meta property=\"og:type\" content=\"article\" \/>\n<meta property=\"og:title\" content=\"Kryoterapie | Medical &amp; Wellness Centrum Harmony\" \/>\n<meta property=\"og:url\" content=\"https:\/\/wellness-kromeriz.cz\/en\/kryoterapie\/\" \/>\n<meta property=\"og:site_name\" content=\"Medical &amp; Wellness Centrum Harmony\" \/>\n<meta property=\"article:modified_time\" content=\"2025-01-03T10:35:42+00:00\" \/>\n<meta property=\"og:image\" content=\"https:\/\/wellness-kromeriz.cz\/wp-content\/uploads\/2018\/11\/kryoterapie.jpg\" \/>\n\t<meta property=\"og:image:width\" content=\"1024\" \/>\n\t<meta property=\"og:image:height\" content=\"1015\" \/>\n\t<meta property=\"og:image:type\" content=\"image\/jpeg\" \/>\n<meta name=\"twitter:card\" content=\"summary_large_image\" \/>\n<meta name=\"twitter:label1\" content=\"Estimated reading time\" \/>\n\t<meta name=\"twitter:data1\" content=\"1 minute\" \/>\n<script type=\"application\/ld+json\" class=\"yoast-schema-graph\">{\"@context\":\"https:\/\/schema.org\",\"@graph\":[{\"@type\":\"WebPage\",\"@id\":\"https:\/\/wellness-kromeriz.cz\/kryoterapie\/\",\"url\":\"https:\/\/wellness-kromeriz.cz\/kryoterapie\/\",\"name\":\"Kryoterapie | Medical &amp; Wellness Centrum Harmony\",\"isPartOf\":{\"@id\":\"https:\/\/wellness-kromeriz.cz\/#website\"},\"primaryImageOfPage\":{\"@id\":\"https:\/\/wellness-kromeriz.cz\/kryoterapie\/#primaryimage\"},\"image\":{\"@id\":\"https:\/\/wellness-kromeriz.cz\/kryoterapie\/#primaryimage\"},\"thumbnailUrl\":\"https:\/\/wellness-kromeriz.cz\/wp-content\/uploads\/2018\/11\/kryoterapie.jpg\",\"datePublished\":\"2018-11-27T15:27:27+00:00\",\"dateModified\":\"2025-01-03T10:35:42+00:00\",\"breadcrumb\":{\"@id\":\"https:\/\/wellness-kromeriz.cz\/kryoterapie\/#breadcrumb\"},\"inLanguage\":\"en-GB\",\"potentialAction\":[{\"@type\":\"ReadAction\",\"target\":[\"https:\/\/wellness-kromeriz.cz\/kryoterapie\/\"]}]},{\"@type\":\"ImageObject\",\"inLanguage\":\"en-GB\",\"@id\":\"https:\/\/wellness-kromeriz.cz\/kryoterapie\/#primaryimage\",\"url\":\"https:\/\/wellness-kromeriz.cz\/wp-content\/uploads\/2018\/11\/kryoterapie.jpg\",\"contentUrl\":\"https:\/\/wellness-kromeriz.cz\/wp-content\/uploads\/2018\/11\/kryoterapie.jpg\",\"width\":1024,\"height\":1015},{\"@type\":\"BreadcrumbList\",\"@id\":\"https:\/\/wellness-kromeriz.cz\/kryoterapie\/#breadcrumb\",\"itemListElement\":[{\"@type\":\"ListItem\",\"position\":1,\"name\":\"Dom\u016f\",\"item\":\"https:\/\/wellness-kromeriz.cz\/\"},{\"@type\":\"ListItem\",\"position\":2,\"name\":\"Kryoterapie\"}]},{\"@type\":\"WebSite\",\"@id\":\"https:\/\/wellness-kromeriz.cz\/#website\",\"url\":\"https:\/\/wellness-kromeriz.cz\/\",\"name\":\"Medical &amp; Wellness Centrum Harmony\",\"description\":\"Medical &amp; Wellness Centrum Harmony\",\"publisher\":{\"@id\":\"https:\/\/wellness-kromeriz.cz\/#organization\"},\"potentialAction\":[{\"@type\":\"SearchAction\",\"target\":{\"@type\":\"EntryPoint\",\"urlTemplate\":\"https:\/\/wellness-kromeriz.cz\/?s={search_term_string}\"},\"query-input\":{\"@type\":\"PropertyValueSpecification\",\"valueRequired\":true,\"valueName\":\"search_term_string\"}}],\"inLanguage\":\"en-GB\"},{\"@type\":\"Organization\",\"@id\":\"https:\/\/wellness-kromeriz.cz\/#organization\",\"name\":\"Wellness Harmony Krom\u011b\u0159\u00ed\u017e\",\"url\":\"https:\/\/wellness-kromeriz.cz\/\",\"logo\":{\"@type\":\"ImageObject\",\"inLanguage\":\"en-GB\",\"@id\":\"https:\/\/wellness-kromeriz.cz\/#\/schema\/logo\/image\/\",\"url\":\"https:\/\/wellness-kromeriz.cz\/wp-content\/uploads\/2018\/11\/harmony-logo-1.png\",\"contentUrl\":\"https:\/\/wellness-kromeriz.cz\/wp-content\/uploads\/2018\/11\/harmony-logo-1.png\",\"width\":1962,\"height\":505,\"caption\":\"Wellness Harmony Krom\u011b\u0159\u00ed\u017e\"},\"image\":{\"@id\":\"https:\/\/wellness-kromeriz.cz\/#\/schema\/logo\/image\/\"}}]}<\/script>\n<!-- \/ Yoast SEO plugin. -->","yoast_head_json":{"title":"Kryoterapie | Medical &amp; Wellness Centrum Harmony","robots":{"index":"index","follow":"follow","max-snippet":"max-snippet:-1","max-image-preview":"max-image-preview:large","max-video-preview":"max-video-preview:-1"},"canonical":"https:\/\/wellness-kromeriz.cz\/en\/kryoterapie\/","og_locale":"en_GB","og_type":"article","og_title":"Kryoterapie | Medical &amp; Wellness Centrum Harmony","og_url":"https:\/\/wellness-kromeriz.cz\/en\/kryoterapie\/","og_site_name":"Medical &amp; Wellness Centrum Harmony","article_modified_time":"2025-01-03T10:35:42+00:00","og_image":[{"width":1024,"height":1015,"url":"https:\/\/wellness-kromeriz.cz\/wp-content\/uploads\/2018\/11\/kryoterapie.jpg","type":"image\/jpeg"}],"twitter_card":"summary_large_image","twitter_misc":{"Estimated reading time":"1 minute"},"schema":{"@context":"https:\/\/schema.org","@graph":[{"@type":"WebPage","@id":"https:\/\/wellness-kromeriz.cz\/kryoterapie\/","url":"https:\/\/wellness-kromeriz.cz\/kryoterapie\/","name":"Kryoterapie | Medical &amp; Wellness Centrum Harmony","isPartOf":{"@id":"https:\/\/wellness-kromeriz.cz\/#website"},"primaryImageOfPage":{"@id":"https:\/\/wellness-kromeriz.cz\/kryoterapie\/#primaryimage"},"image":{"@id":"https:\/\/wellness-kromeriz.cz\/kryoterapie\/#primaryimage"},"thumbnailUrl":"https:\/\/wellness-kromeriz.cz\/wp-content\/uploads\/2018\/11\/kryoterapie.jpg","datePublished":"2018-11-27T15:27:27+00:00","dateModified":"2025-01-03T10:35:42+00:00","breadcrumb":{"@id":"https:\/\/wellness-kromeriz.cz\/kryoterapie\/#breadcrumb"},"inLanguage":"en-GB","potentialAction":[{"@type":"ReadAction","target":["https:\/\/wellness-kromeriz.cz\/kryoterapie\/"]}]},{"@type":"ImageObject","inLanguage":"en-GB","@id":"https:\/\/wellness-kromeriz.cz\/kryoterapie\/#primaryimage","url":"https:\/\/wellness-kromeriz.cz\/wp-content\/uploads\/2018\/11\/kryoterapie.jpg","contentUrl":"https:\/\/wellness-kromeriz.cz\/wp-content\/uploads\/2018\/11\/kryoterapie.jpg","width":1024,"height":1015},{"@type":"BreadcrumbList","@id":"https:\/\/wellness-kromeriz.cz\/kryoterapie\/#breadcrumb","itemListElement":[{"@type":"ListItem","position":1,"name":"Dom\u016f","item":"https:\/\/wellness-kromeriz.cz\/"},{"@type":"ListItem","position":2,"name":"Kryoterapie"}]},{"@type":"WebSite","@id":"https:\/\/wellness-kromeriz.cz\/#website","url":"https:\/\/wellness-kromeriz.cz\/","name":"Medical &amp; Wellness Centrum Harmony","description":"Medical &amp; Wellness Centrum Harmony","publisher":{"@id":"https:\/\/wellness-kromeriz.cz\/#organization"},"potentialAction":[{"@type":"SearchAction","target":{"@type":"EntryPoint","urlTemplate":"https:\/\/wellness-kromeriz.cz\/?s={search_term_string}"},"query-input":{"@type":"PropertyValueSpecification","valueRequired":true,"valueName":"search_term_string"}}],"inLanguage":"en-GB"},{"@type":"Organization","@id":"https:\/\/wellness-kromeriz.cz\/#organization","name":"Wellness Harmony Krom\u011b\u0159\u00ed\u017e","url":"https:\/\/wellness-kromeriz.cz\/","logo":{"@type":"ImageObject","inLanguage":"en-GB","@id":"https:\/\/wellness-kromeriz.cz\/#\/schema\/logo\/image\/","url":"https:\/\/wellness-kromeriz.cz\/wp-content\/uploads\/2018\/11\/harmony-logo-1.png","contentUrl":"https:\/\/wellness-kromeriz.cz\/wp-content\/uploads\/2018\/11\/harmony-logo-1.png","width":1962,"height":505,"caption":"Wellness Harmony Krom\u011b\u0159\u00ed\u017e"},"image":{"@id":"https:\/\/wellness-kromeriz.cz\/#\/schema\/logo\/image\/"}}]}},"_links":{"self":[{"href":"https:\/\/wellness-kromeriz.cz\/en\/wp-json\/wp\/v2\/pages\/2319"}],"collection":[{"href":"https:\/\/wellness-kromeriz.cz\/en\/wp-json\/wp\/v2\/pages"}],"about":[{"href":"https:\/\/wellness-kromeriz.cz\/en\/wp-json\/wp\/v2\/types\/page"}],"author":[{"embeddable":true,"href":"https:\/\/wellness-kromeriz.cz\/en\/wp-json\/wp\/v2\/users\/1"}],"replies":[{"embeddable":true,"href":"https:\/\/wellness-kromeriz.cz\/en\/wp-json\/wp\/v2\/comments?post=2319"}],"version-history":[{"count":14,"href":"https:\/\/wellness-kromeriz.cz\/en\/wp-json\/wp\/v2\/pages\/2319\/revisions"}],"predecessor-version":[{"id":4627,"href":"https:\/\/wellness-kromeriz.cz\/en\/wp-json\/wp\/v2\/pages\/2319\/revisions\/4627"}],"wp:featuredmedia":[{"embeddable":true,"href":"https:\/\/wellness-kromeriz.cz\/en\/wp-json\/wp\/v2\/media\/2380"}],"wp:attachment":[{"href":"https:\/\/wellness-kromeriz.cz\/en\/wp-json\/wp\/v2\/media?parent=2319"}],"curies":[{"name":"wp","href":"https:\/\/api.w.org\/{rel}","templated":true}]}}