{"id":2320,"date":"2018-11-27T15:27:53","date_gmt":"2018-11-27T15:27:53","guid":{"rendered":"https:\/\/wellness-kromeriz.cz\/?page_id=2320"},"modified":"2025-01-03T09:56:47","modified_gmt":"2025-01-03T09:56:47","slug":"plazmaterapie","status":"publish","type":"page","link":"https:\/\/wellness-kromeriz.cz\/en\/plazmaterapie\/","title":{"rendered":"Plazmaterapie"},"content":{"rendered":"<div class=\"vc_row wpb_row vc_row-fluid\"><div class=\"wpb_column vc_column_container vc_col-sm-12\"><div class=\"vc_column-inner\"><div class=\"wpb_wrapper\"><div style=\"font-size: 24px;color: #202020;text-align: left\" class=\"vc_custom_heading font-weight-700\" >PLAZMATERAPIE<\/div>\n\t<div class=\"wpb_text_column wpb_content_element\" >\n\t\t<div class=\"wpb_wrapper\">\n\t\t\t<p>Novinka v l\u00e9\u010db\u011b artr\u00f3zy. L\u00e9\u010dba onemocn\u011bn\u00ed pohybov\u00e9ho apar\u00e1tu s vyu\u017eit\u00edm vlastn\u00ed krve tzn. l\u00e9\u010dba pohybov\u00e9ho apar\u00e1tu metodou ACP pomoc\u00ed injek\u010dn\u00ed aplikace krevn\u00edmi desti\u010dkami autologn\u00ed (t\u011blu vlastn\u00ed) krevn\u00ed plazmy obohacen\u00e9 aktivovan\u00fdmi krevn\u00edmi desti\u010dkami (trombocyty). ACP metodu pou\u017e\u00edv\u00e1me ji\u017e 3 roky.<\/p>\n\n\t\t<\/div>\n\t<\/div>\n<\/div><\/div><\/div><\/div><div class=\"vc_row wpb_row vc_row-fluid\"><div class=\"wpb_column vc_column_container vc_col-sm-12\"><div class=\"vc_column-inner\"><div class=\"wpb_wrapper\">\n\t<div class=\"wpb_text_column wpb_content_element\" >\n\t\t<div class=\"wpb_wrapper\">\n\t\t\t<h3>Nov\u00e1 biologick\u00e1 metoda l\u00e9\u010dby onemocn\u011bn\u00ed pohybov\u00e9ho \u00fastroj\u00ed:<\/h3>\n<ul>\n<li>injek\u010dn\u00ed aplikace t\u011blu vlastn\u00ed upravenou krevn\u00ed plazmou je novou biologickou metodou pro l\u00e9\u010dbu pohybov\u00e9ho \u00fastroj\u00ed<\/li>\n<li>nov\u00e9 poznatky, vych\u00e1zej\u00edc\u00ed z tk\u00e1\u0148ov\u00e9m in\u017een\u00fdrstv\u00ed, prok\u00e1zaly, \u017ee protiz\u00e1n\u011btliv\u00e9 a r\u016fstov\u00e9 faktory lidsk\u00e9 krve mohou m\u00edt pozitivn\u00ed vliv na hojiv\u00e9 a regenera\u010dn\u00ed procesy. L\u00e9\u010dba ACP metodou je zalo\u017eena na t\u011bchto nov\u00fdch poznatc\u00edch.<\/li>\n<li>ACP metoda je bio l\u00e9\u010dba t\u011blu vlastn\u00ed upravenou plazmou, kter\u00e1 je obohacena aktivovan\u00fdmi krevn\u00edmi desti\u010dkami (trombocyty) obsahuj\u00edc\u00ed protiz\u00e1n\u011btliv\u00e9 a r\u016fstov\u00e9 faktory.<\/li>\n<li>koncentrovan\u00e9 protiz\u00e1n\u011btliv\u00e9 a r\u016fstov\u00e9 faktory v upraven\u00e9 krevn\u00ed plazm\u011b mohou podporovat hojiv\u00e9 a regenera\u010dn\u00ed pochody p\u0159i po\u0161kozen\u00ed tk\u00e1n\u00ed pohybov\u00e9ho \u00fastroj\u00ed \u2013 k\u016f\u017ee, sval\u016f, \u0161lach, vaz\u016f a kloubn\u00edch chrupavek.<\/li>\n<li>koncentrovan\u00e9 protiz\u00e1n\u011btliv\u00e9 a r\u016fstov\u00e9 faktory v upraven\u00e9 krevn\u00ed plazm\u011b se aplikuj\u00ed v injek\u010dn\u00ed form\u011b do oblasti, kde jsou tk\u00e1n\u011b pohybov\u00e9ho \u00fastroj\u00ed po\u0161kozeny.<br \/>\nUrychlen\u00ed hojiv\u00fdch proces\u016f m\u011bkk\u00fdch tk\u00e1n\u00ed \u2013 \u0161lach, sval\u016f a vaz\u016f \u2013 ud\u00e1vaj\u00ed liter\u00e1rn\u00ed \u00fadaje a\u017e o 50 %.<\/li>\n<li>prvn\u00ed klinick\u00e9 v\u00fdsledky u l\u00e9\u010dby kloubn\u00ed artr\u00f3zy metodou ACP prok\u00e1zaly zlep\u0161en\u00ed kloubn\u00ed hybnosti a sn\u00ed\u017een\u00ed kloubn\u00ed bolesti p\u0159i onemocn\u011bn\u00edch a po\u0161kozen\u00ed kloubn\u00ed chrupavky<\/li>\n<\/ul>\n<h3>V\u00fdhody l\u00e9\u010dby pomoc\u00ed krevn\u00edch desti\u010dek origin\u00e1ln\u00ed metodou ACP oproti jin\u00fdm metod\u00e1m:<\/h3>\n<ul>\n<li>odb\u011br krve a zpracov\u00e1n\u00ed krve zcela uzav\u0159en\u00fdm origin\u00e1ln\u00edm a bezpe\u010dn\u00fdm syst\u00e9mem ACP Arthrex\u2122 (USA)<\/li>\n<li>zpracov\u00e1n\u00ed krve v jednom syst\u00e9mu, kter\u00fd znemo\u017e\u0148uje vniknut\u00ed infekce z okol\u00ed p\u0159i odb\u011bru krve,\u00a0 n\u00e1sledn\u00e9 \u00faprav\u011b krve a p\u0159i aplikaci r\u016fstov\u00fdmi faktory obohacen\u00e9 krevn\u00ed plazmy<\/li>\n<li>\u0161et\u0159\u00edme V\u00e1\u0161 \u010das &#8211; odb\u011br krve a okam\u017eit\u00e9 zpracov\u00e1n\u00ed je bez nutnosti \u010dekac\u00ed doby k o\u0161et\u0159en\u00ed \u2013 \u010das odb\u011bru a aplikace je max. 20 minut<\/li>\n<li>aplikace v\u017edy zcela \u010derstv\u00e9 \u00a0r\u016fstov\u00e9 faktory z\u00a0krevn\u00edch desti\u010dek upraven\u00e9 plazmy na rozd\u00edl od jin\u00fdch metod, kter\u00e9 pou\u017e\u00edvaj\u00ed upravenou plazmu ulo\u017eenou a\u017e n\u011bkolik t\u00fddn\u016f po krevn\u00edm odb\u011bru<\/li>\n<li>okam\u017eit\u00e9 vyu\u017eit\u00ed zcela \u010derstv\u00fdch r\u016fstov\u00fdch a protiz\u00e1n\u011btliv\u00fdch faktor\u016f u nich\u017e postupem \u010dasu kles\u00e1 jejich \u00fa\u010dinnost<\/li>\n<li>pou\u017eit\u00ed biologick\u00e9 metody pouze s vyu\u017eit\u00edm vlastn\u00edch tk\u00e1n\u00ed bez p\u0159id\u00e1n\u00ed jak\u00fdchkoli ciz\u00edch l\u00e1tek<\/li>\n<li>nejsou p\u0159i metod\u011b ACP p\u0159id\u00e1v\u00e1ny do krevn\u00ed plazmy \u017e\u00e1dn\u00e9 &#8222;tajemn\u00e9 l\u00e1tky&#8220; o nich\u017e do detailu, i odborn\u00fdm l\u00e9ka\u0159\u016fm, nen\u00ed zn\u00e1mo jejich slo\u017een\u00ed, a jejich dal\u0161\u00ed osud a budoucnost v\u00a0kloubu<\/li>\n<li>v p\u0159\u00edpad\u011b onemocn\u011bn\u00ed \u010di jin\u00fdch probl\u00e9m\u016f pacienta lze l\u00e9\u010dbu kdykoli p\u0159eru\u0161it, ani\u017e by ji\u017e odebran\u00e1 plazma p\u0159i\u0161la nazmar<\/li>\n<li>\u00fahrada l\u00e9\u010dby je jen v\u017edy za ka\u017edou aplikovanou d\u00e1vku, nejsou po\u017eadov\u00e1ny z\u00e1lohov\u00e9 platby p\u0159edem, pacient m\u016f\u017ee s\u00e1m volit mno\u017estv\u00ed aplikovan\u00fdch d\u00e1vek podle reakce na l\u00e9\u010dbu a podle spokojenosti s pracovi\u0161t\u011bm, kde l\u00e9\u010dba prob\u00edh\u00e1<\/li>\n<li>pacient tedy nen\u00ed ekonomicky nikterak v\u00e1z\u00e1n mno\u017estv\u00edm ji\u017e odebran\u00e9 krve a pokra\u010dov\u00e1n\u00edm le\u010dby na jednom pracovi\u0161ti pokud nen\u00ed s l\u00e9\u010dbou spokojen\n<div class=\"clear\"><\/div>\n<\/li>\n<\/ul>\n\n\t\t<\/div>\n\t<\/div>\n<\/div><\/div><\/div><\/div><div class=\"vc_row wpb_row vc_row-fluid\"><div class=\"contact-page-info wpb_column vc_column_container vc_col-sm-12\"><div class=\"vc_column-inner\"><div class=\"wpb_wrapper\"><div class=\"vc_row wpb_row vc_inner vc_row-fluid\"><div class=\"tm-getconnected wpb_column vc_column_container vc_col-sm-12\"><div class=\"vc_column-inner vc_custom_1645562950653\"><div class=\"wpb_wrapper\"><h3 style=\"font-size: 22px;color: #444444;text-align: left\" class=\"vc_custom_heading heading-left-grey font-weight-700\" >Kontakt<\/h3>\n\t<div class=\"wpb_text_column wpb_content_element\" >\n\t\t<div class=\"wpb_wrapper\">\n\t\t\t<p><strong>Andrea Slov\u00e1\u010dkov\u00e1<\/strong><br \/>\n+420 731 915 400<\/p>\n\n\t\t<\/div>\n\t<\/div>\n<\/div><\/div><\/div><\/div><\/div><\/div><\/div><\/div><div class=\"vc_row wpb_row vc_row-fluid\"><div class=\"wpb_column vc_column_container vc_col-sm-12\"><div class=\"vc_column-inner\"><div class=\"wpb_wrapper\"><div class=\"vc_empty_space\"   style=\"height: 30px\" ><span class=\"vc_empty_space_inner\"><\/span><\/div>\n<\/div><\/div><\/div><\/div><div class=\"vc_row wpb_row vc_row-fluid\"><div class=\"wpb_column vc_column_container vc_col-sm-12\"><div class=\"vc_column-inner\"><div class=\"wpb_wrapper\"><div style=\"font-size: 24px;color: #202020;text-align: left\" class=\"vc_custom_heading font-weight-700\" >Plazma lifting - omlazen\u00ed vlastn\u00ed plazmou<\/div>\n\t<div class=\"wpb_text_column wpb_content_element\" >\n\t\t<div class=\"wpb_wrapper\">\n\t\t\t<p>Pot\u0159ebujete se zbavit pocit\u016f st\u00e1rnut\u00ed? Chcete potla\u010dit jemn\u00e9 i hlubok\u00e9 vr\u00e1sky a bylo v\u00e1m ji\u017e 30 let? P\u0159irozenou cestou pomoc\u00ed vlastn\u00ed plazmy je mo\u017en\u00e9 \u010das zastavit.<\/p>\n<p>V na\u0161\u00ed zemi, ostatn\u011b jako v\u0161ude na sv\u011bt\u011b, se aktivn\u011b propaguje d\u00e1rcovstv\u00ed krve. Lid\u00e9 v\u011bnuj\u00ed svou krev, aby pomohli t\u011bm, kdo ji pot\u0159ebuj\u00ed. V\u0161e, co l\u00e9ka\u0159i z\u00edskaj\u00ed p\u0159i jednom odb\u011bru, se d\u011bl\u00ed na erytrocytovou masu a na plazmu \u2013 ta je t\u00edm nejcenn\u011bj\u0161\u00edm materi\u00e1lem. Regenera\u010dn\u00edch vlastnost\u00ed plazmy si v\u0161imli nejprve v ortopedick\u00e9 medic\u00edn\u011b, kde je tento postup praktikov\u00e1n ji\u017e \u0159adu let. Plasma je zde nositelem l\u00e1tek pro obnovu kloubn\u00ed funkce.<\/p>\n<p>Uk\u00e1zalo se, \u017ee tento syst\u00e9m opravdu v\u00fdborn\u011b funguje a kosmetologov\u00e9 vyvinuli metodu plazma liftingu. Plazma z\u00edskan\u00e1 z vlastn\u00ed krve pacienta funguje jako elix\u00edr ml\u00e1d\u00ed.<\/p>\n<p>K obohacen\u00ed plazmy z\u00edskan\u00e9 z vlastn\u00ed krve se pou\u017e\u00edvaj\u00ed steriln\u00ed jednor\u00e1zov\u00e9 sety zna\u010dky Tropocells. Jedn\u00e1 se o proceduru tzv. mikrojehli\u010dkov\u00e1n\u00ed \u2013 zn\u00e1m\u00e9 tak\u00e9 jako mezoterapie.<\/p>\n<h3>Plazma lifting je vhodn\u00fd zejm\u00e9na pro:<\/h3>\n<ul>\n<li>redukci jemn\u00fdch, st\u0159edn\u011b hlubok\u00fdch a hlubok\u00fdch vr\u00e1sek souvisej\u00edc\u00edch s v\u011bkem (podle toho je tak\u00e9 zapot\u0159eb\u00ed p\u0159\u00edpadn\u011b n\u011bkolikr\u00e1t proces za sebou zopakovat<\/li>\n<li>opakovat je mo\u017en\u00e9 proceduru za m\u011bs\u00edc)<\/li>\n<li>eliminaci drobn\u00fdch vr\u00e1sek kolem \u00fast<\/li>\n<li>celkov\u00e9 omlazen\u00ed poko\u017eky a odd\u00e1len\u00ed jej\u00edho st\u00e1rnut\u00ed<\/li>\n<li>redukci drobn\u00fdch mimick\u00fdch vr\u00e1sek kolem o\u010d\u00ed<\/li>\n<li>odstran\u011bn\u00ed kruh\u016f pod o\u010dima a pocitu unaven\u00e9ho vzhledu<\/li>\n<li>vypnut\u00ed poko\u017eky obli\u010deje<\/li>\n<li>proz\u00e1\u0159en\u00ed a vyrovn\u00e1n\u00ed barvy poko\u017eky<\/li>\n<\/ul>\n<p>Plazma lifting je dnes efektivn\u00ed neopera\u010dn\u00ed omlazovac\u00ed metodou, kter\u00e1 nem\u00e1 \u017e\u00e1dn\u00e9 vedlej\u0161\u00ed \u00fa\u010dinky!<\/p>\n<h3>Mo\u017en\u00e9 kontraindikace:<\/h3>\n<ul>\n<li>poruchy sr\u00e1\u017elivosti krve<\/li>\n<li>poruchy krvetvorby<\/li>\n<li>klienti u\u017e\u00edvaj\u00edc\u00ed Warfarin \u010di jin\u00e9 podobn\u00e9 l\u00e9ky<\/li>\n<li>n\u00e1dorov\u00e1 onemocn\u011bn\u00ed<\/li>\n<li>celkov\u00e1 infek\u010dn\u00ed onemocn\u011bn\u00ed<\/li>\n<li>48 hod. p\u0159ed aplikac\u00ed nepou\u017e\u00edvat antirevmatika, (Ibalgin, Surgam, Brufen, Diclofenac, Aulin), z d\u016fvodu mo\u017en\u00e9ho sn\u00ed\u017een\u00ed \u00fa\u010dinku PRP<\/li>\n<\/ul>\n\n\t\t<\/div>\n\t<\/div>\n<\/div><\/div><\/div><\/div><div class=\"vc_row wpb_row vc_row-fluid\"><div class=\"wpb_column vc_column_container vc_col-sm-12\"><div class=\"vc_column-inner\"><div class=\"wpb_wrapper\"><div style=\"font-size: 24px;color: #202020;text-align: left\" class=\"vc_custom_heading font-weight-700\" >Tropocells<\/div>\n\t<div class=\"wpb_text_column wpb_content_element\" >\n\t\t<div class=\"wpb_wrapper\">\n\t\t\t<p>Nov\u00e9 a jedine\u010dn\u00e9 omlazen\u00ed pleti. Progresivn\u00ed metoda, kter\u00e1 p\u0159irozenou cestou o\u017eivuje a regeneruje ko\u017en\u00ed bu\u0148ky a podporuje produkci kolagenu v t\u011ble.<\/p>\n<p>Jedn\u00e1 se o jednu z nejprogresivn\u011bj\u0161\u00edch metod, kter\u00e1 vyu\u017e\u00edv\u00e1 tzv. PRP &#8211; krevn\u00ed plazmu s koncentrac\u00ed trombocyt\u016f obohacen\u00fdch o r\u016fstov\u00e9 faktory minim\u00e1ln\u011b 5 &#8211; 6x v\u011bt\u0161\u00edch ne\u017e v b\u011b\u017en\u00e9 krvi.<\/p>\n<p>Trombocyty obohacen\u00e9 o r\u016fstov\u00e9 faktory jsou nejen hlavn\u00edm stomul\u00e1torem pro r\u016fst bun\u011bk v k\u016f\u017ei, ale podporuj\u00ed rovn\u011b\u017e st\u011bhov\u00e1n\u00ed a aktivitu km\u0161nov\u00fdch bun\u011bk v m\u00edst\u011b aplikace. R\u016fstov\u00e9 faktory p\u016fsob\u00ed biostimula\u010dn\u011b, zlep\u0161uj\u00ed vaskularizaci a diferenciaci bun\u011bk, aktivuj\u00ed vlastn\u00ed fibroblasty, stimuluj\u00ed produkci kolagenu a kyseliny hyaluronov\u00e9.<\/p>\n<p>Pacientovi je odebr\u00e1na vlastn\u00ed krev, z kter\u00e9 je odst\u0159ed\u011bna krevn\u00ed plazma. V\u00fdslednou l\u00e1tkou PRP pou\u017eije l\u00e9ka\u0159 nebo odborn\u011b pro\u0161kolen\u00fd pracovn\u00edk kliniky p\u0159i aplikaci rejuvena\u010dn\u00edch technik nap\u0159. mezoterapie, nebo jako v\u00fdpl\u0148ov\u00fd materi\u00e1l speci\u00e1ln\u00ed aplika\u010dn\u00ed jehlou.<\/p>\n<p>Hlavn\u00ed v\u00fdhodou metody je, \u017ee t\u011blo nep\u0159ij\u00edm\u00e1 \u017e\u00e1dn\u00e9 um\u011bl\u00e9 l\u00e1tky a nehroz\u00ed tak riziko n\u00e1sledn\u00fdch komplikac\u00ed, alergie nebo kontaminace. Vzhledem k tomu, \u017ee PRP je zdrojem z\u00e1kladn\u00edch r\u016fstov\u00fdch faktor\u016f, tak dan\u00fd postup kop\u00edruje vlastn\u00ed procesy hojen\u00ed t\u011bla samotn\u00e9ho.<\/p>\n<p>Drobn\u00e9 ko\u017en\u00ed podlitinky lze skr\u00fdt obvykl\u00edm l\u00ed\u010den\u00edm, otok neb\u00fdv\u00e1 velk\u00fd, bolestivost po z\u00e1kroku je zcela minim\u00e1ln\u00ed. V\u011bt\u0161ina krevn\u00edch podlitinek vymiz\u00ed do druh\u00e9ho dne po aplikaci. Ihned m\u016f\u017eete pokra\u010dovat v b\u011b\u017en\u00fdch aktivit\u00e1ch.<\/p>\n<h3>Zn\u00e1m\u00e9 \u00fa\u010dinky po aplikaci PRP plazmy z\u00edskan\u00e9 TropoCells<\/h3>\n<ul>\n<li>redukce vr\u00e1sek pleti v obli\u010deji, pod o\u010dima, na krku, dekoltu, na h\u0159betech rukou<\/li>\n<li>korekce v\u0161ech typ\u016f jizev a urychlen\u00ed procesu hojen\u00ed ran<\/li>\n<li>zlep\u0161en\u00ed elasticity k\u016f\u017ee<\/li>\n<li>vyu\u017eit\u00ed k l\u00e9\u010db\u011b akn\u00e9<\/li>\n<li>napom\u00e1h\u00e1 k odstran\u011bn\u00ed stri\u00ed<\/li>\n<li>lze aplikovat tak\u00e9 do vlasov\u00e9 poko\u017eky &#8211; revitalizace vlasov\u00fdch ko\u0159\u00ednk\u016f<\/li>\n<li>aplikaci lze podstoupit v kter\u00e9mkoliv ro\u010dn\u00edm oobdob\u00ed<\/li>\n<li>nen\u00ed t\u0159eba \u017e\u00e1dn\u00e9 zvl\u00e1\u0161tn\u00ed poz\u00e1krokov\u00e9 p\u00e9\u010de<\/li>\n<li>tento zp\u016fsob l\u00e9\u010dby je vyu\u017eiteln\u00fd v \u0161irok\u00e9m spektru zdravotnictv\u00ed<\/li>\n<\/ul>\n\n\t\t<\/div>\n\t<\/div>\n<\/div><\/div><\/div><\/div><div class=\"vc_row wpb_row vc_row-fluid\"><div class=\"wpb_column vc_column_container vc_col-sm-12\"><div class=\"vc_column-inner\"><div class=\"wpb_wrapper\"><div class=\"vc_empty_space\"   style=\"height: 20px\" ><span class=\"vc_empty_space_inner\"><\/span><\/div>\n<\/div><\/div><\/div><\/div>","protected":false},"excerpt":{"rendered":"PLAZMATERAPIE Novinka v l\u00e9\u010db\u011b artr\u00f3zy. L\u00e9\u010dba onemocn\u011bn\u00ed pohybov\u00e9ho apar\u00e1tu s vyu\u017eit\u00edm vlastn\u00ed krve tzn. l\u00e9\u010dba pohybov\u00e9ho apar\u00e1tu metodou ACP pomoc\u00ed injek\u010dn\u00ed aplikace krevn\u00edmi desti\u010dkami autologn\u00ed (t\u011blu vlastn\u00ed) krevn\u00ed plazmy obohacen\u00e9 aktivovan\u00fdmi krevn\u00edmi desti\u010dkami (trombocyty). ACP metodu pou\u017e\u00edv\u00e1me ji\u017e 3 roky. Nov\u00e1 biologick\u00e1 metoda l\u00e9\u010dby onemocn\u011bn\u00ed pohybov\u00e9ho \u00fastroj\u00ed: injek\u010dn\u00ed aplikace t\u011blu vlastn\u00ed upravenou krevn\u00ed plazmou je [...]","protected":false},"author":1,"featured_media":2381,"parent":0,"menu_order":4,"comment_status":"closed","ping_status":"closed","template":"","meta":{"footnotes":""},"class_list":["post-2320","page","type-page","status-publish","has-post-thumbnail","hentry"],"yoast_head":"<!-- This site is optimized with the Yoast SEO plugin v23.5 - https:\/\/yoast.com\/wordpress\/plugins\/seo\/ -->\n<title>Plazmaterapie | Medical &amp; Wellness Centrum Harmony<\/title>\n<meta name=\"robots\" content=\"index, follow, max-snippet:-1, max-image-preview:large, max-video-preview:-1\" \/>\n<link rel=\"canonical\" href=\"https:\/\/wellness-kromeriz.cz\/en\/plazmaterapie\/\" \/>\n<meta property=\"og:locale\" content=\"en_GB\" \/>\n<meta property=\"og:type\" content=\"article\" \/>\n<meta property=\"og:title\" content=\"Plazmaterapie | Medical &amp; Wellness Centrum Harmony\" \/>\n<meta property=\"og:url\" content=\"https:\/\/wellness-kromeriz.cz\/en\/plazmaterapie\/\" \/>\n<meta property=\"og:site_name\" content=\"Medical &amp; Wellness Centrum Harmony\" \/>\n<meta property=\"article:modified_time\" content=\"2025-01-03T09:56:47+00:00\" \/>\n<meta property=\"og:image\" content=\"https:\/\/wellness-kromeriz.cz\/wp-content\/uploads\/2018\/11\/plazmaterapie.jpg\" \/>\n\t<meta property=\"og:image:width\" content=\"640\" \/>\n\t<meta property=\"og:image:height\" content=\"326\" \/>\n\t<meta property=\"og:image:type\" content=\"image\/jpeg\" \/>\n<meta name=\"twitter:card\" content=\"summary_large_image\" \/>\n<meta name=\"twitter:label1\" content=\"Estimated reading time\" \/>\n\t<meta name=\"twitter:data1\" content=\"6 minutes\" \/>\n<script type=\"application\/ld+json\" class=\"yoast-schema-graph\">{\"@context\":\"https:\/\/schema.org\",\"@graph\":[{\"@type\":\"WebPage\",\"@id\":\"https:\/\/wellness-kromeriz.cz\/plazmaterapie\/\",\"url\":\"https:\/\/wellness-kromeriz.cz\/plazmaterapie\/\",\"name\":\"Plazmaterapie | Medical &amp; Wellness Centrum Harmony\",\"isPartOf\":{\"@id\":\"https:\/\/wellness-kromeriz.cz\/#website\"},\"primaryImageOfPage\":{\"@id\":\"https:\/\/wellness-kromeriz.cz\/plazmaterapie\/#primaryimage\"},\"image\":{\"@id\":\"https:\/\/wellness-kromeriz.cz\/plazmaterapie\/#primaryimage\"},\"thumbnailUrl\":\"https:\/\/wellness-kromeriz.cz\/wp-content\/uploads\/2018\/11\/plazmaterapie.jpg\",\"datePublished\":\"2018-11-27T15:27:53+00:00\",\"dateModified\":\"2025-01-03T09:56:47+00:00\",\"breadcrumb\":{\"@id\":\"https:\/\/wellness-kromeriz.cz\/plazmaterapie\/#breadcrumb\"},\"inLanguage\":\"en-GB\",\"potentialAction\":[{\"@type\":\"ReadAction\",\"target\":[\"https:\/\/wellness-kromeriz.cz\/plazmaterapie\/\"]}]},{\"@type\":\"ImageObject\",\"inLanguage\":\"en-GB\",\"@id\":\"https:\/\/wellness-kromeriz.cz\/plazmaterapie\/#primaryimage\",\"url\":\"https:\/\/wellness-kromeriz.cz\/wp-content\/uploads\/2018\/11\/plazmaterapie.jpg\",\"contentUrl\":\"https:\/\/wellness-kromeriz.cz\/wp-content\/uploads\/2018\/11\/plazmaterapie.jpg\",\"width\":640,\"height\":326},{\"@type\":\"BreadcrumbList\",\"@id\":\"https:\/\/wellness-kromeriz.cz\/plazmaterapie\/#breadcrumb\",\"itemListElement\":[{\"@type\":\"ListItem\",\"position\":1,\"name\":\"Dom\u016f\",\"item\":\"https:\/\/wellness-kromeriz.cz\/\"},{\"@type\":\"ListItem\",\"position\":2,\"name\":\"Plazmaterapie\"}]},{\"@type\":\"WebSite\",\"@id\":\"https:\/\/wellness-kromeriz.cz\/#website\",\"url\":\"https:\/\/wellness-kromeriz.cz\/\",\"name\":\"Medical &amp; Wellness Centrum Harmony\",\"description\":\"Medical &amp; Wellness Centrum Harmony\",\"publisher\":{\"@id\":\"https:\/\/wellness-kromeriz.cz\/#organization\"},\"potentialAction\":[{\"@type\":\"SearchAction\",\"target\":{\"@type\":\"EntryPoint\",\"urlTemplate\":\"https:\/\/wellness-kromeriz.cz\/?s={search_term_string}\"},\"query-input\":{\"@type\":\"PropertyValueSpecification\",\"valueRequired\":true,\"valueName\":\"search_term_string\"}}],\"inLanguage\":\"en-GB\"},{\"@type\":\"Organization\",\"@id\":\"https:\/\/wellness-kromeriz.cz\/#organization\",\"name\":\"Wellness Harmony Krom\u011b\u0159\u00ed\u017e\",\"url\":\"https:\/\/wellness-kromeriz.cz\/\",\"logo\":{\"@type\":\"ImageObject\",\"inLanguage\":\"en-GB\",\"@id\":\"https:\/\/wellness-kromeriz.cz\/#\/schema\/logo\/image\/\",\"url\":\"https:\/\/wellness-kromeriz.cz\/wp-content\/uploads\/2018\/11\/harmony-logo-1.png\",\"contentUrl\":\"https:\/\/wellness-kromeriz.cz\/wp-content\/uploads\/2018\/11\/harmony-logo-1.png\",\"width\":1962,\"height\":505,\"caption\":\"Wellness Harmony Krom\u011b\u0159\u00ed\u017e\"},\"image\":{\"@id\":\"https:\/\/wellness-kromeriz.cz\/#\/schema\/logo\/image\/\"}}]}<\/script>\n<!-- \/ Yoast SEO plugin. -->","yoast_head_json":{"title":"Plazmaterapie | Medical &amp; Wellness Centrum Harmony","robots":{"index":"index","follow":"follow","max-snippet":"max-snippet:-1","max-image-preview":"max-image-preview:large","max-video-preview":"max-video-preview:-1"},"canonical":"https:\/\/wellness-kromeriz.cz\/en\/plazmaterapie\/","og_locale":"en_GB","og_type":"article","og_title":"Plazmaterapie | Medical &amp; Wellness Centrum Harmony","og_url":"https:\/\/wellness-kromeriz.cz\/en\/plazmaterapie\/","og_site_name":"Medical &amp; Wellness Centrum Harmony","article_modified_time":"2025-01-03T09:56:47+00:00","og_image":[{"width":640,"height":326,"url":"https:\/\/wellness-kromeriz.cz\/wp-content\/uploads\/2018\/11\/plazmaterapie.jpg","type":"image\/jpeg"}],"twitter_card":"summary_large_image","twitter_misc":{"Estimated reading time":"6 minutes"},"schema":{"@context":"https:\/\/schema.org","@graph":[{"@type":"WebPage","@id":"https:\/\/wellness-kromeriz.cz\/plazmaterapie\/","url":"https:\/\/wellness-kromeriz.cz\/plazmaterapie\/","name":"Plazmaterapie | Medical &amp; Wellness Centrum Harmony","isPartOf":{"@id":"https:\/\/wellness-kromeriz.cz\/#website"},"primaryImageOfPage":{"@id":"https:\/\/wellness-kromeriz.cz\/plazmaterapie\/#primaryimage"},"image":{"@id":"https:\/\/wellness-kromeriz.cz\/plazmaterapie\/#primaryimage"},"thumbnailUrl":"https:\/\/wellness-kromeriz.cz\/wp-content\/uploads\/2018\/11\/plazmaterapie.jpg","datePublished":"2018-11-27T15:27:53+00:00","dateModified":"2025-01-03T09:56:47+00:00","breadcrumb":{"@id":"https:\/\/wellness-kromeriz.cz\/plazmaterapie\/#breadcrumb"},"inLanguage":"en-GB","potentialAction":[{"@type":"ReadAction","target":["https:\/\/wellness-kromeriz.cz\/plazmaterapie\/"]}]},{"@type":"ImageObject","inLanguage":"en-GB","@id":"https:\/\/wellness-kromeriz.cz\/plazmaterapie\/#primaryimage","url":"https:\/\/wellness-kromeriz.cz\/wp-content\/uploads\/2018\/11\/plazmaterapie.jpg","contentUrl":"https:\/\/wellness-kromeriz.cz\/wp-content\/uploads\/2018\/11\/plazmaterapie.jpg","width":640,"height":326},{"@type":"BreadcrumbList","@id":"https:\/\/wellness-kromeriz.cz\/plazmaterapie\/#breadcrumb","itemListElement":[{"@type":"ListItem","position":1,"name":"Dom\u016f","item":"https:\/\/wellness-kromeriz.cz\/"},{"@type":"ListItem","position":2,"name":"Plazmaterapie"}]},{"@type":"WebSite","@id":"https:\/\/wellness-kromeriz.cz\/#website","url":"https:\/\/wellness-kromeriz.cz\/","name":"Medical &amp; Wellness Centrum Harmony","description":"Medical &amp; Wellness Centrum Harmony","publisher":{"@id":"https:\/\/wellness-kromeriz.cz\/#organization"},"potentialAction":[{"@type":"SearchAction","target":{"@type":"EntryPoint","urlTemplate":"https:\/\/wellness-kromeriz.cz\/?s={search_term_string}"},"query-input":{"@type":"PropertyValueSpecification","valueRequired":true,"valueName":"search_term_string"}}],"inLanguage":"en-GB"},{"@type":"Organization","@id":"https:\/\/wellness-kromeriz.cz\/#organization","name":"Wellness Harmony Krom\u011b\u0159\u00ed\u017e","url":"https:\/\/wellness-kromeriz.cz\/","logo":{"@type":"ImageObject","inLanguage":"en-GB","@id":"https:\/\/wellness-kromeriz.cz\/#\/schema\/logo\/image\/","url":"https:\/\/wellness-kromeriz.cz\/wp-content\/uploads\/2018\/11\/harmony-logo-1.png","contentUrl":"https:\/\/wellness-kromeriz.cz\/wp-content\/uploads\/2018\/11\/harmony-logo-1.png","width":1962,"height":505,"caption":"Wellness Harmony Krom\u011b\u0159\u00ed\u017e"},"image":{"@id":"https:\/\/wellness-kromeriz.cz\/#\/schema\/logo\/image\/"}}]}},"_links":{"self":[{"href":"https:\/\/wellness-kromeriz.cz\/en\/wp-json\/wp\/v2\/pages\/2320"}],"collection":[{"href":"https:\/\/wellness-kromeriz.cz\/en\/wp-json\/wp\/v2\/pages"}],"about":[{"href":"https:\/\/wellness-kromeriz.cz\/en\/wp-json\/wp\/v2\/types\/page"}],"author":[{"embeddable":true,"href":"https:\/\/wellness-kromeriz.cz\/en\/wp-json\/wp\/v2\/users\/1"}],"replies":[{"embeddable":true,"href":"https:\/\/wellness-kromeriz.cz\/en\/wp-json\/wp\/v2\/comments?post=2320"}],"version-history":[{"count":20,"href":"https:\/\/wellness-kromeriz.cz\/en\/wp-json\/wp\/v2\/pages\/2320\/revisions"}],"predecessor-version":[{"id":4402,"href":"https:\/\/wellness-kromeriz.cz\/en\/wp-json\/wp\/v2\/pages\/2320\/revisions\/4402"}],"wp:featuredmedia":[{"embeddable":true,"href":"https:\/\/wellness-kromeriz.cz\/en\/wp-json\/wp\/v2\/media\/2381"}],"wp:attachment":[{"href":"https:\/\/wellness-kromeriz.cz\/en\/wp-json\/wp\/v2\/media?parent=2320"}],"curies":[{"name":"wp","href":"https:\/\/api.w.org\/{rel}","templated":true}]}}