{"id":2321,"date":"2018-11-27T15:28:19","date_gmt":"2018-11-27T15:28:19","guid":{"rendered":"https:\/\/wellness-kromeriz.cz\/?page_id=2321"},"modified":"2025-01-03T09:51:39","modified_gmt":"2025-01-03T09:51:39","slug":"ozonova-terapie","status":"publish","type":"page","link":"https:\/\/wellness-kromeriz.cz\/en\/ozonova-terapie\/","title":{"rendered":"Oz\u00f3nov\u00e1 terapie"},"content":{"rendered":"<div class=\"vc_row wpb_row vc_row-fluid\"><div class=\"wpb_column vc_column_container vc_col-sm-12\"><div class=\"vc_column-inner\"><div class=\"wpb_wrapper\"><div style=\"font-size: 24px;color: #202020;text-align: left\" class=\"vc_custom_heading font-weight-700\" >OZ\u00d3NOV\u00c1 TERAPIE<\/div><\/div><\/div><\/div><\/div><div class=\"vc_row wpb_row vc_row-fluid\"><div class=\"wpb_column vc_column_container vc_col-sm-12\"><div class=\"vc_column-inner\"><div class=\"wpb_wrapper\">\n\t<div class=\"wpb_text_column wpb_content_element\" >\n\t\t<div class=\"wpb_wrapper\">\n\t\t\t<p>Oz\u00f3nov\u00e1 terapie pat\u0159\u00ed mezi regenera\u010dn\u00ed a revitaliza\u010dn\u00ed bun\u011b\u010dn\u00e9 terapie. V t\u00e9to terapii se vyu\u017e\u00edv\u00e1 siln\u00fd oxida\u010dn\u00ed \u00fa\u010dinek oz\u00f3nu, kter\u00fd umo\u017en\u00ed pracovat bu\u0148ce v aerobn\u00edm re\u017eimu a produkovat tak v\u00edce energie pro sv\u00e9 procesy. Oz\u00f3n m\u00e1 tak\u00e9 schopnost ni\u010dit choroboplodn\u00e9 z\u00e1rodky, viry a bakterie.<\/p>\n<p>V r\u00e1mci na\u0161\u00ed l\u00e9\u010dby pou\u017e\u00edv\u00e1me p\u0159\u00edstroj od spole\u010dnosti HUMARES\u00ae.<\/p>\n\n\t\t<\/div>\n\t<\/div>\n<\/div><\/div><\/div><\/div><div class=\"vc_row wpb_row vc_row-fluid\"><div class=\"contact-page-info wpb_column vc_column_container vc_col-sm-12\"><div class=\"vc_column-inner\"><div class=\"wpb_wrapper\"><div class=\"vc_row wpb_row vc_inner vc_row-fluid\"><div class=\"wpb_column vc_column_container vc_col-sm-6\"><div class=\"vc_column-inner vc_custom_1645562448133\"><div class=\"wpb_wrapper\"><h3 style=\"font-size: 22px;color: #444444;text-align: left\" class=\"vc_custom_heading heading-left-grey font-weight-700\" >Kontakty<\/h3>\n\t<div class=\"wpb_text_column wpb_content_element\" >\n\t\t<div class=\"wpb_wrapper\">\n\t\t\t<p><strong>O\u0161et\u0159en\u00ed prov\u00e1d\u00ed<\/strong><br \/>\nPrim\u00e1\u0159 MUDr. Dalibor Berka<\/p>\n<p><strong>Kontakt<\/strong><br \/>\n+420 732 630 372<\/p>\n<p><em>\u00dater\u00fd 16:30 \u2013 20:00<\/em><\/p>\n\n\t\t<\/div>\n\t<\/div>\n<\/div><\/div><\/div><div class=\"wpb_column vc_column_container vc_col-sm-6\"><div class=\"vc_column-inner vc_custom_1645562655190\"><div class=\"wpb_wrapper\">\n\t<div  class=\"wpb_single_image wpb_content_element vc_align_left\">\n\t\t\n\t\t<figure class=\"wpb_wrapper vc_figure\">\n\t\t\t<div class=\"vc_single_image-wrapper   vc_box_border_grey\"><img decoding=\"async\" width=\"300\" height=\"174\" src=\"https:\/\/wellness-kromeriz.cz\/wp-content\/uploads\/2018\/11\/ozonovaterapie-300x174.jpg\" class=\"vc_single_image-img attachment-medium\" alt=\"\" srcset=\"https:\/\/wellness-kromeriz.cz\/wp-content\/uploads\/2018\/11\/ozonovaterapie-300x174.jpg 300w, https:\/\/wellness-kromeriz.cz\/wp-content\/uploads\/2018\/11\/ozonovaterapie-768x445.jpg 768w, https:\/\/wellness-kromeriz.cz\/wp-content\/uploads\/2018\/11\/ozonovaterapie-600x348.jpg 600w, https:\/\/wellness-kromeriz.cz\/wp-content\/uploads\/2018\/11\/ozonovaterapie-18x10.jpg 18w, https:\/\/wellness-kromeriz.cz\/wp-content\/uploads\/2018\/11\/ozonovaterapie.jpg 945w\" sizes=\"(max-width: 300px) 100vw, 300px\" \/><\/div>\n\t\t<\/figure>\n\t<\/div>\n<\/div><\/div><\/div><\/div><\/div><\/div><\/div><\/div><div class=\"vc_row wpb_row vc_row-fluid\"><div class=\"wpb_column vc_column_container vc_col-sm-12\"><div class=\"vc_column-inner\"><div class=\"wpb_wrapper\"><div class=\"vc_empty_space\"   style=\"height: 30px\" ><span class=\"vc_empty_space_inner\"><\/span><\/div>\n<\/div><\/div><\/div><\/div><div class=\"vc_row wpb_row vc_row-fluid\"><div class=\"wpb_column vc_column_container vc_col-sm-12\"><div class=\"vc_column-inner\"><div class=\"wpb_wrapper\">\n\t<div class=\"wpb_text_column wpb_content_element\" >\n\t\t<div class=\"wpb_wrapper\">\n\t\t\t<h3>Oblasti aplikace:<\/h3>\n<ul>\n<li>Velk\u00e1 autohemoterapie \u2013 poruchy imunity, prokrven\u00ed<\/li>\n<li>Mal\u00e1 autohemoterapie \u2013 poruchy imunity<\/li>\n<li>Ko\u0159enov\u00e9 obst\u0159iky (v\u00fdh\u0159ezy plot\u00e9nek, neurologie)<\/li>\n<li>Intraartikul\u00e1rn\u00ed aplikace \u2013 ortopedie, traumatologie<\/li>\n<li>Intramuskul\u00e1rn\u00ed aplikace \u2013 vertebrogenn\u00ed pot\u00ed\u017ee<\/li>\n<li>Intraven\u00f3zn\u00ed aplikace \u2013 poruchy venosn\u00edho \u0159e\u010di\u0161t\u011b<\/li>\n<li>Intraderm\u00e1ln\u00ed aplikace<\/li>\n<li>Vaky napln\u011bn\u00e9 ozonem \u2013 hojen\u00ed ran, b\u00e9rcov\u00e9 v\u0159edy<\/li>\n<li>Oz\u00f3nizov\u00e1n\u00ed vody \u2013 pop\u00edjen\u00ed pro tr\u00e1v\u00edc\u00ed syst\u00e9m, pol\u00e9v\u00e1n\u00ed nehoj\u00edc\u00edch se ran<\/li>\n<li>L\u00e9\u010dba roz\u0161\u00ed\u0159en\u00fdch \u017eilek<\/li>\n<\/ul>\n\n\t\t<\/div>\n\t<\/div>\n<\/div><\/div><\/div><\/div><div class=\"vc_row wpb_row vc_row-fluid\"><div class=\"wpb_column vc_column_container vc_col-sm-12\"><div class=\"vc_column-inner\"><div class=\"wpb_wrapper\"><div class=\"vc_empty_space\"   style=\"height: 30px\" ><span class=\"vc_empty_space_inner\"><\/span><\/div>\n<\/div><\/div><\/div><\/div>","protected":false},"excerpt":{"rendered":"OZ\u00d3NOV\u00c1 TERAPIE Oz\u00f3nov\u00e1 terapie pat\u0159\u00ed mezi regenera\u010dn\u00ed a revitaliza\u010dn\u00ed bun\u011b\u010dn\u00e9 terapie. V t\u00e9to terapii se vyu\u017e\u00edv\u00e1 siln\u00fd oxida\u010dn\u00ed \u00fa\u010dinek oz\u00f3nu, kter\u00fd umo\u017en\u00ed pracovat bu\u0148ce v aerobn\u00edm re\u017eimu a produkovat tak v\u00edce energie pro sv\u00e9 procesy. Oz\u00f3n m\u00e1 tak\u00e9 schopnost ni\u010dit choroboplodn\u00e9 z\u00e1rodky, viry a bakterie. V r\u00e1mci na\u0161\u00ed l\u00e9\u010dby pou\u017e\u00edv\u00e1me p\u0159\u00edstroj od spole\u010dnosti HUMARES\u00ae. Kontakty [...]","protected":false},"author":1,"featured_media":2382,"parent":0,"menu_order":5,"comment_status":"closed","ping_status":"closed","template":"","meta":{"footnotes":""},"class_list":["post-2321","page","type-page","status-publish","has-post-thumbnail","hentry"],"yoast_head":"<!-- This site is optimized with the Yoast SEO plugin v23.5 - https:\/\/yoast.com\/wordpress\/plugins\/seo\/ -->\n<title>Oz\u00f3nov\u00e1 terapie | Medical &amp; Wellness Centrum Harmony<\/title>\n<meta name=\"robots\" content=\"index, follow, max-snippet:-1, max-image-preview:large, max-video-preview:-1\" \/>\n<link rel=\"canonical\" href=\"https:\/\/wellness-kromeriz.cz\/en\/ozonova-terapie\/\" \/>\n<meta property=\"og:locale\" content=\"en_GB\" \/>\n<meta property=\"og:type\" content=\"article\" \/>\n<meta property=\"og:title\" content=\"Oz\u00f3nov\u00e1 terapie | Medical &amp; Wellness Centrum Harmony\" \/>\n<meta property=\"og:url\" content=\"https:\/\/wellness-kromeriz.cz\/en\/ozonova-terapie\/\" \/>\n<meta property=\"og:site_name\" content=\"Medical &amp; Wellness Centrum Harmony\" \/>\n<meta property=\"article:modified_time\" content=\"2025-01-03T09:51:39+00:00\" \/>\n<meta property=\"og:image\" content=\"https:\/\/wellness-kromeriz.cz\/wp-content\/uploads\/2018\/11\/ozonovaterapie.jpg\" \/>\n\t<meta property=\"og:image:width\" content=\"945\" \/>\n\t<meta property=\"og:image:height\" content=\"548\" \/>\n\t<meta property=\"og:image:type\" content=\"image\/jpeg\" \/>\n<meta name=\"twitter:card\" content=\"summary_large_image\" \/>\n<meta name=\"twitter:label1\" content=\"Estimated reading time\" \/>\n\t<meta name=\"twitter:data1\" content=\"2 minutes\" \/>\n<script type=\"application\/ld+json\" class=\"yoast-schema-graph\">{\"@context\":\"https:\/\/schema.org\",\"@graph\":[{\"@type\":\"WebPage\",\"@id\":\"https:\/\/wellness-kromeriz.cz\/ozonova-terapie\/\",\"url\":\"https:\/\/wellness-kromeriz.cz\/ozonova-terapie\/\",\"name\":\"Oz\u00f3nov\u00e1 terapie | Medical &amp; Wellness Centrum Harmony\",\"isPartOf\":{\"@id\":\"https:\/\/wellness-kromeriz.cz\/#website\"},\"primaryImageOfPage\":{\"@id\":\"https:\/\/wellness-kromeriz.cz\/ozonova-terapie\/#primaryimage\"},\"image\":{\"@id\":\"https:\/\/wellness-kromeriz.cz\/ozonova-terapie\/#primaryimage\"},\"thumbnailUrl\":\"https:\/\/wellness-kromeriz.cz\/wp-content\/uploads\/2018\/11\/ozonovaterapie.jpg\",\"datePublished\":\"2018-11-27T15:28:19+00:00\",\"dateModified\":\"2025-01-03T09:51:39+00:00\",\"breadcrumb\":{\"@id\":\"https:\/\/wellness-kromeriz.cz\/ozonova-terapie\/#breadcrumb\"},\"inLanguage\":\"en-GB\",\"potentialAction\":[{\"@type\":\"ReadAction\",\"target\":[\"https:\/\/wellness-kromeriz.cz\/ozonova-terapie\/\"]}]},{\"@type\":\"ImageObject\",\"inLanguage\":\"en-GB\",\"@id\":\"https:\/\/wellness-kromeriz.cz\/ozonova-terapie\/#primaryimage\",\"url\":\"https:\/\/wellness-kromeriz.cz\/wp-content\/uploads\/2018\/11\/ozonovaterapie.jpg\",\"contentUrl\":\"https:\/\/wellness-kromeriz.cz\/wp-content\/uploads\/2018\/11\/ozonovaterapie.jpg\",\"width\":945,\"height\":548},{\"@type\":\"BreadcrumbList\",\"@id\":\"https:\/\/wellness-kromeriz.cz\/ozonova-terapie\/#breadcrumb\",\"itemListElement\":[{\"@type\":\"ListItem\",\"position\":1,\"name\":\"Dom\u016f\",\"item\":\"https:\/\/wellness-kromeriz.cz\/\"},{\"@type\":\"ListItem\",\"position\":2,\"name\":\"Oz\u00f3nov\u00e1 terapie\"}]},{\"@type\":\"WebSite\",\"@id\":\"https:\/\/wellness-kromeriz.cz\/#website\",\"url\":\"https:\/\/wellness-kromeriz.cz\/\",\"name\":\"Medical &amp; Wellness Centrum Harmony\",\"description\":\"Medical &amp; Wellness Centrum Harmony\",\"publisher\":{\"@id\":\"https:\/\/wellness-kromeriz.cz\/#organization\"},\"potentialAction\":[{\"@type\":\"SearchAction\",\"target\":{\"@type\":\"EntryPoint\",\"urlTemplate\":\"https:\/\/wellness-kromeriz.cz\/?s={search_term_string}\"},\"query-input\":{\"@type\":\"PropertyValueSpecification\",\"valueRequired\":true,\"valueName\":\"search_term_string\"}}],\"inLanguage\":\"en-GB\"},{\"@type\":\"Organization\",\"@id\":\"https:\/\/wellness-kromeriz.cz\/#organization\",\"name\":\"Wellness Harmony Krom\u011b\u0159\u00ed\u017e\",\"url\":\"https:\/\/wellness-kromeriz.cz\/\",\"logo\":{\"@type\":\"ImageObject\",\"inLanguage\":\"en-GB\",\"@id\":\"https:\/\/wellness-kromeriz.cz\/#\/schema\/logo\/image\/\",\"url\":\"https:\/\/wellness-kromeriz.cz\/wp-content\/uploads\/2018\/11\/harmony-logo-1.png\",\"contentUrl\":\"https:\/\/wellness-kromeriz.cz\/wp-content\/uploads\/2018\/11\/harmony-logo-1.png\",\"width\":1962,\"height\":505,\"caption\":\"Wellness Harmony Krom\u011b\u0159\u00ed\u017e\"},\"image\":{\"@id\":\"https:\/\/wellness-kromeriz.cz\/#\/schema\/logo\/image\/\"}}]}<\/script>\n<!-- \/ Yoast SEO plugin. -->","yoast_head_json":{"title":"Oz\u00f3nov\u00e1 terapie | Medical &amp; Wellness Centrum Harmony","robots":{"index":"index","follow":"follow","max-snippet":"max-snippet:-1","max-image-preview":"max-image-preview:large","max-video-preview":"max-video-preview:-1"},"canonical":"https:\/\/wellness-kromeriz.cz\/en\/ozonova-terapie\/","og_locale":"en_GB","og_type":"article","og_title":"Oz\u00f3nov\u00e1 terapie | Medical &amp; Wellness Centrum Harmony","og_url":"https:\/\/wellness-kromeriz.cz\/en\/ozonova-terapie\/","og_site_name":"Medical &amp; Wellness Centrum Harmony","article_modified_time":"2025-01-03T09:51:39+00:00","og_image":[{"width":945,"height":548,"url":"https:\/\/wellness-kromeriz.cz\/wp-content\/uploads\/2018\/11\/ozonovaterapie.jpg","type":"image\/jpeg"}],"twitter_card":"summary_large_image","twitter_misc":{"Estimated reading time":"2 minutes"},"schema":{"@context":"https:\/\/schema.org","@graph":[{"@type":"WebPage","@id":"https:\/\/wellness-kromeriz.cz\/ozonova-terapie\/","url":"https:\/\/wellness-kromeriz.cz\/ozonova-terapie\/","name":"Oz\u00f3nov\u00e1 terapie | Medical &amp; Wellness Centrum Harmony","isPartOf":{"@id":"https:\/\/wellness-kromeriz.cz\/#website"},"primaryImageOfPage":{"@id":"https:\/\/wellness-kromeriz.cz\/ozonova-terapie\/#primaryimage"},"image":{"@id":"https:\/\/wellness-kromeriz.cz\/ozonova-terapie\/#primaryimage"},"thumbnailUrl":"https:\/\/wellness-kromeriz.cz\/wp-content\/uploads\/2018\/11\/ozonovaterapie.jpg","datePublished":"2018-11-27T15:28:19+00:00","dateModified":"2025-01-03T09:51:39+00:00","breadcrumb":{"@id":"https:\/\/wellness-kromeriz.cz\/ozonova-terapie\/#breadcrumb"},"inLanguage":"en-GB","potentialAction":[{"@type":"ReadAction","target":["https:\/\/wellness-kromeriz.cz\/ozonova-terapie\/"]}]},{"@type":"ImageObject","inLanguage":"en-GB","@id":"https:\/\/wellness-kromeriz.cz\/ozonova-terapie\/#primaryimage","url":"https:\/\/wellness-kromeriz.cz\/wp-content\/uploads\/2018\/11\/ozonovaterapie.jpg","contentUrl":"https:\/\/wellness-kromeriz.cz\/wp-content\/uploads\/2018\/11\/ozonovaterapie.jpg","width":945,"height":548},{"@type":"BreadcrumbList","@id":"https:\/\/wellness-kromeriz.cz\/ozonova-terapie\/#breadcrumb","itemListElement":[{"@type":"ListItem","position":1,"name":"Dom\u016f","item":"https:\/\/wellness-kromeriz.cz\/"},{"@type":"ListItem","position":2,"name":"Oz\u00f3nov\u00e1 terapie"}]},{"@type":"WebSite","@id":"https:\/\/wellness-kromeriz.cz\/#website","url":"https:\/\/wellness-kromeriz.cz\/","name":"Medical &amp; Wellness Centrum Harmony","description":"Medical &amp; Wellness Centrum Harmony","publisher":{"@id":"https:\/\/wellness-kromeriz.cz\/#organization"},"potentialAction":[{"@type":"SearchAction","target":{"@type":"EntryPoint","urlTemplate":"https:\/\/wellness-kromeriz.cz\/?s={search_term_string}"},"query-input":{"@type":"PropertyValueSpecification","valueRequired":true,"valueName":"search_term_string"}}],"inLanguage":"en-GB"},{"@type":"Organization","@id":"https:\/\/wellness-kromeriz.cz\/#organization","name":"Wellness Harmony Krom\u011b\u0159\u00ed\u017e","url":"https:\/\/wellness-kromeriz.cz\/","logo":{"@type":"ImageObject","inLanguage":"en-GB","@id":"https:\/\/wellness-kromeriz.cz\/#\/schema\/logo\/image\/","url":"https:\/\/wellness-kromeriz.cz\/wp-content\/uploads\/2018\/11\/harmony-logo-1.png","contentUrl":"https:\/\/wellness-kromeriz.cz\/wp-content\/uploads\/2018\/11\/harmony-logo-1.png","width":1962,"height":505,"caption":"Wellness Harmony Krom\u011b\u0159\u00ed\u017e"},"image":{"@id":"https:\/\/wellness-kromeriz.cz\/#\/schema\/logo\/image\/"}}]}},"_links":{"self":[{"href":"https:\/\/wellness-kromeriz.cz\/en\/wp-json\/wp\/v2\/pages\/2321"}],"collection":[{"href":"https:\/\/wellness-kromeriz.cz\/en\/wp-json\/wp\/v2\/pages"}],"about":[{"href":"https:\/\/wellness-kromeriz.cz\/en\/wp-json\/wp\/v2\/types\/page"}],"author":[{"embeddable":true,"href":"https:\/\/wellness-kromeriz.cz\/en\/wp-json\/wp\/v2\/users\/1"}],"replies":[{"embeddable":true,"href":"https:\/\/wellness-kromeriz.cz\/en\/wp-json\/wp\/v2\/comments?post=2321"}],"version-history":[{"count":20,"href":"https:\/\/wellness-kromeriz.cz\/en\/wp-json\/wp\/v2\/pages\/2321\/revisions"}],"predecessor-version":[{"id":3960,"href":"https:\/\/wellness-kromeriz.cz\/en\/wp-json\/wp\/v2\/pages\/2321\/revisions\/3960"}],"wp:featuredmedia":[{"embeddable":true,"href":"https:\/\/wellness-kromeriz.cz\/en\/wp-json\/wp\/v2\/media\/2382"}],"wp:attachment":[{"href":"https:\/\/wellness-kromeriz.cz\/en\/wp-json\/wp\/v2\/media?parent=2321"}],"curies":[{"name":"wp","href":"https:\/\/api.w.org\/{rel}","templated":true}]}}