{"id":2329,"date":"2018-11-27T15:29:36","date_gmt":"2018-11-27T15:29:36","guid":{"rendered":"https:\/\/wellness-kromeriz.cz\/?page_id=2329"},"modified":"2025-01-03T10:32:17","modified_gmt":"2025-01-03T10:32:17","slug":"rehabilitace-harmony","status":"publish","type":"page","link":"https:\/\/wellness-kromeriz.cz\/en\/rehabilitace-harmony\/","title":{"rendered":"Rehabilitace"},"content":{"rendered":"<div class=\"vc_row wpb_row vc_row-fluid\"><div class=\"wpb_column vc_column_container vc_col-sm-12\"><div class=\"vc_column-inner\"><div class=\"wpb_wrapper\"><div style=\"font-size: 24px;color: #202020;text-align: left\" class=\"vc_custom_heading font-weight-700\" >REHABILITACE<\/div><\/div><\/div><\/div><\/div><div class=\"vc_row wpb_row vc_row-fluid\"><div class=\"wpb_column vc_column_container vc_col-sm-12\"><div class=\"vc_column-inner\"><div class=\"wpb_wrapper\">\n\t<div class=\"wpb_text_column wpb_content_element\" >\n\t\t<div class=\"wpb_wrapper\">\n\t\t\t<p>Rehabilitac\u00ed obvykle rozum\u00edme rozs\u00e1hl\u00fd proces pomoci zran\u011bn\u00e9mu \u010di nemocn\u00e9mu \u010dlov\u011bku v n\u00e1vratu k jeho p\u016fvodn\u00edm pohybov\u00fdm, pracovn\u00edm a sportovn\u00edm schopnostem. \u010clov\u011bk podstupuj\u00edc\u00ed zdravotn\u00ed rehabilita\u010dn\u00ed p\u00e9\u010di nemus\u00ed b\u00fdt zran\u011bn\u00fd nebo vysloven\u011b nemocn\u00fd.<\/p>\n<p><strong>\u0158ada pacient\u016f nastupuje na rehabilitaci z preventivn\u00edch d\u016fvod\u016f<\/strong>, nap\u0159. pro nedostate\u010dnou stabilizaci t\u011bla kostern\u00edmi svaly. Tedy je\u0161t\u011b p\u0159ed vznikem p\u0159\u00edpadn\u00fdch bolest\u00ed zad nebo potenci\u00e1ln\u00edm \u00farazem.<\/p>\n<p>C\u00edlem terapie je n\u00e1vrat k p\u016fvodn\u00edmu stavu, eventu\u00e1ln\u011b nalezen\u00ed zapomenut\u00fdch rezerv a nov\u00fdch cest ve vyu\u017eit\u00ed pohybu a tedy i plnohodnotn\u00e9 sebeobsluhy. Na z\u00e1klad\u011b dovednost\u00ed pohybov\u00fdch, pracovn\u00edch \u010di sportovn\u00edch se sna\u017e\u00edme p\u0159isp\u011bt k pocitu seberealizace a plnohodnotn\u00e9ho \u017eivota na\u0161ich pacient\u016f.<\/p>\n<p><strong>Na\u0161e pracovi\u0161t\u011b m\u00e1 smlouvu o \u00fahrad\u011b zdravotn\u00ed p\u00e9\u010de s n\u00e1sleduj\u00edc\u00edmi poji\u0161\u0165ovnami:<\/strong><\/p>\n<ul>\n<li>111 V\u0161eobecn\u00e1 zdravotn\u00ed poji\u0161\u0165ovna \u010cR<\/li>\n<li>213 Rev\u00edrn\u00ed bratrsk\u00e1 pokladna<\/li>\n<li>211 Zdravotn\u00ed poji\u0161\u0165ovna Ministerstva vnitra \u010cR<\/li>\n<li>201 Vojensk\u00e1 zdravotn\u00ed poji\u0161\u0165ovna \u010cR<\/li>\n<li>205 \u010cesk\u00e1 pr\u016fmyslov\u00e1 zdravotn\u00ed poji\u0161\u0165ovna<\/li>\n<li>207 Oborov\u00e1 zdravotn\u00ed poji\u0161\u0165ovna zam\u011bstnanc\u016f bank a poji\u0161\u0165oven<\/li>\n<\/ul>\n\n\t\t<\/div>\n\t<\/div>\n<\/div><\/div><\/div><\/div><div class=\"vc_row wpb_row vc_row-fluid\"><div class=\"contact-page-info wpb_column vc_column_container vc_col-sm-12\"><div class=\"vc_column-inner\"><div class=\"wpb_wrapper\"><div class=\"vc_row wpb_row vc_inner vc_row-fluid\"><div class=\"tm-getconnected wpb_column vc_column_container vc_col-sm-12\"><div class=\"vc_column-inner vc_custom_1645561879405\"><div class=\"wpb_wrapper\"><h3 style=\"font-size: 22px;color: #000000;text-align: left\" class=\"vc_custom_heading\" >Ambulance<\/h3>\n\t<div class=\"wpb_text_column wpb_content_element\" >\n\t\t<div class=\"wpb_wrapper\">\n\t\t\t<p>Tel: <strong>+420 739 748 372<\/strong><\/p>\n\n\t\t<\/div>\n\t<\/div>\n<\/div><\/div><\/div><\/div><\/div><\/div><\/div><\/div><div class=\"vc_row wpb_row vc_row-fluid\"><div class=\"wpb_column vc_column_container vc_col-sm-12\"><div class=\"vc_column-inner\"><div class=\"wpb_wrapper\"><div class=\"vc_empty_space\"   style=\"height: 30px\" ><span class=\"vc_empty_space_inner\"><\/span><\/div>\n<\/div><\/div><\/div><\/div><div class=\"vc_row wpb_row vc_row-fluid\"><div class=\"wpb_column vc_column_container vc_col-sm-12\"><div class=\"vc_column-inner\"><div class=\"wpb_wrapper\"><div class=\"wpb_gallery wpb_content_element vc_clearfix\" ><div class=\"wpb_wrapper\"><div class=\"wpb_gallery_slides wpb_image_grid\" data-interval=\"3\"><ul class=\"wpb_image_grid_ul\"><li class=\"isotope-item\"><a class=\"prettyphoto\" href=\"https:\/\/wellness-kromeriz.cz\/wp-content\/uploads\/2018\/11\/rehabilitace1.jpg\" data-rel=\"prettyPhoto[rel-2329-1695885679]\"><img decoding=\"async\" class=\"\" src=\"https:\/\/wellness-kromeriz.cz\/wp-content\/uploads\/2018\/11\/rehabilitace1-550x300.jpg\" width=\"550\" height=\"300\" alt=\"\" title=\"\" \/><\/a><\/li><li class=\"isotope-item\"><a class=\"prettyphoto\" href=\"https:\/\/wellness-kromeriz.cz\/wp-content\/uploads\/2018\/11\/rehabilitace2.jpg\" data-rel=\"prettyPhoto[rel-2329-1695885679]\"><img decoding=\"async\" class=\"\" src=\"https:\/\/wellness-kromeriz.cz\/wp-content\/uploads\/2018\/11\/rehabilitace2-550x300.jpg\" width=\"550\" height=\"300\" alt=\"\" title=\"\" \/><\/a><\/li><li class=\"isotope-item\"><a class=\"prettyphoto\" href=\"https:\/\/wellness-kromeriz.cz\/wp-content\/uploads\/2018\/11\/rehabilitace3.jpg\" data-rel=\"prettyPhoto[rel-2329-1695885679]\"><img decoding=\"async\" class=\"\" src=\"https:\/\/wellness-kromeriz.cz\/wp-content\/uploads\/2018\/11\/rehabilitace3-550x300.jpg\" width=\"550\" height=\"300\" alt=\"\" title=\"\" \/><\/a><\/li><\/ul><\/div><\/div><\/div><\/div><\/div><\/div><\/div><div class=\"vc_row wpb_row vc_row-fluid\"><div class=\"wpb_column vc_column_container vc_col-sm-12\"><div class=\"vc_column-inner\"><div class=\"wpb_wrapper\"><div class=\"vc_empty_space\"   style=\"height: 20px\" ><span class=\"vc_empty_space_inner\"><\/span><\/div>\n<\/div><\/div><\/div><\/div>","protected":false},"excerpt":{"rendered":"REHABILITACE Rehabilitac\u00ed obvykle rozum\u00edme rozs\u00e1hl\u00fd proces pomoci zran\u011bn\u00e9mu \u010di nemocn\u00e9mu \u010dlov\u011bku v n\u00e1vratu k jeho p\u016fvodn\u00edm pohybov\u00fdm, pracovn\u00edm a sportovn\u00edm schopnostem. \u010clov\u011bk podstupuj\u00edc\u00ed zdravotn\u00ed rehabilita\u010dn\u00ed p\u00e9\u010di nemus\u00ed b\u00fdt zran\u011bn\u00fd nebo vysloven\u011b nemocn\u00fd. \u0158ada pacient\u016f nastupuje na rehabilitaci z preventivn\u00edch d\u016fvod\u016f, nap\u0159. pro nedostate\u010dnou stabilizaci t\u011bla kostern\u00edmi svaly. Tedy je\u0161t\u011b p\u0159ed vznikem p\u0159\u00edpadn\u00fdch bolest\u00ed zad nebo [...]","protected":false},"author":1,"featured_media":2384,"parent":0,"menu_order":7,"comment_status":"closed","ping_status":"closed","template":"","meta":{"footnotes":""},"class_list":["post-2329","page","type-page","status-publish","has-post-thumbnail","hentry"],"yoast_head":"<!-- This site is optimized with the Yoast SEO plugin v23.5 - https:\/\/yoast.com\/wordpress\/plugins\/seo\/ -->\n<title>Rehabilitace | Medical &amp; Wellness Centrum Harmony<\/title>\n<meta name=\"robots\" content=\"index, follow, max-snippet:-1, max-image-preview:large, max-video-preview:-1\" \/>\n<link rel=\"canonical\" href=\"https:\/\/wellness-kromeriz.cz\/en\/rehabilitace-harmony\/\" \/>\n<meta property=\"og:locale\" content=\"en_GB\" \/>\n<meta property=\"og:type\" content=\"article\" \/>\n<meta property=\"og:title\" content=\"Rehabilitace | Medical &amp; Wellness Centrum Harmony\" \/>\n<meta property=\"og:url\" content=\"https:\/\/wellness-kromeriz.cz\/en\/rehabilitace-harmony\/\" \/>\n<meta property=\"og:site_name\" content=\"Medical &amp; Wellness Centrum Harmony\" \/>\n<meta property=\"article:modified_time\" content=\"2025-01-03T10:32:17+00:00\" \/>\n<meta property=\"og:image\" content=\"https:\/\/wellness-kromeriz.cz\/wp-content\/uploads\/2018\/11\/rehabilitace-1.jpg\" \/>\n\t<meta property=\"og:image:width\" content=\"400\" \/>\n\t<meta property=\"og:image:height\" content=\"600\" \/>\n\t<meta property=\"og:image:type\" content=\"image\/jpeg\" \/>\n<meta name=\"twitter:card\" content=\"summary_large_image\" \/>\n<meta name=\"twitter:label1\" content=\"Estimated reading time\" \/>\n\t<meta name=\"twitter:data1\" content=\"2 minutes\" \/>\n<script type=\"application\/ld+json\" class=\"yoast-schema-graph\">{\"@context\":\"https:\/\/schema.org\",\"@graph\":[{\"@type\":\"WebPage\",\"@id\":\"https:\/\/wellness-kromeriz.cz\/rehabilitace-harmony\/\",\"url\":\"https:\/\/wellness-kromeriz.cz\/rehabilitace-harmony\/\",\"name\":\"Rehabilitace | Medical &amp; Wellness Centrum Harmony\",\"isPartOf\":{\"@id\":\"https:\/\/wellness-kromeriz.cz\/#website\"},\"primaryImageOfPage\":{\"@id\":\"https:\/\/wellness-kromeriz.cz\/rehabilitace-harmony\/#primaryimage\"},\"image\":{\"@id\":\"https:\/\/wellness-kromeriz.cz\/rehabilitace-harmony\/#primaryimage\"},\"thumbnailUrl\":\"https:\/\/wellness-kromeriz.cz\/wp-content\/uploads\/2018\/11\/rehabilitace-1.jpg\",\"datePublished\":\"2018-11-27T15:29:36+00:00\",\"dateModified\":\"2025-01-03T10:32:17+00:00\",\"breadcrumb\":{\"@id\":\"https:\/\/wellness-kromeriz.cz\/rehabilitace-harmony\/#breadcrumb\"},\"inLanguage\":\"en-GB\",\"potentialAction\":[{\"@type\":\"ReadAction\",\"target\":[\"https:\/\/wellness-kromeriz.cz\/rehabilitace-harmony\/\"]}]},{\"@type\":\"ImageObject\",\"inLanguage\":\"en-GB\",\"@id\":\"https:\/\/wellness-kromeriz.cz\/rehabilitace-harmony\/#primaryimage\",\"url\":\"https:\/\/wellness-kromeriz.cz\/wp-content\/uploads\/2018\/11\/rehabilitace-1.jpg\",\"contentUrl\":\"https:\/\/wellness-kromeriz.cz\/wp-content\/uploads\/2018\/11\/rehabilitace-1.jpg\",\"width\":400,\"height\":600},{\"@type\":\"BreadcrumbList\",\"@id\":\"https:\/\/wellness-kromeriz.cz\/rehabilitace-harmony\/#breadcrumb\",\"itemListElement\":[{\"@type\":\"ListItem\",\"position\":1,\"name\":\"Dom\u016f\",\"item\":\"https:\/\/wellness-kromeriz.cz\/\"},{\"@type\":\"ListItem\",\"position\":2,\"name\":\"Rehabilitace\"}]},{\"@type\":\"WebSite\",\"@id\":\"https:\/\/wellness-kromeriz.cz\/#website\",\"url\":\"https:\/\/wellness-kromeriz.cz\/\",\"name\":\"Medical &amp; Wellness Centrum Harmony\",\"description\":\"Medical &amp; Wellness Centrum Harmony\",\"publisher\":{\"@id\":\"https:\/\/wellness-kromeriz.cz\/#organization\"},\"potentialAction\":[{\"@type\":\"SearchAction\",\"target\":{\"@type\":\"EntryPoint\",\"urlTemplate\":\"https:\/\/wellness-kromeriz.cz\/?s={search_term_string}\"},\"query-input\":{\"@type\":\"PropertyValueSpecification\",\"valueRequired\":true,\"valueName\":\"search_term_string\"}}],\"inLanguage\":\"en-GB\"},{\"@type\":\"Organization\",\"@id\":\"https:\/\/wellness-kromeriz.cz\/#organization\",\"name\":\"Wellness Harmony Krom\u011b\u0159\u00ed\u017e\",\"url\":\"https:\/\/wellness-kromeriz.cz\/\",\"logo\":{\"@type\":\"ImageObject\",\"inLanguage\":\"en-GB\",\"@id\":\"https:\/\/wellness-kromeriz.cz\/#\/schema\/logo\/image\/\",\"url\":\"https:\/\/wellness-kromeriz.cz\/wp-content\/uploads\/2018\/11\/harmony-logo-1.png\",\"contentUrl\":\"https:\/\/wellness-kromeriz.cz\/wp-content\/uploads\/2018\/11\/harmony-logo-1.png\",\"width\":1962,\"height\":505,\"caption\":\"Wellness Harmony Krom\u011b\u0159\u00ed\u017e\"},\"image\":{\"@id\":\"https:\/\/wellness-kromeriz.cz\/#\/schema\/logo\/image\/\"}}]}<\/script>\n<!-- \/ Yoast SEO plugin. -->","yoast_head_json":{"title":"Rehabilitace | Medical &amp; Wellness Centrum Harmony","robots":{"index":"index","follow":"follow","max-snippet":"max-snippet:-1","max-image-preview":"max-image-preview:large","max-video-preview":"max-video-preview:-1"},"canonical":"https:\/\/wellness-kromeriz.cz\/en\/rehabilitace-harmony\/","og_locale":"en_GB","og_type":"article","og_title":"Rehabilitace | Medical &amp; Wellness Centrum Harmony","og_url":"https:\/\/wellness-kromeriz.cz\/en\/rehabilitace-harmony\/","og_site_name":"Medical &amp; Wellness Centrum Harmony","article_modified_time":"2025-01-03T10:32:17+00:00","og_image":[{"width":400,"height":600,"url":"https:\/\/wellness-kromeriz.cz\/wp-content\/uploads\/2018\/11\/rehabilitace-1.jpg","type":"image\/jpeg"}],"twitter_card":"summary_large_image","twitter_misc":{"Estimated reading time":"2 minutes"},"schema":{"@context":"https:\/\/schema.org","@graph":[{"@type":"WebPage","@id":"https:\/\/wellness-kromeriz.cz\/rehabilitace-harmony\/","url":"https:\/\/wellness-kromeriz.cz\/rehabilitace-harmony\/","name":"Rehabilitace | Medical &amp; Wellness Centrum Harmony","isPartOf":{"@id":"https:\/\/wellness-kromeriz.cz\/#website"},"primaryImageOfPage":{"@id":"https:\/\/wellness-kromeriz.cz\/rehabilitace-harmony\/#primaryimage"},"image":{"@id":"https:\/\/wellness-kromeriz.cz\/rehabilitace-harmony\/#primaryimage"},"thumbnailUrl":"https:\/\/wellness-kromeriz.cz\/wp-content\/uploads\/2018\/11\/rehabilitace-1.jpg","datePublished":"2018-11-27T15:29:36+00:00","dateModified":"2025-01-03T10:32:17+00:00","breadcrumb":{"@id":"https:\/\/wellness-kromeriz.cz\/rehabilitace-harmony\/#breadcrumb"},"inLanguage":"en-GB","potentialAction":[{"@type":"ReadAction","target":["https:\/\/wellness-kromeriz.cz\/rehabilitace-harmony\/"]}]},{"@type":"ImageObject","inLanguage":"en-GB","@id":"https:\/\/wellness-kromeriz.cz\/rehabilitace-harmony\/#primaryimage","url":"https:\/\/wellness-kromeriz.cz\/wp-content\/uploads\/2018\/11\/rehabilitace-1.jpg","contentUrl":"https:\/\/wellness-kromeriz.cz\/wp-content\/uploads\/2018\/11\/rehabilitace-1.jpg","width":400,"height":600},{"@type":"BreadcrumbList","@id":"https:\/\/wellness-kromeriz.cz\/rehabilitace-harmony\/#breadcrumb","itemListElement":[{"@type":"ListItem","position":1,"name":"Dom\u016f","item":"https:\/\/wellness-kromeriz.cz\/"},{"@type":"ListItem","position":2,"name":"Rehabilitace"}]},{"@type":"WebSite","@id":"https:\/\/wellness-kromeriz.cz\/#website","url":"https:\/\/wellness-kromeriz.cz\/","name":"Medical &amp; Wellness Centrum Harmony","description":"Medical &amp; Wellness Centrum Harmony","publisher":{"@id":"https:\/\/wellness-kromeriz.cz\/#organization"},"potentialAction":[{"@type":"SearchAction","target":{"@type":"EntryPoint","urlTemplate":"https:\/\/wellness-kromeriz.cz\/?s={search_term_string}"},"query-input":{"@type":"PropertyValueSpecification","valueRequired":true,"valueName":"search_term_string"}}],"inLanguage":"en-GB"},{"@type":"Organization","@id":"https:\/\/wellness-kromeriz.cz\/#organization","name":"Wellness Harmony Krom\u011b\u0159\u00ed\u017e","url":"https:\/\/wellness-kromeriz.cz\/","logo":{"@type":"ImageObject","inLanguage":"en-GB","@id":"https:\/\/wellness-kromeriz.cz\/#\/schema\/logo\/image\/","url":"https:\/\/wellness-kromeriz.cz\/wp-content\/uploads\/2018\/11\/harmony-logo-1.png","contentUrl":"https:\/\/wellness-kromeriz.cz\/wp-content\/uploads\/2018\/11\/harmony-logo-1.png","width":1962,"height":505,"caption":"Wellness Harmony Krom\u011b\u0159\u00ed\u017e"},"image":{"@id":"https:\/\/wellness-kromeriz.cz\/#\/schema\/logo\/image\/"}}]}},"_links":{"self":[{"href":"https:\/\/wellness-kromeriz.cz\/en\/wp-json\/wp\/v2\/pages\/2329"}],"collection":[{"href":"https:\/\/wellness-kromeriz.cz\/en\/wp-json\/wp\/v2\/pages"}],"about":[{"href":"https:\/\/wellness-kromeriz.cz\/en\/wp-json\/wp\/v2\/types\/page"}],"author":[{"embeddable":true,"href":"https:\/\/wellness-kromeriz.cz\/en\/wp-json\/wp\/v2\/users\/1"}],"replies":[{"embeddable":true,"href":"https:\/\/wellness-kromeriz.cz\/en\/wp-json\/wp\/v2\/comments?post=2329"}],"version-history":[{"count":35,"href":"https:\/\/wellness-kromeriz.cz\/en\/wp-json\/wp\/v2\/pages\/2329\/revisions"}],"predecessor-version":[{"id":4073,"href":"https:\/\/wellness-kromeriz.cz\/en\/wp-json\/wp\/v2\/pages\/2329\/revisions\/4073"}],"wp:featuredmedia":[{"embeddable":true,"href":"https:\/\/wellness-kromeriz.cz\/en\/wp-json\/wp\/v2\/media\/2384"}],"wp:attachment":[{"href":"https:\/\/wellness-kromeriz.cz\/en\/wp-json\/wp\/v2\/media?parent=2329"}],"curies":[{"name":"wp","href":"https:\/\/api.w.org\/{rel}","templated":true}]}}