{"id":2339,"date":"2018-11-27T15:32:09","date_gmt":"2018-11-27T15:32:09","guid":{"rendered":"https:\/\/wellness-kromeriz.cz\/?page_id=2339"},"modified":"2025-01-03T10:03:16","modified_gmt":"2025-01-03T10:03:16","slug":"solarium","status":"publish","type":"page","link":"https:\/\/wellness-kromeriz.cz\/en\/solarium\/","title":{"rendered":"Sol\u00e1rium"},"content":{"rendered":"<div class=\"vc_row wpb_row vc_row-fluid\"><div class=\"wpb_column vc_column_container vc_col-sm-12\"><div class=\"vc_column-inner\"><div class=\"wpb_wrapper\"><div style=\"font-size: 24px;color: #202020;text-align: left\" class=\"vc_custom_heading font-weight-700\" >SOL\u00c1RIUM HARMONY WELLNESS<\/div>\n\t<div class=\"wpb_text_column wpb_content_element\" >\n\t\t<div class=\"wpb_wrapper\">\n\t\t\t<p>Tento nov\u00fd model profesion\u00e1ln\u00edho turbosol\u00e1ria je ve sv\u00e9 t\u0159\u00edd\u011b naprosto bezkonkuren\u010dn\u00ed.\u00a0Vynik\u00e1 vysok\u00fdm opalovac\u00edm v\u00fdkonem. Na recepci je mo\u017en\u00e9 zakoupit sol\u00e1rn\u00ed kosmetiku Oranjito za zv\u00fdhodn\u011bnou cenu.<\/p>\n<p>Pro\u010d se vlastn\u011b opalujeme? Proto, \u017ee slune\u010dn\u00ed sv\u011btlo je nezbytn\u00e9 pro ve\u0161ker\u00fd \u017eivot na Zemi. U\u017e v minul\u00e9m stolet\u00ed byla odhalena prosp\u011b\u0161n\u00e1 vlastnost slune\u010dn\u00edho z\u00e1\u0159en\u00ed a to zejm\u00e9na v prevenci nedostatku vitaminu D. Na druh\u00e9 stran\u011b ji\u017e koncem 19.stolet\u00ed dermatologov\u00e9 upozor\u0148ovali na mo\u017enosti nep\u0159\u00edzniv\u00fdch \u00fa\u010dink\u016f p\u0159i dlouhodob\u00e9 expozici. Jak\u00e9 je tedy bezpe\u010dn\u00e9 opalov\u00e1n\u00ed? Pouze takov\u00e9, kter\u00e9 n\u00e1m nesp\u00e1l\u00ed k\u016f\u017ei. A to jak opalov\u00e1n\u00ed v sol\u00e1riu, tak na p\u0159\u00edm\u00e9m slunci. Opalov\u00e1n\u00ed v sol\u00e1riu m\u00e1 tu nespornou v\u00fdhodu, \u017ee je kontrolovateln\u00e9, co\u017e je jeho hlavn\u00ed prioritou.<\/p>\n\n\t\t<\/div>\n\t<\/div>\n<div style=\"font-size: 24px;color: #202020;text-align: left\" class=\"vc_custom_heading font-weight-700\" >Ultrasun Q10 Magnum Power<\/div>\n\t<div class=\"wpb_text_column wpb_content_element\" >\n\t\t<div class=\"wpb_wrapper\">\n\t\t\t<p>Ultrasun Q10 Magnum Power je jedno z nejkvalitn\u011bj\u0161\u00edch sol\u00e1ri\u00ed na \u010desk\u00e9m trhu. Vynik\u00e1 vysok\u00fdm opalovac\u00edm \u00fa\u010dinkem d\u00edky sv\u00e9 konstrukci a v\u00fdbav\u011b. V\u00fdkon turbosol\u00e1ria Ultrasun Q10 Magnum Power: horn\u00ed: 22 x 160 W, spodn\u00ed:\u00a0 16 x 120 W XL (190 cm), obli\u010dejov\u00e9 v\u00fdbojky: 3 x 500 W, opalova\u010de ramen: 5 x 25 W.<\/p>\n\n\t\t<\/div>\n\t<\/div>\n<\/div><\/div><\/div><\/div><div class=\"vc_row wpb_row vc_row-fluid\"><div class=\"wpb_column vc_column_container vc_col-sm-12\"><div class=\"vc_column-inner\"><div class=\"wpb_wrapper\">\n\t<div class=\"wpb_text_column wpb_content_element\" >\n\t\t<div class=\"wpb_wrapper\">\n\t\t\t\n<table id=\"tablepress-2\" class=\"tablepress tablepress-id-2\">\n<thead>\n<tr class=\"row-1 odd\">\n\t<th class=\"column-1\"><strong>TURBO - SOL\u00c1RIUM <\/strong><\/th><th class=\"column-2\">\u010cAS<\/th><th class=\"column-3\">CENA<\/th>\n<\/tr>\n<\/thead>\n<tbody class=\"row-hover\">\n<tr class=\"row-2 even\">\n\t<td class=\"column-1\">Jednor\u00e1zov\u00fd vstup<\/td><td class=\"column-2\">1 min<br \/>\n<\/td><td class=\"column-3\">14 K\u010d<\/td>\n<\/tr>\n<tr class=\"row-3 odd\">\n\t<td class=\"column-1\">PERMANENTKA - Platnost permanentky 6 m\u011bs\u00edc\u016f od zakoupen\u00ed.<\/td><td class=\"column-2\">100 min<\/td><td class=\"column-3\">1200 K\u010d<\/td>\n<\/tr>\n<tr class=\"row-4 even\">\n\t<td class=\"column-1\">PERMANENTKA - Platnost permanentky 6 m\u011bs\u00edc\u016f od zakoupen\u00ed.<\/td><td class=\"column-2\">150 min<\/td><td class=\"column-3\">1500 K\u010d<\/td>\n<\/tr>\n<tr class=\"row-5 odd\">\n\t<td class=\"column-1\">PERMANENTKA  - Platnost permanentky 6 m\u011bs\u00edc\u016f od zakoupen\u00ed.<\/td><td class=\"column-2\">200 min<\/td><td class=\"column-3\">2000 K\u010d<\/td>\n<\/tr>\n<tr class=\"row-6 even\">\n\t<td class=\"column-1\">PERMANENTKA  - Platnost permanentky 6 m\u011bs\u00edc\u016f od zakoupen\u00ed.<\/td><td class=\"column-2\">300 min<\/td><td class=\"column-3\">2500 K\u010d<\/td>\n<\/tr>\n<tr class=\"row-7 odd\">\n\t<td class=\"column-1\">Kr\u00e9m p\u0159ed nebo po opalov\u00e1n\u00ed<\/td><td class=\"column-2\"><\/td><td class=\"column-3\">270 K\u010d<\/td>\n<\/tr>\n<tr class=\"row-8 even\">\n\t<td class=\"column-1\">Kr\u00e9m k zakoupen\u00e9 permanentce zv\u00fdhodn\u011bn\u00e1 cena<\/td><td class=\"column-2\"><\/td><td class=\"column-3\">220 K\u010d<\/td>\n<\/tr>\n<\/tbody>\n<\/table>\n<!-- #tablepress-2 from cache -->\n\n\t\t<\/div>\n\t<\/div>\n<\/div><\/div><\/div><\/div><div class=\"vc_row wpb_row vc_row-fluid\"><div class=\"wpb_column vc_column_container vc_col-sm-12\"><div class=\"vc_column-inner\"><div class=\"wpb_wrapper\"><div class=\"wpb_gallery wpb_content_element vc_clearfix\" ><div class=\"wpb_wrapper\"><div class=\"wpb_gallery_slides wpb_image_grid\" data-interval=\"3\"><ul class=\"wpb_image_grid_ul\"><li class=\"isotope-item\"><a class=\"prettyphoto\" href=\"https:\/\/wellness-kromeriz.cz\/wp-content\/uploads\/2021\/05\/P1010628.jpg\" data-rel=\"prettyPhoto[rel-2339-1710104622]\"><img decoding=\"async\" class=\"\" src=\"https:\/\/wellness-kromeriz.cz\/wp-content\/uploads\/2021\/05\/P1010628-568x300.jpg\" width=\"568\" height=\"300\" alt=\"\" title=\"\" \/><\/a><\/li><li class=\"isotope-item\"><a class=\"prettyphoto\" href=\"https:\/\/wellness-kromeriz.cz\/wp-content\/uploads\/2018\/11\/solarium-uvod-1024x681.jpg\" data-rel=\"prettyPhoto[rel-2339-1710104622]\"><img decoding=\"async\" class=\"\" src=\"https:\/\/wellness-kromeriz.cz\/wp-content\/uploads\/2018\/11\/solarium-uvod-568x300.jpg\" width=\"568\" height=\"300\" alt=\"solarium-uvod\" title=\"solarium-uvod\" \/><\/a><\/li><\/ul><\/div><\/div><\/div><\/div><\/div><\/div><\/div><div class=\"vc_row wpb_row vc_row-fluid\"><div class=\"wpb_column vc_column_container vc_col-sm-12\"><div class=\"vc_column-inner\"><div class=\"wpb_wrapper\"><div class=\"vc_empty_space\"   style=\"height: 20px\" ><span class=\"vc_empty_space_inner\"><\/span><\/div>\n<\/div><\/div><\/div><\/div>","protected":false},"excerpt":{"rendered":"SOL\u00c1RIUM HARMONY WELLNESS Tento nov\u00fd model profesion\u00e1ln\u00edho turbosol\u00e1ria je ve sv\u00e9 t\u0159\u00edd\u011b naprosto bezkonkuren\u010dn\u00ed.\u00a0Vynik\u00e1 vysok\u00fdm opalovac\u00edm v\u00fdkonem. Na recepci je mo\u017en\u00e9 zakoupit sol\u00e1rn\u00ed kosmetiku Oranjito za zv\u00fdhodn\u011bnou cenu. Pro\u010d se vlastn\u011b opalujeme? Proto, \u017ee slune\u010dn\u00ed sv\u011btlo je nezbytn\u00e9 pro ve\u0161ker\u00fd \u017eivot na Zemi. U\u017e v minul\u00e9m stolet\u00ed byla odhalena prosp\u011b\u0161n\u00e1 vlastnost slune\u010dn\u00edho z\u00e1\u0159en\u00ed a to [...]","protected":false},"author":1,"featured_media":3381,"parent":0,"menu_order":1,"comment_status":"closed","ping_status":"closed","template":"","meta":{"footnotes":""},"class_list":["post-2339","page","type-page","status-publish","has-post-thumbnail","hentry"],"yoast_head":"<!-- This site is optimized with the Yoast SEO plugin v23.5 - https:\/\/yoast.com\/wordpress\/plugins\/seo\/ -->\n<title>Sol\u00e1rium | Medical &amp; Wellness Centrum Harmony<\/title>\n<meta name=\"robots\" content=\"index, follow, max-snippet:-1, max-image-preview:large, max-video-preview:-1\" \/>\n<link rel=\"canonical\" href=\"https:\/\/wellness-kromeriz.cz\/en\/solarium\/\" \/>\n<meta property=\"og:locale\" content=\"en_GB\" \/>\n<meta property=\"og:type\" content=\"article\" \/>\n<meta property=\"og:title\" content=\"Sol\u00e1rium | Medical &amp; Wellness Centrum Harmony\" \/>\n<meta property=\"og:url\" content=\"https:\/\/wellness-kromeriz.cz\/en\/solarium\/\" \/>\n<meta property=\"og:site_name\" content=\"Medical &amp; Wellness Centrum Harmony\" \/>\n<meta property=\"article:modified_time\" content=\"2025-01-03T10:03:16+00:00\" \/>\n<meta property=\"og:image\" content=\"https:\/\/wellness-kromeriz.cz\/wp-content\/uploads\/2021\/05\/P1010628.jpg\" \/>\n\t<meta property=\"og:image:width\" content=\"900\" \/>\n\t<meta property=\"og:image:height\" content=\"600\" \/>\n\t<meta property=\"og:image:type\" content=\"image\/jpeg\" \/>\n<meta name=\"twitter:card\" content=\"summary_large_image\" \/>\n<meta name=\"twitter:label1\" content=\"Estimated reading time\" \/>\n\t<meta name=\"twitter:data1\" content=\"2 minutes\" \/>\n<script type=\"application\/ld+json\" class=\"yoast-schema-graph\">{\"@context\":\"https:\/\/schema.org\",\"@graph\":[{\"@type\":\"WebPage\",\"@id\":\"https:\/\/wellness-kromeriz.cz\/solarium\/\",\"url\":\"https:\/\/wellness-kromeriz.cz\/solarium\/\",\"name\":\"Sol\u00e1rium | Medical &amp; Wellness Centrum Harmony\",\"isPartOf\":{\"@id\":\"https:\/\/wellness-kromeriz.cz\/#website\"},\"primaryImageOfPage\":{\"@id\":\"https:\/\/wellness-kromeriz.cz\/solarium\/#primaryimage\"},\"image\":{\"@id\":\"https:\/\/wellness-kromeriz.cz\/solarium\/#primaryimage\"},\"thumbnailUrl\":\"https:\/\/wellness-kromeriz.cz\/wp-content\/uploads\/2021\/05\/P1010628.jpg\",\"datePublished\":\"2018-11-27T15:32:09+00:00\",\"dateModified\":\"2025-01-03T10:03:16+00:00\",\"breadcrumb\":{\"@id\":\"https:\/\/wellness-kromeriz.cz\/solarium\/#breadcrumb\"},\"inLanguage\":\"en-GB\",\"potentialAction\":[{\"@type\":\"ReadAction\",\"target\":[\"https:\/\/wellness-kromeriz.cz\/solarium\/\"]}]},{\"@type\":\"ImageObject\",\"inLanguage\":\"en-GB\",\"@id\":\"https:\/\/wellness-kromeriz.cz\/solarium\/#primaryimage\",\"url\":\"https:\/\/wellness-kromeriz.cz\/wp-content\/uploads\/2021\/05\/P1010628.jpg\",\"contentUrl\":\"https:\/\/wellness-kromeriz.cz\/wp-content\/uploads\/2021\/05\/P1010628.jpg\",\"width\":900,\"height\":600},{\"@type\":\"BreadcrumbList\",\"@id\":\"https:\/\/wellness-kromeriz.cz\/solarium\/#breadcrumb\",\"itemListElement\":[{\"@type\":\"ListItem\",\"position\":1,\"name\":\"Dom\u016f\",\"item\":\"https:\/\/wellness-kromeriz.cz\/\"},{\"@type\":\"ListItem\",\"position\":2,\"name\":\"Sol\u00e1rium\"}]},{\"@type\":\"WebSite\",\"@id\":\"https:\/\/wellness-kromeriz.cz\/#website\",\"url\":\"https:\/\/wellness-kromeriz.cz\/\",\"name\":\"Medical &amp; Wellness Centrum Harmony\",\"description\":\"Medical &amp; Wellness Centrum Harmony\",\"publisher\":{\"@id\":\"https:\/\/wellness-kromeriz.cz\/#organization\"},\"potentialAction\":[{\"@type\":\"SearchAction\",\"target\":{\"@type\":\"EntryPoint\",\"urlTemplate\":\"https:\/\/wellness-kromeriz.cz\/?s={search_term_string}\"},\"query-input\":{\"@type\":\"PropertyValueSpecification\",\"valueRequired\":true,\"valueName\":\"search_term_string\"}}],\"inLanguage\":\"en-GB\"},{\"@type\":\"Organization\",\"@id\":\"https:\/\/wellness-kromeriz.cz\/#organization\",\"name\":\"Wellness Harmony Krom\u011b\u0159\u00ed\u017e\",\"url\":\"https:\/\/wellness-kromeriz.cz\/\",\"logo\":{\"@type\":\"ImageObject\",\"inLanguage\":\"en-GB\",\"@id\":\"https:\/\/wellness-kromeriz.cz\/#\/schema\/logo\/image\/\",\"url\":\"https:\/\/wellness-kromeriz.cz\/wp-content\/uploads\/2018\/11\/harmony-logo-1.png\",\"contentUrl\":\"https:\/\/wellness-kromeriz.cz\/wp-content\/uploads\/2018\/11\/harmony-logo-1.png\",\"width\":1962,\"height\":505,\"caption\":\"Wellness Harmony Krom\u011b\u0159\u00ed\u017e\"},\"image\":{\"@id\":\"https:\/\/wellness-kromeriz.cz\/#\/schema\/logo\/image\/\"}}]}<\/script>\n<!-- \/ Yoast SEO plugin. -->","yoast_head_json":{"title":"Sol\u00e1rium | Medical &amp; Wellness Centrum Harmony","robots":{"index":"index","follow":"follow","max-snippet":"max-snippet:-1","max-image-preview":"max-image-preview:large","max-video-preview":"max-video-preview:-1"},"canonical":"https:\/\/wellness-kromeriz.cz\/en\/solarium\/","og_locale":"en_GB","og_type":"article","og_title":"Sol\u00e1rium | Medical &amp; Wellness Centrum Harmony","og_url":"https:\/\/wellness-kromeriz.cz\/en\/solarium\/","og_site_name":"Medical &amp; Wellness Centrum Harmony","article_modified_time":"2025-01-03T10:03:16+00:00","og_image":[{"width":900,"height":600,"url":"https:\/\/wellness-kromeriz.cz\/wp-content\/uploads\/2021\/05\/P1010628.jpg","type":"image\/jpeg"}],"twitter_card":"summary_large_image","twitter_misc":{"Estimated reading time":"2 minutes"},"schema":{"@context":"https:\/\/schema.org","@graph":[{"@type":"WebPage","@id":"https:\/\/wellness-kromeriz.cz\/solarium\/","url":"https:\/\/wellness-kromeriz.cz\/solarium\/","name":"Sol\u00e1rium | Medical &amp; Wellness Centrum Harmony","isPartOf":{"@id":"https:\/\/wellness-kromeriz.cz\/#website"},"primaryImageOfPage":{"@id":"https:\/\/wellness-kromeriz.cz\/solarium\/#primaryimage"},"image":{"@id":"https:\/\/wellness-kromeriz.cz\/solarium\/#primaryimage"},"thumbnailUrl":"https:\/\/wellness-kromeriz.cz\/wp-content\/uploads\/2021\/05\/P1010628.jpg","datePublished":"2018-11-27T15:32:09+00:00","dateModified":"2025-01-03T10:03:16+00:00","breadcrumb":{"@id":"https:\/\/wellness-kromeriz.cz\/solarium\/#breadcrumb"},"inLanguage":"en-GB","potentialAction":[{"@type":"ReadAction","target":["https:\/\/wellness-kromeriz.cz\/solarium\/"]}]},{"@type":"ImageObject","inLanguage":"en-GB","@id":"https:\/\/wellness-kromeriz.cz\/solarium\/#primaryimage","url":"https:\/\/wellness-kromeriz.cz\/wp-content\/uploads\/2021\/05\/P1010628.jpg","contentUrl":"https:\/\/wellness-kromeriz.cz\/wp-content\/uploads\/2021\/05\/P1010628.jpg","width":900,"height":600},{"@type":"BreadcrumbList","@id":"https:\/\/wellness-kromeriz.cz\/solarium\/#breadcrumb","itemListElement":[{"@type":"ListItem","position":1,"name":"Dom\u016f","item":"https:\/\/wellness-kromeriz.cz\/"},{"@type":"ListItem","position":2,"name":"Sol\u00e1rium"}]},{"@type":"WebSite","@id":"https:\/\/wellness-kromeriz.cz\/#website","url":"https:\/\/wellness-kromeriz.cz\/","name":"Medical &amp; Wellness Centrum Harmony","description":"Medical &amp; Wellness Centrum Harmony","publisher":{"@id":"https:\/\/wellness-kromeriz.cz\/#organization"},"potentialAction":[{"@type":"SearchAction","target":{"@type":"EntryPoint","urlTemplate":"https:\/\/wellness-kromeriz.cz\/?s={search_term_string}"},"query-input":{"@type":"PropertyValueSpecification","valueRequired":true,"valueName":"search_term_string"}}],"inLanguage":"en-GB"},{"@type":"Organization","@id":"https:\/\/wellness-kromeriz.cz\/#organization","name":"Wellness Harmony Krom\u011b\u0159\u00ed\u017e","url":"https:\/\/wellness-kromeriz.cz\/","logo":{"@type":"ImageObject","inLanguage":"en-GB","@id":"https:\/\/wellness-kromeriz.cz\/#\/schema\/logo\/image\/","url":"https:\/\/wellness-kromeriz.cz\/wp-content\/uploads\/2018\/11\/harmony-logo-1.png","contentUrl":"https:\/\/wellness-kromeriz.cz\/wp-content\/uploads\/2018\/11\/harmony-logo-1.png","width":1962,"height":505,"caption":"Wellness Harmony Krom\u011b\u0159\u00ed\u017e"},"image":{"@id":"https:\/\/wellness-kromeriz.cz\/#\/schema\/logo\/image\/"}}]}},"_links":{"self":[{"href":"https:\/\/wellness-kromeriz.cz\/en\/wp-json\/wp\/v2\/pages\/2339"}],"collection":[{"href":"https:\/\/wellness-kromeriz.cz\/en\/wp-json\/wp\/v2\/pages"}],"about":[{"href":"https:\/\/wellness-kromeriz.cz\/en\/wp-json\/wp\/v2\/types\/page"}],"author":[{"embeddable":true,"href":"https:\/\/wellness-kromeriz.cz\/en\/wp-json\/wp\/v2\/users\/1"}],"replies":[{"embeddable":true,"href":"https:\/\/wellness-kromeriz.cz\/en\/wp-json\/wp\/v2\/comments?post=2339"}],"version-history":[{"count":40,"href":"https:\/\/wellness-kromeriz.cz\/en\/wp-json\/wp\/v2\/pages\/2339\/revisions"}],"predecessor-version":[{"id":4360,"href":"https:\/\/wellness-kromeriz.cz\/en\/wp-json\/wp\/v2\/pages\/2339\/revisions\/4360"}],"wp:featuredmedia":[{"embeddable":true,"href":"https:\/\/wellness-kromeriz.cz\/en\/wp-json\/wp\/v2\/media\/3381"}],"wp:attachment":[{"href":"https:\/\/wellness-kromeriz.cz\/en\/wp-json\/wp\/v2\/media?parent=2339"}],"curies":[{"name":"wp","href":"https:\/\/api.w.org\/{rel}","templated":true}]}}