{"id":2408,"date":"2018-11-27T17:28:03","date_gmt":"2018-11-27T17:28:03","guid":{"rendered":"https:\/\/wellness-kromeriz.cz\/?page_id=2408"},"modified":"2018-11-27T17:31:52","modified_gmt":"2018-11-27T17:31:52","slug":"ochrana-soukromi","status":"publish","type":"page","link":"https:\/\/wellness-kromeriz.cz\/en\/ochrana-soukromi\/","title":{"rendered":"Ochrana soukrom\u00ed"},"content":{"rendered":"<div class=\"vc_row wpb_row vc_row-fluid\"><div class=\"wpb_column vc_column_container vc_col-sm-12\"><div class=\"vc_column-inner\"><div class=\"wpb_wrapper\">\n\t<div class=\"wpb_text_column wpb_content_element\" >\n\t\t<div class=\"wpb_wrapper\">\n\t\t\t<h2><strong>Provozovatel webu<\/strong><\/h2>\n<p>Vlastn\u00edkem a provozovatelem t\u011bchto\u00a0webov\u00fdch str\u00e1nek je\u00a0<strong>HARMONY MEDICAL &amp; WELLNESS<\/strong>.<\/p>\n<h2><strong>Autorsk\u00e1 pr\u00e1va<\/strong><\/h2>\n<p>Obsah webu je v cel\u00e9m rozsahu chr\u00e1n\u011bn autorsk\u00fdm pr\u00e1vem. Nen\u00ed-li v\u00fdslovn\u011b uvedeno jinak, nen\u00ed mo\u017en\u00e9 obsah p\u0159eb\u00edrat, kop\u00edrovat, reprodukovat ani d\u00e1le \u0161\u00ed\u0159it jin\u00fdmi kan\u00e1ly, s v\u00fdjimkou tisku pro osobn\u00ed pot\u0159ebu a stru\u010dn\u00fdch citac\u00ed \u010di n\u00e1hled\u016f na soci\u00e1ln\u00edch s\u00edt\u00edch s uveden\u00edm zdroje. Souhlas s u\u017eit\u00edm obsahu mus\u00ed b\u00fdt v\u017edy p\u00edsemn\u00fd a lze o n\u011bj po\u017e\u00e1dat.<\/p>\n<h2><strong>Prohl\u00e1\u0161en\u00ed o p\u0159\u00edstupnosti<\/strong><\/h2>\n<p>Autor www str\u00e1nek prohla\u0161uje, \u017ee tyto str\u00e1nky se sna\u017e\u00ed o\u00a0maxim\u00e1ln\u00ed p\u0159\u00edstupnost obsahu i\u00a0v\u0161ech sv\u00fdch funk\u010dnost\u00ed pro v\u0161echny u\u017eivatele internetu.<\/p>\n<p>Webov\u00e1 prezentace je vytvo\u0159ena HTML 5.0, vizu\u00e1ln\u00ed str\u00e1nka prezentace pak s\u00a0vyu\u017eit\u00edm CSS 3.<\/p>\n<h2><strong>Informace o tv\u016frci webu<\/strong><\/h2>\n<p>Webov\u00e9 str\u00e1nky jsou vytvo\u0159eny na publika\u010dn\u00edm syst\u00e9mu WORDPRESS. Str\u00e1nky vytvo\u0159il a navrhl Mgr. Tom\u00e1\u0161 Valach. Kontaktovat jej m\u016f\u017eete na\u00a0<a href=\"http:\/\/www.tomasvalach.cz\/\">www.tomasvalach.cz<\/a>\u00a0nebo na\u00a0<a href=\"mailto:info@tomasvalach.cz\">info@tomasvalach.cz<\/a>.<\/p>\n<h2><strong>Cookies<\/strong><\/h2>\n<p>Tato webov\u00e1 str\u00e1nka pou\u017e\u00edv\u00e1 soubory cookies. K personalizaci obsahu a reklam, poskytov\u00e1n\u00ed funkc\u00ed soci\u00e1ln\u00edch m\u00e9di\u00ed a anal\u00fdze na\u0161\u00ed n\u00e1v\u0161t\u011bvnosti vyu\u017e\u00edv\u00e1me soubory cookie. Cookies jsou mal\u00e9 textov\u00e9 soubory, kter\u00e9 mohou b\u00fdt pou\u017e\u00edv\u00e1ny webov\u00fdmi str\u00e1nkami, aby u\u010dinily u\u017eivatelsk\u00fd z\u00e1\u017eitek v\u00edce efektivn\u00ed.<\/p>\n<ul>\n<li><strong>Funk\u010dn\u00ed:<\/strong>\u00a0Tyto soubory cookies jsou vy\u017eadov\u00e1ny pro z\u00e1kladn\u00ed fungov\u00e1n\u00ed str\u00e1nek, a proto jsou v\u017edy zapnut\u00e9; pat\u0159\u00ed k\u00a0nim cookies, kter\u00e9 umo\u017e\u0148uj\u00ed si V\u00e1s p\u0159i proch\u00e1zen\u00ed na\u0161ich Webov\u00fdch str\u00e1nek zapamatovat ji\u017e b\u011bhem jedin\u00e9 n\u00e1v\u0161t\u011bvy, nebo \u2013 p\u0159ejete-li si to \u2013 p\u0159i ka\u017ed\u00e9 n\u00e1v\u0161t\u011bv\u011b.<\/li>\n<li><strong>Zlep\u0161uj\u00edc\u00ed fungov\u00e1n\u00ed:<\/strong> Tyto soubory cookies n\u00e1m umo\u017e\u0148uj\u00ed zlep\u0161ovat funkcionalitu na\u0161ich Webov\u00fdch str\u00e1nek t\u00edm, \u017ee sledujeme jejich pou\u017e\u00edv\u00e1n\u00ed.\u00a0 V\u00a0n\u011bkter\u00fdch p\u0159\u00edpadech tyto cookies zlep\u0161uj\u00ed rychlost odezvy na Va\u0161e po\u017eadavky a umo\u017e\u0148uj\u00ed n\u00e1m zapamatovat si Va\u0161e volby vybran\u00e9 pro dan\u00e9 str\u00e1nky.\u00a0 Pokud tyto cookies odm\u00edtnete, m\u016f\u017ee to v\u00e9st k\u00a0tomu, \u017ee doporu\u010den\u00ed nebudou p\u0159esn\u00e1 a chod str\u00e1nek se zpomal\u00ed.<\/li>\n<li><strong>Soci\u00e1ln\u00ed m\u00e9dia a reklama:<\/strong> Cookies pro soci\u00e1ln\u00ed m\u00e9dia nab\u00edzej\u00ed mo\u017enost propojit V\u00e1s se soci\u00e1ln\u00edmi s\u00edt\u011bmi a sd\u00edlet na nich obsah z\u00a0na\u0161ich Webov\u00fdch str\u00e1nek.\u00a0 Cookies pro reklamu (cookies t\u0159et\u00edch stran) shroma\u017e\u010fuj\u00ed informace napom\u00e1haj\u00edc\u00ed l\u00e9pe p\u0159izp\u016fsobovat reklamu Va\u0161im z\u00e1jm\u016fm, a to na na\u0161ich Webov\u00fdch str\u00e1nk\u00e1ch i mimo n\u011b.\u00a0 V\u00a0n\u011bkter\u00fdch p\u0159\u00edpadech je sou\u010d\u00e1st\u00ed t\u011bchto cookies i zpracov\u00e1n\u00ed Va\u0161ich osobn\u00edch \u00fadaj\u016f.\u00a0 Odm\u00edtnut\u00ed t\u011bchto cookies m\u016f\u017ee m\u00edt za n\u00e1sledek zobrazen\u00ed reklamy, kter\u00e1 pro V\u00e1s nebude tolik relevantn\u00ed, nebo nemo\u017enost \u00fa\u010dinn\u011b se propojit s\u00a0\u00fa\u010dty na Facebooku, Twitteru \u010di jin\u00fdch soci\u00e1ln\u00edch s\u00edt\u00edch, a\/nebo neumo\u017en\u011bn\u00ed, abyste na soci\u00e1ln\u00edch m\u00e9di\u00edch sd\u00edleli obsah.<\/li>\n<\/ul>\n<p>P\u0159ij\u00edm\u00e1n\u00ed a uchov\u00e1v\u00e1n\u00ed cookies je mo\u017en\u00e9 v ka\u017ed\u00e9m prohl\u00ed\u017ee\u010di zak\u00e1zat, postup jak uvedenou zm\u011bnu prov\u00e9st, naleznete na n\u00ed\u017ee uveden\u00fdch odkazech.<\/p>\n<ul>\n<li><a href=\"https:\/\/support.google.com\/accounts\/answer\/61416?hl=cs\">Google Chrome<\/a><\/li>\n<li><a href=\"https:\/\/support.mozilla.org\/cs\/kb\/vymazani-cookies\">Firefox<\/a><\/li>\n<li><a href=\"http:\/\/help.opera.com\/Windows\/9.64\/cs\/cookies.html\">Opera<\/a><\/li>\n<li><a href=\"https:\/\/support.microsoft.com\/cs-cz\/help\/17442\/windows-internet-explorer-delete-manage-cookies\">Internet Explorer<\/a><\/li>\n<\/ul>\n<h2><strong>Ochrana dat<\/strong><\/h2>\n<p>P\u0159\u00edstup na str\u00e1nky\u00a0m\u016f\u017ee b\u00fdt ze strany Provozovatele podm\u00edn\u011bn poskytnut\u00edm n\u011bkter\u00fdch osobn\u00edch \u00fadaj\u016f U\u017eivatele ve smyslu z\u00e1k. \u010d. 101\/2000 Sb., o ochran\u011b osobn\u00edch \u00fadaj\u016f a p\u0159\u00edpadn\u011b i pr\u00e1vn\u00edch p\u0159edpis\u016f, v platn\u00e9m zn\u011bn\u00ed. V takov\u00e9m p\u0159\u00edpad\u011b bude Provozovatel s t\u011bmito \u00fadaji nakl\u00e1dat v souladu s platn\u00fdmi pr\u00e1vn\u00edmi p\u0159edpisy. Poskytnut\u00edm t\u011bchto \u00fadaj\u016f vyslovuje U\u017eivatel souhlas se zpracov\u00e1n\u00ed osobn\u00edch \u00fadaj\u016f Provozovatelem.<\/p>\n<h2><strong>K\u00f3dy t\u0159et\u00edch stran<\/strong><\/h2>\n<p>Provozovatel spolupracuje se spole\u010dnostmi, kter\u00e9 mu poskytuj\u00ed r\u016fzn\u00e9 slu\u017eby. Tyto spole\u010dnosti, pokud jsou k\u00a0tomu opr\u00e1vn\u011bn\u00e9, mohou nakl\u00e1dat s\u00a0osobn\u00edmi \u00fadaji u\u017eivatele, p\u0159i\u010dem\u017e s\u00a0t\u011bmito informacemi pracuj\u00ed pouze p\u0159i pln\u011bn\u00ed sv\u00fdch povinnost\u00ed a\u00a0nesm\u00ed je pou\u017e\u00edt k\u00a0jin\u00e9mu \u00fa\u010delu. Provozovatel neprod\u00e1v\u00e1, nep\u0159ev\u00e1d\u00ed a\u00a0nesd\u011bluje osobn\u00ed \u00fadaje t\u0159et\u00edm stran\u00e1m, pokud to nen\u00ed t\u0159eba k\u00a0napln\u011bn\u00ed pr\u00e1vn\u00edch p\u0159edpis\u016f.<\/p>\n<p>Pokud si u\u017eivatel p\u0159eje opravit nebo smazat osobn\u00ed data, kter\u00e9 o\u00a0n\u011bm provozovatel m\u00e1, m\u016f\u017ee jej o\u00a0to po\u017e\u00e1dat prost\u0159ednictv\u00edm kontaktn\u00edch \u00fadaj\u016f uveden\u00fdch na\u00a0t\u011bchto str\u00e1nk\u00e1ch.<\/p>\n\n\t\t<\/div>\n\t<\/div>\n<\/div><\/div><\/div><\/div>","protected":false},"excerpt":{"rendered":"Provozovatel webu Vlastn\u00edkem a provozovatelem t\u011bchto\u00a0webov\u00fdch str\u00e1nek je\u00a0HARMONY MEDICAL &amp; WELLNESS. Autorsk\u00e1 pr\u00e1va Obsah webu je v cel\u00e9m rozsahu chr\u00e1n\u011bn autorsk\u00fdm pr\u00e1vem. Nen\u00ed-li v\u00fdslovn\u011b uvedeno jinak, nen\u00ed mo\u017en\u00e9 obsah p\u0159eb\u00edrat, kop\u00edrovat, reprodukovat ani d\u00e1le \u0161\u00ed\u0159it jin\u00fdmi kan\u00e1ly, s v\u00fdjimkou tisku pro osobn\u00ed pot\u0159ebu a stru\u010dn\u00fdch citac\u00ed \u010di n\u00e1hled\u016f na soci\u00e1ln\u00edch s\u00edt\u00edch s uveden\u00edm zdroje. Souhlas [...]","protected":false},"author":1,"featured_media":0,"parent":0,"menu_order":0,"comment_status":"closed","ping_status":"closed","template":"","meta":{"footnotes":""},"class_list":["post-2408","page","type-page","status-publish","hentry"],"yoast_head":"<!-- This site is optimized with the Yoast SEO plugin v23.5 - https:\/\/yoast.com\/wordpress\/plugins\/seo\/ -->\n<title>Ochrana soukrom\u00ed | Medical &amp; Wellness Centrum Harmony<\/title>\n<meta name=\"robots\" content=\"index, follow, max-snippet:-1, max-image-preview:large, max-video-preview:-1\" \/>\n<link rel=\"canonical\" href=\"https:\/\/wellness-kromeriz.cz\/en\/ochrana-soukromi\/\" \/>\n<meta property=\"og:locale\" content=\"en_GB\" \/>\n<meta property=\"og:type\" content=\"article\" \/>\n<meta property=\"og:title\" content=\"Ochrana soukrom\u00ed | Medical &amp; Wellness Centrum Harmony\" \/>\n<meta property=\"og:url\" content=\"https:\/\/wellness-kromeriz.cz\/en\/ochrana-soukromi\/\" \/>\n<meta property=\"og:site_name\" content=\"Medical &amp; Wellness Centrum Harmony\" \/>\n<meta property=\"article:modified_time\" content=\"2018-11-27T17:31:52+00:00\" \/>\n<meta name=\"twitter:card\" content=\"summary_large_image\" \/>\n<meta name=\"twitter:label1\" content=\"Estimated reading time\" \/>\n\t<meta name=\"twitter:data1\" content=\"4 minutes\" \/>\n<script type=\"application\/ld+json\" class=\"yoast-schema-graph\">{\"@context\":\"https:\/\/schema.org\",\"@graph\":[{\"@type\":\"WebPage\",\"@id\":\"https:\/\/wellness-kromeriz.cz\/ochrana-soukromi\/\",\"url\":\"https:\/\/wellness-kromeriz.cz\/ochrana-soukromi\/\",\"name\":\"Ochrana soukrom\u00ed | Medical &amp; Wellness Centrum Harmony\",\"isPartOf\":{\"@id\":\"https:\/\/wellness-kromeriz.cz\/#website\"},\"datePublished\":\"2018-11-27T17:28:03+00:00\",\"dateModified\":\"2018-11-27T17:31:52+00:00\",\"breadcrumb\":{\"@id\":\"https:\/\/wellness-kromeriz.cz\/ochrana-soukromi\/#breadcrumb\"},\"inLanguage\":\"en-GB\",\"potentialAction\":[{\"@type\":\"ReadAction\",\"target\":[\"https:\/\/wellness-kromeriz.cz\/ochrana-soukromi\/\"]}]},{\"@type\":\"BreadcrumbList\",\"@id\":\"https:\/\/wellness-kromeriz.cz\/ochrana-soukromi\/#breadcrumb\",\"itemListElement\":[{\"@type\":\"ListItem\",\"position\":1,\"name\":\"Dom\u016f\",\"item\":\"https:\/\/wellness-kromeriz.cz\/\"},{\"@type\":\"ListItem\",\"position\":2,\"name\":\"Ochrana soukrom\u00ed\"}]},{\"@type\":\"WebSite\",\"@id\":\"https:\/\/wellness-kromeriz.cz\/#website\",\"url\":\"https:\/\/wellness-kromeriz.cz\/\",\"name\":\"Medical &amp; Wellness Centrum Harmony\",\"description\":\"Medical &amp; Wellness Centrum Harmony\",\"publisher\":{\"@id\":\"https:\/\/wellness-kromeriz.cz\/#organization\"},\"potentialAction\":[{\"@type\":\"SearchAction\",\"target\":{\"@type\":\"EntryPoint\",\"urlTemplate\":\"https:\/\/wellness-kromeriz.cz\/?s={search_term_string}\"},\"query-input\":{\"@type\":\"PropertyValueSpecification\",\"valueRequired\":true,\"valueName\":\"search_term_string\"}}],\"inLanguage\":\"en-GB\"},{\"@type\":\"Organization\",\"@id\":\"https:\/\/wellness-kromeriz.cz\/#organization\",\"name\":\"Wellness Harmony Krom\u011b\u0159\u00ed\u017e\",\"url\":\"https:\/\/wellness-kromeriz.cz\/\",\"logo\":{\"@type\":\"ImageObject\",\"inLanguage\":\"en-GB\",\"@id\":\"https:\/\/wellness-kromeriz.cz\/#\/schema\/logo\/image\/\",\"url\":\"https:\/\/wellness-kromeriz.cz\/wp-content\/uploads\/2018\/11\/harmony-logo-1.png\",\"contentUrl\":\"https:\/\/wellness-kromeriz.cz\/wp-content\/uploads\/2018\/11\/harmony-logo-1.png\",\"width\":1962,\"height\":505,\"caption\":\"Wellness Harmony Krom\u011b\u0159\u00ed\u017e\"},\"image\":{\"@id\":\"https:\/\/wellness-kromeriz.cz\/#\/schema\/logo\/image\/\"}}]}<\/script>\n<!-- \/ Yoast SEO plugin. -->","yoast_head_json":{"title":"Ochrana soukrom\u00ed | Medical &amp; Wellness Centrum Harmony","robots":{"index":"index","follow":"follow","max-snippet":"max-snippet:-1","max-image-preview":"max-image-preview:large","max-video-preview":"max-video-preview:-1"},"canonical":"https:\/\/wellness-kromeriz.cz\/en\/ochrana-soukromi\/","og_locale":"en_GB","og_type":"article","og_title":"Ochrana soukrom\u00ed | Medical &amp; Wellness Centrum Harmony","og_url":"https:\/\/wellness-kromeriz.cz\/en\/ochrana-soukromi\/","og_site_name":"Medical &amp; Wellness Centrum Harmony","article_modified_time":"2018-11-27T17:31:52+00:00","twitter_card":"summary_large_image","twitter_misc":{"Estimated reading time":"4 minutes"},"schema":{"@context":"https:\/\/schema.org","@graph":[{"@type":"WebPage","@id":"https:\/\/wellness-kromeriz.cz\/ochrana-soukromi\/","url":"https:\/\/wellness-kromeriz.cz\/ochrana-soukromi\/","name":"Ochrana soukrom\u00ed | Medical &amp; Wellness Centrum Harmony","isPartOf":{"@id":"https:\/\/wellness-kromeriz.cz\/#website"},"datePublished":"2018-11-27T17:28:03+00:00","dateModified":"2018-11-27T17:31:52+00:00","breadcrumb":{"@id":"https:\/\/wellness-kromeriz.cz\/ochrana-soukromi\/#breadcrumb"},"inLanguage":"en-GB","potentialAction":[{"@type":"ReadAction","target":["https:\/\/wellness-kromeriz.cz\/ochrana-soukromi\/"]}]},{"@type":"BreadcrumbList","@id":"https:\/\/wellness-kromeriz.cz\/ochrana-soukromi\/#breadcrumb","itemListElement":[{"@type":"ListItem","position":1,"name":"Dom\u016f","item":"https:\/\/wellness-kromeriz.cz\/"},{"@type":"ListItem","position":2,"name":"Ochrana soukrom\u00ed"}]},{"@type":"WebSite","@id":"https:\/\/wellness-kromeriz.cz\/#website","url":"https:\/\/wellness-kromeriz.cz\/","name":"Medical &amp; Wellness Centrum Harmony","description":"Medical &amp; Wellness Centrum Harmony","publisher":{"@id":"https:\/\/wellness-kromeriz.cz\/#organization"},"potentialAction":[{"@type":"SearchAction","target":{"@type":"EntryPoint","urlTemplate":"https:\/\/wellness-kromeriz.cz\/?s={search_term_string}"},"query-input":{"@type":"PropertyValueSpecification","valueRequired":true,"valueName":"search_term_string"}}],"inLanguage":"en-GB"},{"@type":"Organization","@id":"https:\/\/wellness-kromeriz.cz\/#organization","name":"Wellness Harmony Krom\u011b\u0159\u00ed\u017e","url":"https:\/\/wellness-kromeriz.cz\/","logo":{"@type":"ImageObject","inLanguage":"en-GB","@id":"https:\/\/wellness-kromeriz.cz\/#\/schema\/logo\/image\/","url":"https:\/\/wellness-kromeriz.cz\/wp-content\/uploads\/2018\/11\/harmony-logo-1.png","contentUrl":"https:\/\/wellness-kromeriz.cz\/wp-content\/uploads\/2018\/11\/harmony-logo-1.png","width":1962,"height":505,"caption":"Wellness Harmony Krom\u011b\u0159\u00ed\u017e"},"image":{"@id":"https:\/\/wellness-kromeriz.cz\/#\/schema\/logo\/image\/"}}]}},"_links":{"self":[{"href":"https:\/\/wellness-kromeriz.cz\/en\/wp-json\/wp\/v2\/pages\/2408"}],"collection":[{"href":"https:\/\/wellness-kromeriz.cz\/en\/wp-json\/wp\/v2\/pages"}],"about":[{"href":"https:\/\/wellness-kromeriz.cz\/en\/wp-json\/wp\/v2\/types\/page"}],"author":[{"embeddable":true,"href":"https:\/\/wellness-kromeriz.cz\/en\/wp-json\/wp\/v2\/users\/1"}],"replies":[{"embeddable":true,"href":"https:\/\/wellness-kromeriz.cz\/en\/wp-json\/wp\/v2\/comments?post=2408"}],"version-history":[{"count":2,"href":"https:\/\/wellness-kromeriz.cz\/en\/wp-json\/wp\/v2\/pages\/2408\/revisions"}],"predecessor-version":[{"id":2411,"href":"https:\/\/wellness-kromeriz.cz\/en\/wp-json\/wp\/v2\/pages\/2408\/revisions\/2411"}],"wp:attachment":[{"href":"https:\/\/wellness-kromeriz.cz\/en\/wp-json\/wp\/v2\/media?parent=2408"}],"curies":[{"name":"wp","href":"https:\/\/api.w.org\/{rel}","templated":true}]}}