{"id":322,"date":"2016-01-21T01:43:10","date_gmt":"2016-01-21T01:43:10","guid":{"rendered":"http:\/\/finance.thememove.com\/?page_id=322"},"modified":"2025-06-06T09:15:57","modified_gmt":"2025-06-06T09:15:57","slug":"kontakt","status":"publish","type":"page","link":"https:\/\/wellness-kromeriz.cz\/en\/kontakt\/","title":{"rendered":"Kontaktn\u00ed informace"},"content":{"rendered":"<div class=\"vc_row wpb_row vc_row-fluid\"><div class=\"wpb_column vc_column_container vc_col-sm-12\"><div class=\"vc_column-inner\"><div class=\"wpb_wrapper\"><div style=\"font-size: 24px;color: #202020;text-align: left\" class=\"vc_custom_heading font-weight-700\" >KONTAKTN\u00cd INFORMACE<\/div>\n\t<div class=\"wpb_text_column wpb_content_element\" >\n\t\t<div class=\"wpb_wrapper\">\n\t\t\t<p>V p\u0159\u00edpad\u011b jak\u00fdchkoliv dotaz\u016f n\u00e1s nev\u00e1hejte kontaktovat prost\u0159ednictv\u00edm n\u00ed\u017ee uveden\u00fdch kontaktn\u00edch informaci.<\/p>\n\n\t\t<\/div>\n\t<\/div>\n<\/div><\/div><\/div><\/div><div class=\"vc_row wpb_row vc_row-fluid vc_custom_1453342444123\"><div class=\"contact-page-info wpb_column vc_column_container vc_col-sm-12\"><div class=\"vc_column-inner vc_custom_1645550708719\"><div class=\"wpb_wrapper\"><div class=\"vc_row wpb_row vc_inner vc_row-fluid\"><div class=\"wpb_column vc_column_container vc_col-sm-4\"><div class=\"vc_column-inner vc_custom_1453343948782\"><div class=\"wpb_wrapper\"><h3 style=\"font-size: 22px;color: #444444;text-align: left\" class=\"vc_custom_heading heading-left-grey font-weight-700\" >HARMONY &amp; Wellness<\/h3>\n\t<div class=\"wpb_text_column wpb_content_element  vc_custom_1749201354693\" >\n\t\t<div class=\"wpb_wrapper\">\n\t\t\t<p><i class=\"fa fa-map-marker\"><\/i>\u00a0 T\u0159aso\u0148ova 4502\/26,<br \/>\nKrom\u011b\u0159\u00ed\u017e 767 91<\/p>\n<p><i class=\"fa fa-phone\"><\/i>\u00a0 +420 727 986 494 (hotel, recepce)<\/p>\n<p><i class=\"fa fa-envelope\"><\/i>\u00a0 E-mail: <a href=\"mailto:info@wellness-kromeriz.cz\">info@wellness-kromeriz.cz<\/a><\/p>\n<p><i class=\"fa fa-id-card\"><\/i>I\u010c: 02220016<br \/>\n<i class=\"fa fa-id-card\"><\/i>DI\u010c: CZ02220016<\/p>\n\n\t\t<\/div>\n\t<\/div>\n\n\t<div class=\"wpb_text_column wpb_content_element  vc_custom_1727801615953\" >\n\t\t<div class=\"wpb_wrapper\">\n\t\t\t<h2><strong>MEDICAL<\/strong><\/h2>\n<p><strong>Mudr. Hrabec &#8211; ortopedie<br \/>\n<\/strong><a href=\"tel: 420731100687\">+420 731 100 687<\/a><br \/>\n<a href=\"https:\/\/ortopediehrabec.cz\/\">www.ortopediehrabec.cz<\/a><\/p>\n<p><strong>Mudr. Dalibor Berka, neurolog<\/strong><br \/>\n<a href=\"tel: 420732630372\">+420 732 630 372<\/a><br \/>\n<a href=\"https:\/\/www.nem-km.cz\/personal-neurologie\">www.nem-km.cz\/personal-neurologie<\/a><\/p>\n<div><strong>Rehabilitace, fyzioterapie<\/strong><br \/>\n<a href=\"tel: 420739748372\">+420 739 748 372<\/a><br \/>\n<a href=\"https:\/\/wellness-kromeriz.cz\/en\/rehabilitace\/\">www.wellness-kromeriz.cz\/medical\/rehabilitace<\/a><\/div>\n\n\t\t<\/div>\n\t<\/div>\n<\/div><\/div><\/div><div class=\"tm-getconnected wpb_column vc_column_container vc_col-sm-3\"><div class=\"vc_column-inner vc_custom_1453344428097\"><div class=\"wpb_wrapper\"><h3 style=\"font-size: 22px;color: #444444;text-align: left\" class=\"vc_custom_heading heading-left-grey font-weight-700\" >Otev\u00edrac\u00ed doba<\/h3>\n\t<div class=\"wpb_text_column wpb_content_element  vc_custom_1543264300521\" >\n\t\t<div class=\"wpb_wrapper\">\n\t\t\t<p><span style=\"text-decoration: underline;\">WELLNESS<\/span><br \/>\nPond\u011bl\u00ed &#8211; Ned\u011ble 09:00 &#8211; 21:00<\/p>\n<p><span style=\"text-decoration: underline;\">BISTRO<\/span><br \/>\nPond\u011bl\u00ed &#8211; Ned\u011ble 08:00 &#8211; 20:00<br \/>\n(neplat\u00ed pro hotelov\u00e9 hosty)<\/p>\n\n\t\t<\/div>\n\t<\/div>\n<\/div><\/div><\/div><div class=\"wpb_column vc_column_container vc_col-sm-5\"><div class=\"vc_column-inner vc_custom_1453342286346\"><div class=\"wpb_wrapper\">\n\t<div  class=\"wpb_single_image wpb_content_element vc_align_left  wpb_animate_when_almost_visible wpb_bottom-to-top bottom-to-top vc_custom_1686643154635\">\n\t\t\n\t\t<figure class=\"wpb_wrapper vc_figure\">\n\t\t\t<a data-rel=\"prettyPhoto[rel-322-270781600]\" href=\"https:\/\/wellness-kromeriz.cz\/wp-content\/uploads\/2020\/06\/wellness_harmony_kromeriz_exterier-3-1024x640.jpg\" target=\"_self\" class=\"vc_single_image-wrapper   vc_box_border_grey prettyphoto\"><img decoding=\"async\" class=\"vc_single_image-img\" src=\"https:\/\/wellness-kromeriz.cz\/wp-content\/uploads\/2020\/06\/wellness_harmony_kromeriz_exterier-3-450x280.jpg\" width=\"450\" height=\"280\" alt=\"\" title=\"\" \/><\/a>\n\t\t<\/figure>\n\t<\/div>\n<\/div><\/div><\/div><\/div><\/div><\/div><\/div><\/div><div class=\"vc_row wpb_row vc_row-fluid tm-wpcf7\"><div class=\"wpb_column vc_column_container vc_col-sm-4\"><div class=\"vc_column-inner\"><div class=\"wpb_wrapper\"><h3 style=\"font-size: 22px;color: #444444;text-align: left\" class=\"vc_custom_heading heading-left-grey font-weight-700\" >Kontakt a rezervace<\/h3>\n<div class=\"wpcf7 no-js\" id=\"wpcf7-f2814-o1\" lang=\"cs-CZ\" dir=\"ltr\">\n<div class=\"screen-reader-response\"><p role=\"status\" aria-live=\"polite\" aria-atomic=\"true\"><\/p> <ul><\/ul><\/div>\n<form action=\"\/en\/wp-json\/wp\/v2\/pages\/322#wpcf7-f2814-o1\" method=\"post\" class=\"wpcf7-form init\" aria-label=\"Kontaktn\u00ed formul\u00e1\u0159\" novalidate=\"novalidate\" data-status=\"init\" data-trp-original-action=\"\/en\/wp-json\/wp\/v2\/pages\/322#wpcf7-f2814-o1\">\n<div style=\"display: none;\">\n<input type=\"hidden\" name=\"_wpcf7\" value=\"2814\" \/>\n<input type=\"hidden\" name=\"_wpcf7_version\" value=\"5.9.8\" \/>\n<input type=\"hidden\" name=\"_wpcf7_locale\" value=\"cs_CZ\" \/>\n<input type=\"hidden\" name=\"_wpcf7_unit_tag\" value=\"wpcf7-f2814-o1\" \/>\n<input type=\"hidden\" name=\"_wpcf7_container_post\" value=\"0\" \/>\n<input type=\"hidden\" name=\"_wpcf7_posted_data_hash\" value=\"\" \/>\n<input type=\"hidden\" name=\"_wpcf7_recaptcha_response\" value=\"\" \/>\n<\/div>\n<p><label> Va\u0161e jm\u00e9no (vy\u017eadov\u00e1no)<br \/>\n<span class=\"wpcf7-form-control-wrap\" data-name=\"your-name\"><input size=\"40\" maxlength=\"400\" class=\"wpcf7-form-control wpcf7-text wpcf7-validates-as-required\" aria-required=\"true\" aria-invalid=\"false\" value=\"\" type=\"text\" name=\"your-name\" \/><\/span> <\/label>\n<\/p>\n<p><label> V\u00e1\u0161 e-mail (vy\u017eadov\u00e1no)<br \/>\n<span class=\"wpcf7-form-control-wrap\" data-name=\"your-email\"><input size=\"40\" maxlength=\"400\" class=\"wpcf7-form-control wpcf7-email wpcf7-validates-as-required wpcf7-text wpcf7-validates-as-email\" aria-required=\"true\" aria-invalid=\"false\" value=\"\" type=\"email\" name=\"your-email\" \/><\/span> <\/label>\n<\/p>\n<p><label> V\u00e1\u0161e telefonn\u00ed \u010d\u00edslo (vy\u017eadov\u00e1no)<br \/>\n<span class=\"wpcf7-form-control-wrap\" data-name=\"tel-792\"><input size=\"40\" maxlength=\"400\" class=\"wpcf7-form-control wpcf7-tel wpcf7-validates-as-required wpcf7-text wpcf7-validates-as-tel\" aria-required=\"true\" aria-invalid=\"false\" value=\"\" type=\"tel\" name=\"tel-792\" \/><\/span> <\/label>\n<\/p>\n<p><label> P\u0159edm\u011bt<br \/>\n<span class=\"wpcf7-form-control-wrap\" data-name=\"your-subject\"><input size=\"40\" maxlength=\"400\" class=\"wpcf7-form-control wpcf7-text\" aria-invalid=\"false\" value=\"\" type=\"text\" name=\"your-subject\" \/><\/span> <\/label>\n<\/p>\n<p><label> Va\u0161e zpr\u00e1va<br \/>\n<span class=\"wpcf7-form-control-wrap\" data-name=\"your-message\"><textarea cols=\"40\" rows=\"10\" maxlength=\"2000\" class=\"wpcf7-form-control wpcf7-textarea\" aria-invalid=\"false\" name=\"your-message\"><\/textarea><\/span> <\/label>\n<\/p>\n<p><span class=\"wpcf7-form-control-wrap kc_captcha\" data-name=\"kc_captcha\"><span class=\"wpcf7-form-control wpcf7-radio\"><span class=\"captcha-image\" ><span class=\"cf7ic_instructions\">To \u017ee jste \u010dlov\u011bk proka\u017ete v\u00fdb\u011brem ikony<span> key<\/span>.<\/span><label><input type=\"radio\" name=\"kc_captcha\" value=\"bot\" \/><svg width=\"50\" height=\"50\" aria-hidden=\"true\" role=\"img\" xmlns=\"http:\/\/www.w3.org\/2000\/svg\" viewbox=\"0 0 576 512\"><path fill=\"currentColor\" d=\"M488 313v143c0 13-11 24-24 24H348c-7 0-12-5-12-12V356c0-7-5-12-12-12h-72c-7 0-12 5-12 12v112c0 7-5 12-12 12H112c-13 0-24-11-24-24V313c0-4 2-7 4-10l188-154c5-4 11-4 16 0l188 154c2 3 4 6 4 10zm84-61l-84-69V44c0-6-5-12-12-12h-56c-7 0-12 6-12 12v73l-89-74a48 48 0 00-61 0L4 252c-5 4-5 12-1 17l25 31c5 5 12 5 17 1l235-193c5-4 11-4 16 0l235 193c5 5 13 4 17-1l25-31c4-6 4-13-1-17z\"\/><\/svg><\/label><label><input type=\"radio\" name=\"kc_captcha\" value=\"bot\" \/><svg width=\"50\" height=\"50\" aria-hidden=\"true\" role=\"img\" xmlns=\"http:\/\/www.w3.org\/2000\/svg\" viewbox=\"0 0 640 512\"><path fill=\"currentColor\" d=\"M192 384h192c53 0 96-43 96-96h32a128 128 0 000-256H120c-13 0-24 11-24 24v232c0 53 43 96 96 96zM512 96a64 64 0 010 128h-32V96h32zm48 384H48c-47 0-61-64-36-64h584c25 0 11 64-36 64z\"\/><\/svg><\/label><label><input type=\"radio\" name=\"kc_captcha\" value=\"kc_human\" \/><svg width=\"50\" height=\"50\" aria-hidden=\"true\" role=\"img\" xmlns=\"http:\/\/www.w3.org\/2000\/svg\" viewbox=\"0 0 512 512\"><path fill=\"currentColor\" d=\"M512 176a176 176 0 01-209 173l-24 27a24 24 0 01-18 8h-37v40c0 13-11 24-24 24h-40v40c0 13-11 24-24 24H24c-13 0-24-11-24-24v-78c0-6 3-13 7-17l162-162a176 176 0 11343-55zm-176-48a48 48 0 1096 0 48 48 0 00-96 0z\"\/><\/svg><\/label>\r\n    <\/span>\r\n    <span style=\"display:none\">\r\n        <input type=\"text\" name=\"kc_honeypot\">\r\n    <\/span><\/span><\/span>\n<\/p>\n<p><input class=\"wpcf7-form-control wpcf7-submit has-spinner\" type=\"submit\" value=\"Odeslat\" \/>\n<\/p><p style=\"display: none !important;\" class=\"akismet-fields-container\" data-prefix=\"_wpcf7_ak_\"><label>&#916;<textarea name=\"_wpcf7_ak_hp_textarea\" cols=\"45\" rows=\"8\" maxlength=\"100\"><\/textarea><\/label><input type=\"hidden\" id=\"ak_js_1\" name=\"_wpcf7_ak_js\" value=\"92\"\/><script>document.getElementById( \"ak_js_1\" ).setAttribute( \"value\", ( new Date() ).getTime() );<\/script><\/p><div class=\"wpcf7-response-output\" aria-hidden=\"true\"><\/div>\n<input type=\"hidden\" name=\"trp-form-language\" value=\"en\"\/><\/form>\n<\/div>\n<\/div><\/div><\/div><div class=\"wpb_column vc_column_container vc_col-sm-8\"><div class=\"vc_column-inner vc_custom_1547139626175\"><div class=\"wpb_wrapper\">\n\t<div class=\"wpb_raw_code wpb_content_element wpb_raw_html\" >\n\t\t<div class=\"wpb_wrapper\">\n\t\t\t<iframe src=\"https:\/\/www.google.com\/maps\/embed?pb=!1m18!1m12!1m3!1d499602.12997401686!2d17.2875277785148!3d49.23779548097694!2m3!1f0!2f0!3f0!3m2!1i1024!2i768!4f13.1!3m3!1m2!1s0x47130664a830a761%3A0x5d0a0d1da8d09966!2sHarmony+%26+Wellness+Medical+Ltd.!5e0!3m2!1sen!2scz!4v1543263990724\" width=\"1050\" height=\"600\" frameborder=\"0\" style=\"border:0\" allowfullscreen><\/iframe>\n\t\t<\/div>\n\t<\/div>\n<\/div><\/div><\/div><\/div><div class=\"vc_row wpb_row vc_row-fluid\"><div class=\"wpb_column vc_column_container vc_col-sm-12\"><div class=\"vc_column-inner\"><div class=\"wpb_wrapper\"><div class=\"vc_empty_space\"   style=\"height: 20px\" ><span class=\"vc_empty_space_inner\"><\/span><\/div>\n<\/div><\/div><\/div><\/div>","protected":false},"excerpt":{"rendered":"KONTAKTN\u00cd INFORMACE V p\u0159\u00edpad\u011b jak\u00fdchkoliv dotaz\u016f n\u00e1s nev\u00e1hejte kontaktovat prost\u0159ednictv\u00edm n\u00ed\u017ee uveden\u00fdch kontaktn\u00edch informaci. HARMONY &amp; Wellness \u00a0 T\u0159aso\u0148ova 4502\/26, Krom\u011b\u0159\u00ed\u017e 767 91 \u00a0 +420 727 986 494 (hotel, recepce) \u00a0 E-mail: info@wellness-kromeriz.cz I\u010c: 02220016 DI\u010c: CZ02220016 MEDICAL Mudr. Hrabec - ortopedie +420 731 100 687 www.ortopediehrabec.cz Mudr. Dalibor Berka, neurolog +420 732 630 372 [...]","protected":false},"author":1,"featured_media":0,"parent":0,"menu_order":0,"comment_status":"closed","ping_status":"closed","template":"","meta":{"footnotes":""},"class_list":["post-322","page","type-page","status-publish","hentry"],"yoast_head":"<!-- This site is optimized with the Yoast SEO plugin v23.5 - https:\/\/yoast.com\/wordpress\/plugins\/seo\/ -->\n<title>Kontaktn\u00ed informace | Medical &amp; Wellness Centrum Harmony<\/title>\n<meta name=\"robots\" content=\"index, follow, max-snippet:-1, max-image-preview:large, max-video-preview:-1\" \/>\n<link rel=\"canonical\" href=\"https:\/\/wellness-kromeriz.cz\/en\/kontakt\/\" \/>\n<meta property=\"og:locale\" content=\"en_GB\" \/>\n<meta property=\"og:type\" content=\"article\" \/>\n<meta property=\"og:title\" content=\"Kontaktn\u00ed informace | Medical &amp; Wellness Centrum Harmony\" \/>\n<meta property=\"og:url\" content=\"https:\/\/wellness-kromeriz.cz\/en\/kontakt\/\" \/>\n<meta property=\"og:site_name\" content=\"Medical &amp; Wellness Centrum Harmony\" \/>\n<meta property=\"article:modified_time\" content=\"2025-06-06T09:15:57+00:00\" \/>\n<meta name=\"twitter:card\" content=\"summary_large_image\" \/>\n<meta name=\"twitter:label1\" content=\"Estimated reading time\" \/>\n\t<meta name=\"twitter:data1\" content=\"1 minute\" \/>\n<script type=\"application\/ld+json\" class=\"yoast-schema-graph\">{\"@context\":\"https:\/\/schema.org\",\"@graph\":[{\"@type\":\"WebPage\",\"@id\":\"https:\/\/wellness-kromeriz.cz\/kontakt\/\",\"url\":\"https:\/\/wellness-kromeriz.cz\/kontakt\/\",\"name\":\"Kontaktn\u00ed informace | Medical &amp; Wellness Centrum Harmony\",\"isPartOf\":{\"@id\":\"https:\/\/wellness-kromeriz.cz\/#website\"},\"datePublished\":\"2016-01-21T01:43:10+00:00\",\"dateModified\":\"2025-06-06T09:15:57+00:00\",\"breadcrumb\":{\"@id\":\"https:\/\/wellness-kromeriz.cz\/kontakt\/#breadcrumb\"},\"inLanguage\":\"en-GB\",\"potentialAction\":[{\"@type\":\"ReadAction\",\"target\":[\"https:\/\/wellness-kromeriz.cz\/kontakt\/\"]}]},{\"@type\":\"BreadcrumbList\",\"@id\":\"https:\/\/wellness-kromeriz.cz\/kontakt\/#breadcrumb\",\"itemListElement\":[{\"@type\":\"ListItem\",\"position\":1,\"name\":\"Dom\u016f\",\"item\":\"https:\/\/wellness-kromeriz.cz\/\"},{\"@type\":\"ListItem\",\"position\":2,\"name\":\"Kontaktn\u00ed informace\"}]},{\"@type\":\"WebSite\",\"@id\":\"https:\/\/wellness-kromeriz.cz\/#website\",\"url\":\"https:\/\/wellness-kromeriz.cz\/\",\"name\":\"Medical &amp; Wellness Centrum Harmony\",\"description\":\"Medical &amp; Wellness Centrum Harmony\",\"publisher\":{\"@id\":\"https:\/\/wellness-kromeriz.cz\/#organization\"},\"potentialAction\":[{\"@type\":\"SearchAction\",\"target\":{\"@type\":\"EntryPoint\",\"urlTemplate\":\"https:\/\/wellness-kromeriz.cz\/?s={search_term_string}\"},\"query-input\":{\"@type\":\"PropertyValueSpecification\",\"valueRequired\":true,\"valueName\":\"search_term_string\"}}],\"inLanguage\":\"en-GB\"},{\"@type\":\"Organization\",\"@id\":\"https:\/\/wellness-kromeriz.cz\/#organization\",\"name\":\"Wellness Harmony Krom\u011b\u0159\u00ed\u017e\",\"url\":\"https:\/\/wellness-kromeriz.cz\/\",\"logo\":{\"@type\":\"ImageObject\",\"inLanguage\":\"en-GB\",\"@id\":\"https:\/\/wellness-kromeriz.cz\/#\/schema\/logo\/image\/\",\"url\":\"https:\/\/wellness-kromeriz.cz\/wp-content\/uploads\/2018\/11\/harmony-logo-1.png\",\"contentUrl\":\"https:\/\/wellness-kromeriz.cz\/wp-content\/uploads\/2018\/11\/harmony-logo-1.png\",\"width\":1962,\"height\":505,\"caption\":\"Wellness Harmony Krom\u011b\u0159\u00ed\u017e\"},\"image\":{\"@id\":\"https:\/\/wellness-kromeriz.cz\/#\/schema\/logo\/image\/\"}}]}<\/script>\n<!-- \/ Yoast SEO plugin. -->","yoast_head_json":{"title":"Kontaktn\u00ed informace | Medical &amp; Wellness Centrum Harmony","robots":{"index":"index","follow":"follow","max-snippet":"max-snippet:-1","max-image-preview":"max-image-preview:large","max-video-preview":"max-video-preview:-1"},"canonical":"https:\/\/wellness-kromeriz.cz\/en\/kontakt\/","og_locale":"en_GB","og_type":"article","og_title":"Kontaktn\u00ed informace | Medical &amp; Wellness Centrum Harmony","og_url":"https:\/\/wellness-kromeriz.cz\/en\/kontakt\/","og_site_name":"Medical &amp; Wellness Centrum Harmony","article_modified_time":"2025-06-06T09:15:57+00:00","twitter_card":"summary_large_image","twitter_misc":{"Estimated reading time":"1 minute"},"schema":{"@context":"https:\/\/schema.org","@graph":[{"@type":"WebPage","@id":"https:\/\/wellness-kromeriz.cz\/kontakt\/","url":"https:\/\/wellness-kromeriz.cz\/kontakt\/","name":"Kontaktn\u00ed informace | Medical &amp; Wellness Centrum Harmony","isPartOf":{"@id":"https:\/\/wellness-kromeriz.cz\/#website"},"datePublished":"2016-01-21T01:43:10+00:00","dateModified":"2025-06-06T09:15:57+00:00","breadcrumb":{"@id":"https:\/\/wellness-kromeriz.cz\/kontakt\/#breadcrumb"},"inLanguage":"en-GB","potentialAction":[{"@type":"ReadAction","target":["https:\/\/wellness-kromeriz.cz\/kontakt\/"]}]},{"@type":"BreadcrumbList","@id":"https:\/\/wellness-kromeriz.cz\/kontakt\/#breadcrumb","itemListElement":[{"@type":"ListItem","position":1,"name":"Dom\u016f","item":"https:\/\/wellness-kromeriz.cz\/"},{"@type":"ListItem","position":2,"name":"Kontaktn\u00ed informace"}]},{"@type":"WebSite","@id":"https:\/\/wellness-kromeriz.cz\/#website","url":"https:\/\/wellness-kromeriz.cz\/","name":"Medical &amp; Wellness Centrum Harmony","description":"Medical &amp; Wellness Centrum Harmony","publisher":{"@id":"https:\/\/wellness-kromeriz.cz\/#organization"},"potentialAction":[{"@type":"SearchAction","target":{"@type":"EntryPoint","urlTemplate":"https:\/\/wellness-kromeriz.cz\/?s={search_term_string}"},"query-input":{"@type":"PropertyValueSpecification","valueRequired":true,"valueName":"search_term_string"}}],"inLanguage":"en-GB"},{"@type":"Organization","@id":"https:\/\/wellness-kromeriz.cz\/#organization","name":"Wellness Harmony Krom\u011b\u0159\u00ed\u017e","url":"https:\/\/wellness-kromeriz.cz\/","logo":{"@type":"ImageObject","inLanguage":"en-GB","@id":"https:\/\/wellness-kromeriz.cz\/#\/schema\/logo\/image\/","url":"https:\/\/wellness-kromeriz.cz\/wp-content\/uploads\/2018\/11\/harmony-logo-1.png","contentUrl":"https:\/\/wellness-kromeriz.cz\/wp-content\/uploads\/2018\/11\/harmony-logo-1.png","width":1962,"height":505,"caption":"Wellness Harmony Krom\u011b\u0159\u00ed\u017e"},"image":{"@id":"https:\/\/wellness-kromeriz.cz\/#\/schema\/logo\/image\/"}}]}},"_links":{"self":[{"href":"https:\/\/wellness-kromeriz.cz\/en\/wp-json\/wp\/v2\/pages\/322"}],"collection":[{"href":"https:\/\/wellness-kromeriz.cz\/en\/wp-json\/wp\/v2\/pages"}],"about":[{"href":"https:\/\/wellness-kromeriz.cz\/en\/wp-json\/wp\/v2\/types\/page"}],"author":[{"embeddable":true,"href":"https:\/\/wellness-kromeriz.cz\/en\/wp-json\/wp\/v2\/users\/1"}],"replies":[{"embeddable":true,"href":"https:\/\/wellness-kromeriz.cz\/en\/wp-json\/wp\/v2\/comments?post=322"}],"version-history":[{"count":49,"href":"https:\/\/wellness-kromeriz.cz\/en\/wp-json\/wp\/v2\/pages\/322\/revisions"}],"predecessor-version":[{"id":4659,"href":"https:\/\/wellness-kromeriz.cz\/en\/wp-json\/wp\/v2\/pages\/322\/revisions\/4659"}],"wp:attachment":[{"href":"https:\/\/wellness-kromeriz.cz\/en\/wp-json\/wp\/v2\/media?parent=322"}],"curies":[{"name":"wp","href":"https:\/\/api.w.org\/{rel}","templated":true}]}}