{"id":353,"date":"2016-01-21T03:12:54","date_gmt":"2016-01-21T03:12:54","guid":{"rendered":"http:\/\/finance.thememove.com\/?page_id=353"},"modified":"2025-09-09T11:47:27","modified_gmt":"2025-09-09T11:47:27","slug":"wellness","status":"publish","type":"page","link":"https:\/\/wellness-kromeriz.cz\/en\/wellness\/","title":{"rendered":"Wellness"},"content":{"rendered":"<div class=\"vc_row wpb_row vc_row-fluid vc_custom_1453347398265\"><div class=\"wpb_column vc_column_container vc_col-sm-12\"><div class=\"vc_column-inner vc_custom_1645556400575\"><div class=\"wpb_wrapper\"><div style=\"font-size: 24px;color: #202020;text-align: left\" class=\"vc_custom_heading font-weight-700\" >BAZ\u00c9N S TRYSKAMI<\/div>\n\t<div class=\"wpb_text_column wpb_content_element\" >\n\t\t<div class=\"wpb_wrapper\">\n\t\t\t<p>V\u00ed\u0159iv\u00fd baz\u00e9n, tzv. whirlpool m\u00e1 pozitivn\u00ed vliv na n\u00e1\u0161 organismus jak po fyzick\u00e9, tak po psychick\u00e9 str\u00e1nce. B\u011bhem pobytu ve whirlpoolu, doch\u00e1z\u00ed ke stimulaci krevn\u00edho ob\u011bhu a lep\u0161\u00ed cirkulaci krve. D\u00edky vod\u011b o teplot\u011b p\u0159es 30\u00b0 C se t\u011blo uvoln\u00ed a povol\u00ed svalov\u00e9 nap\u011bt\u00ed, vznikl\u00e9 p\u0159i ka\u017edodenn\u00edm pracovn\u00edm vyt\u00ed\u017een\u00ed.<\/p>\n<p>V zabudovan\u00fdch vodn\u00edch trysk\u00e1ch doch\u00e1z\u00ed k mixov\u00e1n\u00ed vody a vzduchu, t\u00edm je zaji\u0161t\u011bna komplexn\u00ed mas\u00e1\u017e cel\u00e9ho t\u011bla. Nejmen\u0161\u00ed trysky mas\u00edruj\u00ed kr\u010dn\u00ed p\u00e1te\u0159, chodidla a dlan\u011b. St\u0159edn\u00ed slou\u017e\u00ed k hloubkov\u00e9 mas\u00e1\u017ei z\u00e1dov\u00fdch sval\u016f. Nejv\u011bt\u0161\u00ed trysky p\u0159in\u00e1\u0161\u00ed \u0161irok\u00fd proud vody.<\/p>\n<p>Nav\u0161tivte n\u00e1\u0161 v\u00edce\u00fa\u010delov\u00fd baz\u00e9n vybaven\u00fd relaxa\u010dn\u00ed \u010d\u00e1st\u00ed s leh\u00e1tky a mas\u00e1\u017en\u00edm whirlpoolem.<\/p>\n<p><strong>Rozm\u011bry baz\u00e9nu s tryskami<\/strong>: Velikost: 8 x 4 m; Hloubka: 1,3 m.<\/p>\n\n\t\t<\/div>\n\t<\/div>\n\n\t<div class=\"wpb_text_column wpb_content_element\" >\n\t\t<div class=\"wpb_wrapper\">\n\t\t\t<blockquote><p>\n<strong><span style=\"color: #ff0000;\">Pro aktu\u00e1ln\u00ed obsazenost a \u010dasy voln\u00e9ho baz\u00e9nu s tryskami se pros\u00edm informujte na telefonn\u00edm \u010d\u00edsle +420 727 986 494<\/span><\/strong>\n<\/p><\/blockquote>\n\n\t\t<\/div>\n\t<\/div>\n\n\t<div class=\"wpb_text_column wpb_content_element\" >\n\t\t<div class=\"wpb_wrapper\">\n\t\t\t\n<table id=\"tablepress-4\" class=\"tablepress tablepress-id-4\">\n<thead>\n<tr class=\"row-1 odd\">\n\t<th class=\"column-1\">CEN\u00cdK - WHIRLPOOL<\/th><th class=\"column-2\"><\/th>\n<\/tr>\n<\/thead>\n<tbody class=\"row-hover\">\n<tr class=\"row-2 even\">\n\t<td class=\"column-1\"><strong>Ve\u0159ejnost 260, - os \/ 90 min (max 14 os.)<\/strong><\/td><td class=\"column-2\"><strong>Priv\u00e1tn\u00ed rezervace 900, - 2 os \/ 90 min<\/strong><\/td>\n<\/tr>\n<tr class=\"row-3 odd\">\n\t<td class=\"column-1\">(D\u011bti nad 5 let - 12 let 130,-)<\/td><td class=\"column-2\"><strong>Priv\u00e1tn\u00ed rezervace 1600, - 3-8 os \/ 90 min<\/strong><\/td>\n<\/tr>\n<tr class=\"row-4 even\">\n\t<td class=\"column-1\"><strong>Ve\u0159ejnost 220, - os \/ 60 min<\/strong><\/td><td class=\"column-2\">(Ka\u017ed\u00e1 dal\u0161\u00ed dosp\u011bl\u00e1 osoba 200,-\/90 min)<\/td>\n<\/tr>\n<tr class=\"row-5 odd\">\n\t<td class=\"column-1\">(D\u011bti nad 5 let - 12 let 110,-)<\/td><td class=\"column-2\"><\/td>\n<\/tr>\n<tr class=\"row-6 even\">\n\t<td class=\"column-1\"><\/td><td class=\"column-2\"><\/td>\n<\/tr>\n<tr class=\"row-7 odd\">\n\t<td class=\"column-1\">Pond\u011bl\u00ed 9:00 - 20:30<\/td><td class=\"column-2\">Posledn\u00ed mo\u017en\u00fd vstup v 19:00 (Po - Ne)<\/td>\n<\/tr>\n<tr class=\"row-8 even\">\n\t<td class=\"column-1\">\u00dater\u00fd 9:00 - 20:30<\/td><td class=\"column-2\"><\/td>\n<\/tr>\n<tr class=\"row-9 odd\">\n\t<td class=\"column-1\">St\u0159eda 9:00 - 20:30<\/td><td class=\"column-2\"><\/td>\n<\/tr>\n<tr class=\"row-10 even\">\n\t<td class=\"column-1\">\u010ctvrtek 9:00 - 20:30<\/td><td class=\"column-2\"><\/td>\n<\/tr>\n<tr class=\"row-11 odd\">\n\t<td class=\"column-1\">P\u00e1tek 9:00 - 20:30<\/td><td class=\"column-2\"><\/td>\n<\/tr>\n<tr class=\"row-12 even\">\n\t<td class=\"column-1\">Sobota 9:00 - 20:30<\/td><td class=\"column-2\"><\/td>\n<\/tr>\n<tr class=\"row-13 odd\">\n\t<td class=\"column-1\">Ned\u011ble 9:00 - 20:00<\/td><td class=\"column-2\"><\/td>\n<\/tr>\n<\/tbody>\n<\/table>\n<!-- #tablepress-4 from cache -->\n\n\t\t<\/div>\n\t<\/div>\n<\/div><\/div><\/div><\/div><div class=\"vc_row wpb_row vc_row-fluid vc_custom_1453347398265\"><div class=\"wpb_column vc_column_container vc_col-sm-12\"><div class=\"vc_column-inner vc_custom_1645556380855\"><div class=\"wpb_wrapper\"><div class=\"wpb_gallery wpb_content_element vc_clearfix\" ><div class=\"wpb_wrapper\"><div class=\"wpb_gallery_slides wpb_image_grid\" data-interval=\"3\"><ul class=\"wpb_image_grid_ul\"><li class=\"isotope-item\"><a class=\"prettyphoto\" href=\"https:\/\/wellness-kromeriz.cz\/wp-content\/uploads\/2018\/11\/whirpool2.jpg\" data-rel=\"prettyPhoto[rel-353-440458663]\"><img decoding=\"async\" class=\"\" src=\"https:\/\/wellness-kromeriz.cz\/wp-content\/uploads\/2018\/11\/whirpool2-568x300.jpg\" width=\"568\" height=\"300\" alt=\"whirpool2\" title=\"whirpool2\" \/><\/a><\/li><li class=\"isotope-item\"><a class=\"prettyphoto\" href=\"https:\/\/wellness-kromeriz.cz\/wp-content\/uploads\/2018\/11\/whirpool3.jpg\" data-rel=\"prettyPhoto[rel-353-440458663]\"><img decoding=\"async\" class=\"\" src=\"https:\/\/wellness-kromeriz.cz\/wp-content\/uploads\/2018\/11\/whirpool3-568x300.jpg\" width=\"568\" height=\"300\" alt=\"whirpool3\" title=\"whirpool3\" \/><\/a><\/li><li class=\"isotope-item\"><a class=\"prettyphoto\" href=\"https:\/\/wellness-kromeriz.cz\/wp-content\/uploads\/2021\/05\/P1010653-684x1024.jpg\" data-rel=\"prettyPhoto[rel-353-440458663]\"><img decoding=\"async\" class=\"\" src=\"https:\/\/wellness-kromeriz.cz\/wp-content\/uploads\/2021\/05\/P1010653-568x300.jpg\" width=\"568\" height=\"300\" alt=\"\" title=\"\" \/><\/a><\/li><li class=\"isotope-item\"><a class=\"prettyphoto\" href=\"https:\/\/wellness-kromeriz.cz\/wp-content\/uploads\/2021\/05\/P1010651-1024x683.jpg\" data-rel=\"prettyPhoto[rel-353-440458663]\"><img decoding=\"async\" class=\"\" src=\"https:\/\/wellness-kromeriz.cz\/wp-content\/uploads\/2021\/05\/P1010651-568x300.jpg\" width=\"568\" height=\"300\" alt=\"\" title=\"\" \/><\/a><\/li><\/ul><\/div><\/div><\/div><\/div><\/div><\/div><\/div><div class=\"vc_row wpb_row vc_row-fluid vc_custom_1453347398265\"><div class=\"wpb_column vc_column_container vc_col-sm-12\"><div class=\"vc_column-inner vc_custom_1645556328484\"><div class=\"wpb_wrapper\"><div style=\"font-size: 24px;color: #202020;text-align: left\" class=\"vc_custom_heading font-weight-700\" >SAUNOV\u00dd SV\u011aT<\/div>\n\t<div class=\"wpb_text_column wpb_content_element\" >\n\t\t<div class=\"wpb_wrapper\">\n\t\t\t<p>Je v\u0161eobecn\u011b zn\u00e1mo, \u017ee sauna je za\u0159\u00edzen\u00ed, kter\u00e9 m\u00e1 blahod\u00e1rn\u00e9 \u00fa\u010dinky na zdrav\u00ed \u010dlov\u011bka. P\u0159i pravideln\u00e9m saunov\u00e1n\u00ed se zvy\u0161uje odolnost organismu proti nachlazen\u00ed, ka\u0161li a r\u00fdm\u011b. B\u011bhem saunov\u00e1n\u00ed doch\u00e1z\u00ed k povzbuzen\u00ed krevn\u00edho syst\u00e9mu, zv\u00fd\u0161en\u00ed srde\u010dn\u00edho v\u00fdkonu, lep\u0161\u00edmu prokrven\u00ed sval\u016f, vnit\u0159n\u00edch org\u00e1n\u016f, kon\u010detin i k\u016f\u017ee. T\u011blo se l\u00e9pe okysli\u010duje, roz\u0161i\u0159uj\u00ed se ko\u017en\u00ed p\u00f3ry i c\u00e9vy, zlep\u0161uje se d\u00fdch\u00e1n\u00ed k\u016f\u017ee a z t\u011bla se vylu\u010duj\u00ed \u0161kodliv\u00e9 l\u00e1tky.<\/p>\n<p>Saunov\u00e1n\u00ed je doporu\u010dov\u00e1no p\u0159i chronick\u00fdch z\u00e1n\u011btech cest d\u00fdchac\u00edch, k rehabilitaci po \u00farazech a ke zm\u00edrn\u011bn\u00ed obt\u00ed\u017e\u00ed p\u0159i artr\u00f3ze a revmatismu. Dle v\u00fdzkum\u016f m\u00e1 sauna tak\u00e9 velmi pozitivn\u00ed vliv na lidskou psychiku.<\/p>\n<h3><strong>Parn\u00ed sauna<\/strong><\/h3>\n<p>Parn\u00ed sauna je\u00a0<strong>tepl\u00e1 mlhov\u00e1 l\u00e1ze\u0148 vyh\u0159\u00e1t\u00e1 na teplotu cca 45\u00b0 C o vlhkosti a\u017e 100 %<\/strong>\u00a0podobn\u00e1 saun\u011b. V porovn\u00e1n\u00ed s klasickou saunou v\u0161ak nen\u00ed tak hork\u00e1 a je mnohem vlh\u010d\u00ed. Proh\u0159\u00edv\u00e1n\u00ed v p\u00e1\u0159e m\u00e1 v\u00fdrazn\u00fd preventivn\u00ed \u00fa\u010dinek. Z l\u00e9\u010debn\u00e9ho hlediska se hork\u00e1 p\u00e1ra ch\u00e1pe jako pudov\u00fd prost\u0159edek l\u00e9\u010dby. Osv\u011bd\u010duje se hlavn\u011b p\u0159i chronick\u00fdch r\u00fdm\u00e1ch a z\u00e1n\u011btech nosohltanu a hlasivek, d\u00e1le u revmatick\u00fdch chorob a r\u016fzn\u00fdch pohybov\u00fdch pot\u00ed\u017e\u00ed. Je vhodn\u00e1 p\u0159i l\u00e9\u010db\u011b po\u00farazov\u00fdch n\u00e1sledk\u016f, osv\u011bd\u010duje se p\u0159i nespavosti, p\u0159i nedostate\u010dn\u00e9m prokrven\u00ed kon\u010detin. P\u0159ed pou\u017eit\u00edm sauny jako l\u00e9\u010debn\u00e9 procedury je v\u0161ak t\u0159eba se v\u017edy p\u0159edem poradit s o\u0161et\u0159uj\u00edc\u00edm l\u00e9ka\u0159em.<\/p>\n<h3><strong>Finsk\u00e1 sauna<\/strong><\/h3>\n<p>Finsk\u00e1 sauna je\u00a0<strong>such\u00e1 sauna<\/strong>. Proto je nutn\u00e9, aby se n\u00e1v\u0161t\u011bvn\u00edci po osprchov\u00e1n\u00ed p\u0159ed vstupem do sauny osu\u0161ili. Teplota i vlhkost je hl\u00edd\u00e1na automaticky. Lidsk\u00e9 t\u011blo sn\u00e1\u0161\u00ed vysokou teplotu, av\u0161ak podm\u00ednkou je such\u00fd vzduch. P\u0159i vysok\u00e9 teplot\u011b a vysok\u00e9 vlhkosti hroz\u00ed opa\u0159en\u00ed.\u00a0<strong>Finsk\u00e1 sauna se vyh\u0159\u00edv\u00e1 na teplotu a\u017e 110\u00b0 C ale s minim\u00e1ln\u00ed vlhkost\u00ed vzduchu.<\/strong>N\u00e1v\u0161t\u011bvu sauny by m\u011bli konzultovat lid\u00e9 se srde\u010dn\u00edmi probl\u00e9my se sv\u00fdm l\u00e9ka\u0159em.<\/p>\n<h3><strong>Tepid\u00e1rium<\/strong><\/h3>\n<p>Tepid\u00e1rium lidov\u011b naz\u00fdv\u00e1no jako teplovzdu\u0161n\u00fd sklen\u00edk nab\u00edz\u00ed blahod\u00e1rn\u00e9\u00a0<strong>\u00fa\u010dinky s\u00e1lav\u00e9ho tepla<\/strong>. Teplo, kter\u00e9 vyza\u0159uje ze st\u011bn, podlahy i relaxa\u010dn\u00edch lavic, oh\u0159\u00edv\u00e1\u00a0<strong>vzduch<\/strong>\u00a0na teplotu\u00a0<strong>kolem 40\u00b0 C.<\/strong>\u00a0<strong>Vlhkost se zde pohybuje od 20 do 30 %.<\/strong>\u00a0D\u00edky s\u00e1lav\u00e9mu teplu se proh\u0159\u00edv\u00e1 cel\u00e9 t\u011blo a doch\u00e1z\u00ed k celkov\u00e9mu uvoln\u011bn\u00ed organismu. Ide\u00e1ln\u00ed m\u00edsto pro p\u0159\u00edpravu na dal\u0161\u00ed procedury i pro z\u00e1v\u011bre\u010dn\u00fd odpo\u010dinek. Je vhodn\u00fd pro ty klienty, kte\u0159\u00ed nevyhled\u00e1vaj\u00ed vysokou teplotu a vlhkost klasick\u00e9 sauny. D\u00edky p\u0159\u00edzniv\u00e9mu vlivu na imunitn\u00ed syst\u00e9m a minim\u00e1ln\u00ed z\u00e1t\u011b\u017e krevn\u00edho ob\u011bhu je tepidarium vhodn\u00e9 tak\u00e9 jako prevence proti nemocem.<\/p>\n\n\t\t<\/div>\n\t<\/div>\n\n\t<div class=\"wpb_text_column wpb_content_element\" >\n\t\t<div class=\"wpb_wrapper\">\n\t\t\t<blockquote><p>\n<strong><span style=\"color: #ff0000;\">Saunov\u00fd sv\u011bt je pro m\u011bs\u00edce kv\u011bten, \u010derven, \u010dervenec, srpen a polovinu z\u00e1\u0159\u00ed uzav\u0159en. Nep\u0159ij\u00edm\u00e1me \u017e\u00e1dn\u00e9 priv\u00e1tn\u00ed rezervace.<\/span><\/strong>\n<\/p><\/blockquote>\n\n\t\t<\/div>\n\t<\/div>\n\n\t<div class=\"wpb_text_column wpb_content_element\" >\n\t\t<div class=\"wpb_wrapper\">\n\t\t\t\n<table id=\"tablepress-13\" class=\"tablepress tablepress-id-13\">\n<thead>\n<tr class=\"row-1 odd\">\n\t<th class=\"column-1\">CEN\u00cdK - SAUNOV\u00dd SV\u011aT<\/th><th class=\"column-2\"><\/th>\n<\/tr>\n<\/thead>\n<tbody class=\"row-hover\">\n<tr class=\"row-2 even\">\n\t<td class=\"column-1\"><strong>Ve\u0159ejnost 220 K\u010d os \/ 60 min<\/strong><br \/>\n<strong>Ve\u0159ejnost 330 K\u010d os \/ 90 min<\/strong><br \/>\n<strong>Ve\u0159ejnost 440 K\u010d os \/ 120 min<\/strong><br \/>\n<strong>130 K\u010d d\u00edt\u011b nad 5 let vstup<\/strong><br \/>\n<\/td><td class=\"column-2\"><\/td>\n<\/tr>\n<tr class=\"row-3 odd\">\n\t<td class=\"column-1\">Pond\u011bl\u00ed 15:30 - 18:30 - spole\u010dn\u00e1 finsk\u00e1<\/td><td class=\"column-2\"><\/td>\n<\/tr>\n<tr class=\"row-4 even\">\n\t<td class=\"column-1\">\u00dater\u00fd - 19:00 - 20:30 - spole\u010dn\u00e1 finsk\u00e1<\/td><td class=\"column-2\"><\/td>\n<\/tr>\n<tr class=\"row-5 odd\">\n\t<td class=\"column-1\">St\u0159eda 15:00 - 20:30 - spole\u010dn\u00e1 finsk\u00e1 + parn\u00ed<\/td><td class=\"column-2\"><\/td>\n<\/tr>\n<tr class=\"row-6 even\">\n\t<td class=\"column-1\">\u010ctvrtek - 15:30 - 18:30 - spole\u010dn\u00e1 finsk\u00e1<\/td><td class=\"column-2\"><\/td>\n<\/tr>\n<tr class=\"row-7 odd\">\n\t<td class=\"column-1\">P\u00e1tek 15:00 - 20:30 - spole\u010dn\u00e1 finsk\u00e1 + parn\u00ed<\/td><td class=\"column-2\"><\/td>\n<\/tr>\n<tr class=\"row-8 even\">\n\t<td class=\"column-1\">Sobota 15:00 - 20:30 - spole\u010dn\u00e1 finsk\u00e1 + parn\u00ed<\/td><td class=\"column-2\"><\/td>\n<\/tr>\n<tr class=\"row-9 odd\">\n\t<td class=\"column-1\">Ned\u011ble 14:00 - 20:00 - spole\u010dn\u00e1 finsk\u00e1 + parn\u00ed<\/td><td class=\"column-2\"><\/td>\n<\/tr>\n<tr class=\"row-10 even\">\n\t<td class=\"column-1\"><\/td><td class=\"column-2\"><\/td>\n<\/tr>\n<tr class=\"row-11 odd\">\n\t<td class=\"column-1\"><strong>Pron\u00e1jem p\u0159ed \u010dasem ve\u0159ejnosti<\/strong><\/td><td class=\"column-2\">Finsk\u00e1 + parn\u00ed 2500, - \/ 120 min (max. 12 os.)<\/td>\n<\/tr>\n<tr class=\"row-12 even\">\n\t<td class=\"column-1\"><\/td><td class=\"column-2\">Finsk\u00e1 1300, - \/ 120 min (max. 2 os.)<\/td>\n<\/tr>\n<tr class=\"row-13 odd\">\n\t<td class=\"column-1\"><\/td><td class=\"column-2\">Finsk\u00e1 2000, - \/ 120 min (max. 3-8 os.)<\/td>\n<\/tr>\n<tr class=\"row-14 even\">\n\t<td class=\"column-1\"><\/td><td class=\"column-2\"><\/td>\n<\/tr>\n<tr class=\"row-15 odd\">\n\t<td class=\"column-1\"><strong>Cel\u00fd komplex (Whirlpool, Saunov\u00fd sv\u011bt 2-15 os. \/ 120 min 3500, - (max. 20 os.)<\/strong> <\/td><td class=\"column-2\">Platba p\u0159edem na m\u00edst\u011b nebo bankovn\u00edm p\u0159evodem. \u010c\u00e1stka za rezervaci cel\u00e9ho komplexu je nevratn\u00e1.<\/td>\n<\/tr>\n<tr class=\"row-16 even\">\n\t<td class=\"column-1\">(ka\u017ed\u00e1 dal\u0161\u00ed dosp\u011bl\u00e1 osoba 230, - \/ 120 min)<\/td><td class=\"column-2\"><\/td>\n<\/tr>\n<\/tbody>\n<\/table>\n<!-- #tablepress-13 from cache -->\n\n\t\t<\/div>\n\t<\/div>\n<\/div><\/div><\/div><\/div><div class=\"vc_row wpb_row vc_row-fluid vc_custom_1645556253685\"><div class=\"wpb_column vc_column_container vc_col-sm-12\"><div class=\"vc_column-inner vc_custom_1645556363434\"><div class=\"wpb_wrapper\"><div class=\"wpb_gallery wpb_content_element vc_clearfix\" ><div class=\"wpb_wrapper\"><div class=\"wpb_gallery_slides wpb_image_grid\" data-interval=\"3\"><ul class=\"wpb_image_grid_ul\"><li class=\"isotope-item\"><a class=\"prettyphoto\" href=\"https:\/\/wellness-kromeriz.cz\/wp-content\/uploads\/2018\/11\/saunovysvet1.jpg\" data-rel=\"prettyPhoto[rel-353-1255615242]\"><img decoding=\"async\" class=\"\" src=\"https:\/\/wellness-kromeriz.cz\/wp-content\/uploads\/2018\/11\/saunovysvet1-568x300.jpg\" width=\"568\" height=\"300\" alt=\"saunovysvet1\" title=\"saunovysvet1\" \/><\/a><\/li><li class=\"isotope-item\"><a class=\"prettyphoto\" href=\"https:\/\/wellness-kromeriz.cz\/wp-content\/uploads\/2018\/11\/saunovysvet2.jpg\" data-rel=\"prettyPhoto[rel-353-1255615242]\"><img decoding=\"async\" class=\"\" src=\"https:\/\/wellness-kromeriz.cz\/wp-content\/uploads\/2018\/11\/saunovysvet2-568x300.jpg\" width=\"568\" height=\"300\" alt=\"saunovysvet2\" title=\"saunovysvet2\" \/><\/a><\/li><li class=\"isotope-item\"><a class=\"prettyphoto\" href=\"https:\/\/wellness-kromeriz.cz\/wp-content\/uploads\/2018\/11\/saunovysvet3.jpg\" data-rel=\"prettyPhoto[rel-353-1255615242]\"><img decoding=\"async\" class=\"\" src=\"https:\/\/wellness-kromeriz.cz\/wp-content\/uploads\/2018\/11\/saunovysvet3-568x300.jpg\" width=\"568\" height=\"300\" alt=\"saunovysvet3\" title=\"saunovysvet3\" \/><\/a><\/li><li class=\"isotope-item\"><a class=\"prettyphoto\" href=\"https:\/\/wellness-kromeriz.cz\/wp-content\/uploads\/2018\/11\/saunovysvet_uvod1.jpg\" data-rel=\"prettyPhoto[rel-353-1255615242]\"><img decoding=\"async\" class=\"\" src=\"https:\/\/wellness-kromeriz.cz\/wp-content\/uploads\/2018\/11\/saunovysvet_uvod1-568x300.jpg\" width=\"568\" height=\"300\" alt=\"saunovysvet_uvod1\" title=\"saunovysvet_uvod1\" \/><\/a><\/li><\/ul><\/div><\/div><\/div><\/div><\/div><\/div><\/div><div class=\"vc_row wpb_row vc_row-fluid\"><div class=\"wpb_column vc_column_container vc_col-sm-12\"><div class=\"vc_column-inner\"><div class=\"wpb_wrapper\"><\/div><\/div><\/div><\/div><div class=\"vc_row wpb_row vc_row-fluid\"><div class=\"wpb_column vc_column_container vc_col-sm-12\"><div class=\"vc_column-inner\"><div class=\"wpb_wrapper\">\n\t<div class=\"wpb_text_column wpb_content_element\" >\n\t\t<div class=\"wpb_wrapper\">\n\t\t\t\n\t\t<\/div>\n\t<\/div>\n<\/div><\/div><\/div><\/div>","protected":false},"excerpt":{"rendered":"BAZ\u00c9N S TRYSKAMI V\u00ed\u0159iv\u00fd baz\u00e9n, tzv. whirlpool m\u00e1 pozitivn\u00ed vliv na n\u00e1\u0161 organismus jak po fyzick\u00e9, tak po psychick\u00e9 str\u00e1nce. B\u011bhem pobytu ve whirlpoolu, doch\u00e1z\u00ed ke stimulaci krevn\u00edho ob\u011bhu a lep\u0161\u00ed cirkulaci krve. D\u00edky vod\u011b o teplot\u011b p\u0159es 30\u00b0 C se t\u011blo uvoln\u00ed a povol\u00ed svalov\u00e9 nap\u011bt\u00ed, vznikl\u00e9 p\u0159i ka\u017edodenn\u00edm pracovn\u00edm vyt\u00ed\u017een\u00ed. V zabudovan\u00fdch vodn\u00edch [...]","protected":false},"author":1,"featured_media":3940,"parent":0,"menu_order":0,"comment_status":"closed","ping_status":"closed","template":"","meta":{"footnotes":""},"class_list":["post-353","page","type-page","status-publish","has-post-thumbnail","hentry"],"yoast_head":"<!-- This site is optimized with the Yoast SEO plugin v23.5 - https:\/\/yoast.com\/wordpress\/plugins\/seo\/ -->\n<title>Wellness | Medical &amp; Wellness Centrum Harmony<\/title>\n<meta name=\"robots\" content=\"index, follow, max-snippet:-1, max-image-preview:large, max-video-preview:-1\" \/>\n<link rel=\"canonical\" href=\"https:\/\/wellness-kromeriz.cz\/en\/wellness\/\" \/>\n<meta property=\"og:locale\" content=\"en_GB\" \/>\n<meta property=\"og:type\" content=\"article\" \/>\n<meta property=\"og:title\" content=\"Wellness | Medical &amp; Wellness Centrum Harmony\" \/>\n<meta property=\"og:url\" content=\"https:\/\/wellness-kromeriz.cz\/en\/wellness\/\" \/>\n<meta property=\"og:site_name\" content=\"Medical &amp; Wellness Centrum Harmony\" \/>\n<meta property=\"article:modified_time\" content=\"2025-09-09T11:47:27+00:00\" \/>\n<meta property=\"og:image\" content=\"https:\/\/wellness-kromeriz.cz\/wp-content\/uploads\/2022\/02\/P1010651-1.jpg\" \/>\n\t<meta property=\"og:image:width\" content=\"1720\" \/>\n\t<meta property=\"og:image:height\" content=\"1080\" \/>\n\t<meta property=\"og:image:type\" content=\"image\/jpeg\" \/>\n<meta name=\"twitter:card\" content=\"summary_large_image\" \/>\n<meta name=\"twitter:label1\" content=\"Estimated reading time\" \/>\n\t<meta name=\"twitter:data1\" content=\"4 minutes\" \/>\n<script type=\"application\/ld+json\" class=\"yoast-schema-graph\">{\"@context\":\"https:\/\/schema.org\",\"@graph\":[{\"@type\":\"WebPage\",\"@id\":\"https:\/\/wellness-kromeriz.cz\/wellness\/\",\"url\":\"https:\/\/wellness-kromeriz.cz\/wellness\/\",\"name\":\"Wellness | Medical &amp; Wellness Centrum Harmony\",\"isPartOf\":{\"@id\":\"https:\/\/wellness-kromeriz.cz\/#website\"},\"primaryImageOfPage\":{\"@id\":\"https:\/\/wellness-kromeriz.cz\/wellness\/#primaryimage\"},\"image\":{\"@id\":\"https:\/\/wellness-kromeriz.cz\/wellness\/#primaryimage\"},\"thumbnailUrl\":\"https:\/\/wellness-kromeriz.cz\/wp-content\/uploads\/2022\/02\/P1010651-1.jpg\",\"datePublished\":\"2016-01-21T03:12:54+00:00\",\"dateModified\":\"2025-09-09T11:47:27+00:00\",\"breadcrumb\":{\"@id\":\"https:\/\/wellness-kromeriz.cz\/wellness\/#breadcrumb\"},\"inLanguage\":\"en-GB\",\"potentialAction\":[{\"@type\":\"ReadAction\",\"target\":[\"https:\/\/wellness-kromeriz.cz\/wellness\/\"]}]},{\"@type\":\"ImageObject\",\"inLanguage\":\"en-GB\",\"@id\":\"https:\/\/wellness-kromeriz.cz\/wellness\/#primaryimage\",\"url\":\"https:\/\/wellness-kromeriz.cz\/wp-content\/uploads\/2022\/02\/P1010651-1.jpg\",\"contentUrl\":\"https:\/\/wellness-kromeriz.cz\/wp-content\/uploads\/2022\/02\/P1010651-1.jpg\",\"width\":1720,\"height\":1080},{\"@type\":\"BreadcrumbList\",\"@id\":\"https:\/\/wellness-kromeriz.cz\/wellness\/#breadcrumb\",\"itemListElement\":[{\"@type\":\"ListItem\",\"position\":1,\"name\":\"Dom\u016f\",\"item\":\"https:\/\/wellness-kromeriz.cz\/\"},{\"@type\":\"ListItem\",\"position\":2,\"name\":\"Wellness\"}]},{\"@type\":\"WebSite\",\"@id\":\"https:\/\/wellness-kromeriz.cz\/#website\",\"url\":\"https:\/\/wellness-kromeriz.cz\/\",\"name\":\"Medical &amp; Wellness Centrum Harmony\",\"description\":\"Medical &amp; Wellness Centrum Harmony\",\"publisher\":{\"@id\":\"https:\/\/wellness-kromeriz.cz\/#organization\"},\"potentialAction\":[{\"@type\":\"SearchAction\",\"target\":{\"@type\":\"EntryPoint\",\"urlTemplate\":\"https:\/\/wellness-kromeriz.cz\/?s={search_term_string}\"},\"query-input\":{\"@type\":\"PropertyValueSpecification\",\"valueRequired\":true,\"valueName\":\"search_term_string\"}}],\"inLanguage\":\"en-GB\"},{\"@type\":\"Organization\",\"@id\":\"https:\/\/wellness-kromeriz.cz\/#organization\",\"name\":\"Wellness Harmony Krom\u011b\u0159\u00ed\u017e\",\"url\":\"https:\/\/wellness-kromeriz.cz\/\",\"logo\":{\"@type\":\"ImageObject\",\"inLanguage\":\"en-GB\",\"@id\":\"https:\/\/wellness-kromeriz.cz\/#\/schema\/logo\/image\/\",\"url\":\"https:\/\/wellness-kromeriz.cz\/wp-content\/uploads\/2018\/11\/harmony-logo-1.png\",\"contentUrl\":\"https:\/\/wellness-kromeriz.cz\/wp-content\/uploads\/2018\/11\/harmony-logo-1.png\",\"width\":1962,\"height\":505,\"caption\":\"Wellness Harmony Krom\u011b\u0159\u00ed\u017e\"},\"image\":{\"@id\":\"https:\/\/wellness-kromeriz.cz\/#\/schema\/logo\/image\/\"}}]}<\/script>\n<!-- \/ Yoast SEO plugin. -->","yoast_head_json":{"title":"Wellness | Medical &amp; Wellness Centrum Harmony","robots":{"index":"index","follow":"follow","max-snippet":"max-snippet:-1","max-image-preview":"max-image-preview:large","max-video-preview":"max-video-preview:-1"},"canonical":"https:\/\/wellness-kromeriz.cz\/en\/wellness\/","og_locale":"en_GB","og_type":"article","og_title":"Wellness | Medical &amp; Wellness Centrum Harmony","og_url":"https:\/\/wellness-kromeriz.cz\/en\/wellness\/","og_site_name":"Medical &amp; Wellness Centrum Harmony","article_modified_time":"2025-09-09T11:47:27+00:00","og_image":[{"width":1720,"height":1080,"url":"https:\/\/wellness-kromeriz.cz\/wp-content\/uploads\/2022\/02\/P1010651-1.jpg","type":"image\/jpeg"}],"twitter_card":"summary_large_image","twitter_misc":{"Estimated reading time":"4 minutes"},"schema":{"@context":"https:\/\/schema.org","@graph":[{"@type":"WebPage","@id":"https:\/\/wellness-kromeriz.cz\/wellness\/","url":"https:\/\/wellness-kromeriz.cz\/wellness\/","name":"Wellness | Medical &amp; Wellness Centrum Harmony","isPartOf":{"@id":"https:\/\/wellness-kromeriz.cz\/#website"},"primaryImageOfPage":{"@id":"https:\/\/wellness-kromeriz.cz\/wellness\/#primaryimage"},"image":{"@id":"https:\/\/wellness-kromeriz.cz\/wellness\/#primaryimage"},"thumbnailUrl":"https:\/\/wellness-kromeriz.cz\/wp-content\/uploads\/2022\/02\/P1010651-1.jpg","datePublished":"2016-01-21T03:12:54+00:00","dateModified":"2025-09-09T11:47:27+00:00","breadcrumb":{"@id":"https:\/\/wellness-kromeriz.cz\/wellness\/#breadcrumb"},"inLanguage":"en-GB","potentialAction":[{"@type":"ReadAction","target":["https:\/\/wellness-kromeriz.cz\/wellness\/"]}]},{"@type":"ImageObject","inLanguage":"en-GB","@id":"https:\/\/wellness-kromeriz.cz\/wellness\/#primaryimage","url":"https:\/\/wellness-kromeriz.cz\/wp-content\/uploads\/2022\/02\/P1010651-1.jpg","contentUrl":"https:\/\/wellness-kromeriz.cz\/wp-content\/uploads\/2022\/02\/P1010651-1.jpg","width":1720,"height":1080},{"@type":"BreadcrumbList","@id":"https:\/\/wellness-kromeriz.cz\/wellness\/#breadcrumb","itemListElement":[{"@type":"ListItem","position":1,"name":"Dom\u016f","item":"https:\/\/wellness-kromeriz.cz\/"},{"@type":"ListItem","position":2,"name":"Wellness"}]},{"@type":"WebSite","@id":"https:\/\/wellness-kromeriz.cz\/#website","url":"https:\/\/wellness-kromeriz.cz\/","name":"Medical &amp; Wellness Centrum Harmony","description":"Medical &amp; Wellness Centrum Harmony","publisher":{"@id":"https:\/\/wellness-kromeriz.cz\/#organization"},"potentialAction":[{"@type":"SearchAction","target":{"@type":"EntryPoint","urlTemplate":"https:\/\/wellness-kromeriz.cz\/?s={search_term_string}"},"query-input":{"@type":"PropertyValueSpecification","valueRequired":true,"valueName":"search_term_string"}}],"inLanguage":"en-GB"},{"@type":"Organization","@id":"https:\/\/wellness-kromeriz.cz\/#organization","name":"Wellness Harmony Krom\u011b\u0159\u00ed\u017e","url":"https:\/\/wellness-kromeriz.cz\/","logo":{"@type":"ImageObject","inLanguage":"en-GB","@id":"https:\/\/wellness-kromeriz.cz\/#\/schema\/logo\/image\/","url":"https:\/\/wellness-kromeriz.cz\/wp-content\/uploads\/2018\/11\/harmony-logo-1.png","contentUrl":"https:\/\/wellness-kromeriz.cz\/wp-content\/uploads\/2018\/11\/harmony-logo-1.png","width":1962,"height":505,"caption":"Wellness Harmony Krom\u011b\u0159\u00ed\u017e"},"image":{"@id":"https:\/\/wellness-kromeriz.cz\/#\/schema\/logo\/image\/"}}]}},"_links":{"self":[{"href":"https:\/\/wellness-kromeriz.cz\/en\/wp-json\/wp\/v2\/pages\/353"}],"collection":[{"href":"https:\/\/wellness-kromeriz.cz\/en\/wp-json\/wp\/v2\/pages"}],"about":[{"href":"https:\/\/wellness-kromeriz.cz\/en\/wp-json\/wp\/v2\/types\/page"}],"author":[{"embeddable":true,"href":"https:\/\/wellness-kromeriz.cz\/en\/wp-json\/wp\/v2\/users\/1"}],"replies":[{"embeddable":true,"href":"https:\/\/wellness-kromeriz.cz\/en\/wp-json\/wp\/v2\/comments?post=353"}],"version-history":[{"count":41,"href":"https:\/\/wellness-kromeriz.cz\/en\/wp-json\/wp\/v2\/pages\/353\/revisions"}],"predecessor-version":[{"id":4673,"href":"https:\/\/wellness-kromeriz.cz\/en\/wp-json\/wp\/v2\/pages\/353\/revisions\/4673"}],"wp:featuredmedia":[{"embeddable":true,"href":"https:\/\/wellness-kromeriz.cz\/en\/wp-json\/wp\/v2\/media\/3940"}],"wp:attachment":[{"href":"https:\/\/wellness-kromeriz.cz\/en\/wp-json\/wp\/v2\/media?parent=353"}],"curies":[{"name":"wp","href":"https:\/\/api.w.org\/{rel}","templated":true}]}}