{"id":3562,"date":"2022-02-21T18:51:25","date_gmt":"2022-02-21T18:51:25","guid":{"rendered":"https:\/\/wellness-kromeriz.cz\/?page_id=3562"},"modified":"2025-01-03T10:03:22","modified_gmt":"2025-01-03T10:03:22","slug":"laserove-centrum-lasea","status":"publish","type":"page","link":"https:\/\/wellness-kromeriz.cz\/en\/laserove-centrum-lasea\/","title":{"rendered":"Laserov\u00e9 centrum"},"content":{"rendered":"<div class=\"vc_row wpb_row vc_row-fluid\"><div class=\"wpb_column vc_column_container vc_col-sm-12\"><div class=\"vc_column-inner\"><div class=\"wpb_wrapper\"><div style=\"font-size: 24px;color: #202020;text-align: left\" class=\"vc_custom_heading font-weight-700\" >RODINN\u00c9 LASEROV\u00c9 CENTRUM LASEA<\/div>\n\t<div class=\"wpb_text_column wpb_content_element\" >\n\t\t<div class=\"wpb_wrapper\">\n\t\t\t<p>Centrum Lasea V\u00e1m nab\u00edz\u00ed profesion\u00e1ln\u00ed p\u00e9\u010di v nejvy\u0161\u0161\u00ed kvalit\u011b v oblastech dermatologie, gynekologie a neinvazivn\u00ed chirurgie d\u00edky modern\u00edmu laseru\u00a0<a href=\"https:\/\/www.lasea.cz\/fotona-dynamis-sp\" target=\"_self\" rel=\"noopener\">Fotona SP Dynamis<\/a>. Pr\u00e1v\u011b nejmodern\u011bj\u0161\u00ed laserov\u00e1 technologie umo\u017e\u0148uje prov\u00e1d\u011bt vysoce efektnivn\u00ed z\u00e1kroky neinvazivn\u011b.<\/p>\n\n\t\t<\/div>\n\t<\/div>\n<\/div><\/div><\/div><\/div><div class=\"vc_row wpb_row vc_row-fluid\"><div class=\"contact-page-info wpb_column vc_column_container vc_col-sm-12\"><div class=\"vc_column-inner\"><div class=\"wpb_wrapper\"><div class=\"vc_row wpb_row vc_inner vc_row-fluid vc_custom_1645553688755\"><div class=\"wpb_column vc_column_container vc_col-sm-6\"><div class=\"vc_column-inner\"><div class=\"wpb_wrapper\"><h3 style=\"font-size: 22px;color: #444444;text-align: left\" class=\"vc_custom_heading heading-left-grey font-weight-700\" >Kontakt<\/h3>\n\t<div class=\"wpb_text_column wpb_content_element\" >\n\t\t<div class=\"wpb_wrapper\">\n\t\t\t<p>Rodinn\u00e9 laserov\u00e9 centrum Lasea<br \/>\n(Medical &amp; Wellness Harmony, 1.patro)<br \/>\nTel: +420 732 977 557<br \/>\nE-mail:\u00a0<strong><a href=\"mailto:info@lasea.cz\">info@lasea.cz<\/a><\/strong><br \/>\nWeb:\u00a0<strong><a href=\"http:\/\/www.lasea.cz\/\">www.lasea.cz<\/a><\/strong><\/p>\n\n\t\t<\/div>\n\t<\/div>\n<\/div><\/div><\/div><div class=\"wpb_column vc_column_container vc_col-sm-6\"><div class=\"vc_column-inner\"><div class=\"wpb_wrapper\"><\/div><\/div><\/div><\/div><\/div><\/div><\/div><\/div><div class=\"vc_row wpb_row vc_row-fluid\"><div class=\"wpb_column vc_column_container vc_col-sm-12\"><div class=\"vc_column-inner\"><div class=\"wpb_wrapper\"><div class=\"vc_empty_space\"   style=\"height: 30px\" ><span class=\"vc_empty_space_inner\"><\/span><\/div>\n<\/div><\/div><\/div><\/div><div class=\"vc_row wpb_row vc_row-fluid\"><div class=\"wpb_column vc_column_container vc_col-sm-12\"><div class=\"vc_column-inner\"><div class=\"wpb_wrapper\"><div class=\"wpb_gallery wpb_content_element vc_clearfix\" ><div class=\"wpb_wrapper\"><div class=\"wpb_gallery_slides wpb_image_grid\" data-interval=\"3\"><ul class=\"wpb_image_grid_ul\"><li class=\"isotope-item\"><a class=\"prettyphoto\" href=\"https:\/\/wellness-kromeriz.cz\/wp-content\/uploads\/2022\/02\/6-1024x682.png\" data-rel=\"prettyPhoto[rel-3562-72109214]\"><img decoding=\"async\" class=\"\" src=\"https:\/\/wellness-kromeriz.cz\/wp-content\/uploads\/2022\/02\/6-569x300.png\" width=\"569\" height=\"300\" alt=\"\" title=\"\" \/><\/a><\/li><li class=\"isotope-item\"><a class=\"prettyphoto\" href=\"https:\/\/wellness-kromeriz.cz\/wp-content\/uploads\/2022\/02\/4-1024x682.png\" data-rel=\"prettyPhoto[rel-3562-72109214]\"><img decoding=\"async\" class=\"\" src=\"https:\/\/wellness-kromeriz.cz\/wp-content\/uploads\/2022\/02\/4-569x300.png\" width=\"569\" height=\"300\" alt=\"\" title=\"\" \/><\/a><\/li><li class=\"isotope-item\"><a class=\"prettyphoto\" href=\"https:\/\/wellness-kromeriz.cz\/wp-content\/uploads\/2022\/02\/2-1024x685.png\" data-rel=\"prettyPhoto[rel-3562-72109214]\"><img decoding=\"async\" class=\"\" src=\"https:\/\/wellness-kromeriz.cz\/wp-content\/uploads\/2022\/02\/2-569x300.png\" width=\"569\" height=\"300\" alt=\"\" title=\"\" \/><\/a><\/li><li class=\"isotope-item\"><a class=\"prettyphoto\" href=\"https:\/\/wellness-kromeriz.cz\/wp-content\/uploads\/2022\/02\/1-1024x685.png\" data-rel=\"prettyPhoto[rel-3562-72109214]\"><img decoding=\"async\" class=\"\" src=\"https:\/\/wellness-kromeriz.cz\/wp-content\/uploads\/2022\/02\/1-569x300.png\" width=\"569\" height=\"300\" alt=\"\" title=\"\" \/><\/a><\/li><\/ul><\/div><\/div><\/div><\/div><\/div><\/div><\/div><div class=\"vc_row wpb_row vc_row-fluid\"><div class=\"wpb_column vc_column_container vc_col-sm-12\"><div class=\"vc_column-inner\"><div class=\"wpb_wrapper\"><div class=\"vc_empty_space\"   style=\"height: 20px\" ><span class=\"vc_empty_space_inner\"><\/span><\/div>\n<\/div><\/div><\/div><\/div>","protected":false},"excerpt":{"rendered":"RODINN\u00c9 LASEROV\u00c9 CENTRUM LASEA Centrum Lasea V\u00e1m nab\u00edz\u00ed profesion\u00e1ln\u00ed p\u00e9\u010di v nejvy\u0161\u0161\u00ed kvalit\u011b v oblastech dermatologie, gynekologie a neinvazivn\u00ed chirurgie d\u00edky modern\u00edmu laseru\u00a0Fotona SP Dynamis. Pr\u00e1v\u011b nejmodern\u011bj\u0161\u00ed laserov\u00e1 technologie umo\u017e\u0148uje prov\u00e1d\u011bt vysoce efektnivn\u00ed z\u00e1kroky neinvazivn\u011b. Kontakt Rodinn\u00e9 laserov\u00e9 centrum Lasea (Medical &amp; Wellness Harmony, 1.patro) Tel: +420 732 977 557 E-mail:\u00a0info@lasea.cz Web:\u00a0www.lasea.cz","protected":false},"author":1,"featured_media":3565,"parent":0,"menu_order":4,"comment_status":"closed","ping_status":"closed","template":"","meta":{"footnotes":""},"class_list":["post-3562","page","type-page","status-publish","has-post-thumbnail","hentry"],"yoast_head":"<!-- This site is optimized with the Yoast SEO plugin v23.5 - https:\/\/yoast.com\/wordpress\/plugins\/seo\/ -->\n<title>Laserov\u00e9 centrum | Medical &amp; Wellness Centrum Harmony<\/title>\n<meta name=\"robots\" content=\"index, follow, max-snippet:-1, max-image-preview:large, max-video-preview:-1\" \/>\n<link rel=\"canonical\" href=\"https:\/\/wellness-kromeriz.cz\/en\/laserove-centrum-lasea\/\" \/>\n<meta property=\"og:locale\" content=\"en_GB\" \/>\n<meta property=\"og:type\" content=\"article\" \/>\n<meta property=\"og:title\" content=\"Laserov\u00e9 centrum | Medical &amp; Wellness Centrum Harmony\" \/>\n<meta property=\"og:url\" content=\"https:\/\/wellness-kromeriz.cz\/en\/laserove-centrum-lasea\/\" \/>\n<meta property=\"og:site_name\" content=\"Medical &amp; Wellness Centrum Harmony\" \/>\n<meta property=\"article:modified_time\" content=\"2025-01-03T10:03:22+00:00\" \/>\n<meta property=\"og:image\" content=\"https:\/\/wellness-kromeriz.cz\/wp-content\/uploads\/2022\/02\/4.png\" \/>\n\t<meta property=\"og:image:width\" content=\"1120\" \/>\n\t<meta property=\"og:image:height\" content=\"746\" \/>\n\t<meta property=\"og:image:type\" content=\"image\/png\" \/>\n<meta name=\"twitter:card\" content=\"summary_large_image\" \/>\n<meta name=\"twitter:label1\" content=\"Estimated reading time\" \/>\n\t<meta name=\"twitter:data1\" content=\"1 minute\" \/>\n<script type=\"application\/ld+json\" class=\"yoast-schema-graph\">{\"@context\":\"https:\/\/schema.org\",\"@graph\":[{\"@type\":\"WebPage\",\"@id\":\"https:\/\/wellness-kromeriz.cz\/laserove-centrum-lasea\/\",\"url\":\"https:\/\/wellness-kromeriz.cz\/laserove-centrum-lasea\/\",\"name\":\"Laserov\u00e9 centrum | Medical &amp; Wellness Centrum Harmony\",\"isPartOf\":{\"@id\":\"https:\/\/wellness-kromeriz.cz\/#website\"},\"primaryImageOfPage\":{\"@id\":\"https:\/\/wellness-kromeriz.cz\/laserove-centrum-lasea\/#primaryimage\"},\"image\":{\"@id\":\"https:\/\/wellness-kromeriz.cz\/laserove-centrum-lasea\/#primaryimage\"},\"thumbnailUrl\":\"https:\/\/wellness-kromeriz.cz\/wp-content\/uploads\/2022\/02\/4.png\",\"datePublished\":\"2022-02-21T18:51:25+00:00\",\"dateModified\":\"2025-01-03T10:03:22+00:00\",\"breadcrumb\":{\"@id\":\"https:\/\/wellness-kromeriz.cz\/laserove-centrum-lasea\/#breadcrumb\"},\"inLanguage\":\"en-GB\",\"potentialAction\":[{\"@type\":\"ReadAction\",\"target\":[\"https:\/\/wellness-kromeriz.cz\/laserove-centrum-lasea\/\"]}]},{\"@type\":\"ImageObject\",\"inLanguage\":\"en-GB\",\"@id\":\"https:\/\/wellness-kromeriz.cz\/laserove-centrum-lasea\/#primaryimage\",\"url\":\"https:\/\/wellness-kromeriz.cz\/wp-content\/uploads\/2022\/02\/4.png\",\"contentUrl\":\"https:\/\/wellness-kromeriz.cz\/wp-content\/uploads\/2022\/02\/4.png\",\"width\":1120,\"height\":746},{\"@type\":\"BreadcrumbList\",\"@id\":\"https:\/\/wellness-kromeriz.cz\/laserove-centrum-lasea\/#breadcrumb\",\"itemListElement\":[{\"@type\":\"ListItem\",\"position\":1,\"name\":\"Dom\u016f\",\"item\":\"https:\/\/wellness-kromeriz.cz\/\"},{\"@type\":\"ListItem\",\"position\":2,\"name\":\"Laserov\u00e9 centrum\"}]},{\"@type\":\"WebSite\",\"@id\":\"https:\/\/wellness-kromeriz.cz\/#website\",\"url\":\"https:\/\/wellness-kromeriz.cz\/\",\"name\":\"Medical &amp; Wellness Centrum Harmony\",\"description\":\"Medical &amp; Wellness Centrum Harmony\",\"publisher\":{\"@id\":\"https:\/\/wellness-kromeriz.cz\/#organization\"},\"potentialAction\":[{\"@type\":\"SearchAction\",\"target\":{\"@type\":\"EntryPoint\",\"urlTemplate\":\"https:\/\/wellness-kromeriz.cz\/?s={search_term_string}\"},\"query-input\":{\"@type\":\"PropertyValueSpecification\",\"valueRequired\":true,\"valueName\":\"search_term_string\"}}],\"inLanguage\":\"en-GB\"},{\"@type\":\"Organization\",\"@id\":\"https:\/\/wellness-kromeriz.cz\/#organization\",\"name\":\"Wellness Harmony Krom\u011b\u0159\u00ed\u017e\",\"url\":\"https:\/\/wellness-kromeriz.cz\/\",\"logo\":{\"@type\":\"ImageObject\",\"inLanguage\":\"en-GB\",\"@id\":\"https:\/\/wellness-kromeriz.cz\/#\/schema\/logo\/image\/\",\"url\":\"https:\/\/wellness-kromeriz.cz\/wp-content\/uploads\/2018\/11\/harmony-logo-1.png\",\"contentUrl\":\"https:\/\/wellness-kromeriz.cz\/wp-content\/uploads\/2018\/11\/harmony-logo-1.png\",\"width\":1962,\"height\":505,\"caption\":\"Wellness Harmony Krom\u011b\u0159\u00ed\u017e\"},\"image\":{\"@id\":\"https:\/\/wellness-kromeriz.cz\/#\/schema\/logo\/image\/\"}}]}<\/script>\n<!-- \/ Yoast SEO plugin. -->","yoast_head_json":{"title":"Laserov\u00e9 centrum | Medical &amp; Wellness Centrum Harmony","robots":{"index":"index","follow":"follow","max-snippet":"max-snippet:-1","max-image-preview":"max-image-preview:large","max-video-preview":"max-video-preview:-1"},"canonical":"https:\/\/wellness-kromeriz.cz\/en\/laserove-centrum-lasea\/","og_locale":"en_GB","og_type":"article","og_title":"Laserov\u00e9 centrum | Medical &amp; Wellness Centrum Harmony","og_url":"https:\/\/wellness-kromeriz.cz\/en\/laserove-centrum-lasea\/","og_site_name":"Medical &amp; Wellness Centrum Harmony","article_modified_time":"2025-01-03T10:03:22+00:00","og_image":[{"width":1120,"height":746,"url":"https:\/\/wellness-kromeriz.cz\/wp-content\/uploads\/2022\/02\/4.png","type":"image\/png"}],"twitter_card":"summary_large_image","twitter_misc":{"Estimated reading time":"1 minute"},"schema":{"@context":"https:\/\/schema.org","@graph":[{"@type":"WebPage","@id":"https:\/\/wellness-kromeriz.cz\/laserove-centrum-lasea\/","url":"https:\/\/wellness-kromeriz.cz\/laserove-centrum-lasea\/","name":"Laserov\u00e9 centrum | Medical &amp; Wellness Centrum Harmony","isPartOf":{"@id":"https:\/\/wellness-kromeriz.cz\/#website"},"primaryImageOfPage":{"@id":"https:\/\/wellness-kromeriz.cz\/laserove-centrum-lasea\/#primaryimage"},"image":{"@id":"https:\/\/wellness-kromeriz.cz\/laserove-centrum-lasea\/#primaryimage"},"thumbnailUrl":"https:\/\/wellness-kromeriz.cz\/wp-content\/uploads\/2022\/02\/4.png","datePublished":"2022-02-21T18:51:25+00:00","dateModified":"2025-01-03T10:03:22+00:00","breadcrumb":{"@id":"https:\/\/wellness-kromeriz.cz\/laserove-centrum-lasea\/#breadcrumb"},"inLanguage":"en-GB","potentialAction":[{"@type":"ReadAction","target":["https:\/\/wellness-kromeriz.cz\/laserove-centrum-lasea\/"]}]},{"@type":"ImageObject","inLanguage":"en-GB","@id":"https:\/\/wellness-kromeriz.cz\/laserove-centrum-lasea\/#primaryimage","url":"https:\/\/wellness-kromeriz.cz\/wp-content\/uploads\/2022\/02\/4.png","contentUrl":"https:\/\/wellness-kromeriz.cz\/wp-content\/uploads\/2022\/02\/4.png","width":1120,"height":746},{"@type":"BreadcrumbList","@id":"https:\/\/wellness-kromeriz.cz\/laserove-centrum-lasea\/#breadcrumb","itemListElement":[{"@type":"ListItem","position":1,"name":"Dom\u016f","item":"https:\/\/wellness-kromeriz.cz\/"},{"@type":"ListItem","position":2,"name":"Laserov\u00e9 centrum"}]},{"@type":"WebSite","@id":"https:\/\/wellness-kromeriz.cz\/#website","url":"https:\/\/wellness-kromeriz.cz\/","name":"Medical &amp; Wellness Centrum Harmony","description":"Medical &amp; Wellness Centrum Harmony","publisher":{"@id":"https:\/\/wellness-kromeriz.cz\/#organization"},"potentialAction":[{"@type":"SearchAction","target":{"@type":"EntryPoint","urlTemplate":"https:\/\/wellness-kromeriz.cz\/?s={search_term_string}"},"query-input":{"@type":"PropertyValueSpecification","valueRequired":true,"valueName":"search_term_string"}}],"inLanguage":"en-GB"},{"@type":"Organization","@id":"https:\/\/wellness-kromeriz.cz\/#organization","name":"Wellness Harmony Krom\u011b\u0159\u00ed\u017e","url":"https:\/\/wellness-kromeriz.cz\/","logo":{"@type":"ImageObject","inLanguage":"en-GB","@id":"https:\/\/wellness-kromeriz.cz\/#\/schema\/logo\/image\/","url":"https:\/\/wellness-kromeriz.cz\/wp-content\/uploads\/2018\/11\/harmony-logo-1.png","contentUrl":"https:\/\/wellness-kromeriz.cz\/wp-content\/uploads\/2018\/11\/harmony-logo-1.png","width":1962,"height":505,"caption":"Wellness Harmony Krom\u011b\u0159\u00ed\u017e"},"image":{"@id":"https:\/\/wellness-kromeriz.cz\/#\/schema\/logo\/image\/"}}]}},"_links":{"self":[{"href":"https:\/\/wellness-kromeriz.cz\/en\/wp-json\/wp\/v2\/pages\/3562"}],"collection":[{"href":"https:\/\/wellness-kromeriz.cz\/en\/wp-json\/wp\/v2\/pages"}],"about":[{"href":"https:\/\/wellness-kromeriz.cz\/en\/wp-json\/wp\/v2\/types\/page"}],"author":[{"embeddable":true,"href":"https:\/\/wellness-kromeriz.cz\/en\/wp-json\/wp\/v2\/users\/1"}],"replies":[{"embeddable":true,"href":"https:\/\/wellness-kromeriz.cz\/en\/wp-json\/wp\/v2\/comments?post=3562"}],"version-history":[{"count":42,"href":"https:\/\/wellness-kromeriz.cz\/en\/wp-json\/wp\/v2\/pages\/3562\/revisions"}],"predecessor-version":[{"id":4349,"href":"https:\/\/wellness-kromeriz.cz\/en\/wp-json\/wp\/v2\/pages\/3562\/revisions\/4349"}],"wp:featuredmedia":[{"embeddable":true,"href":"https:\/\/wellness-kromeriz.cz\/en\/wp-json\/wp\/v2\/media\/3565"}],"wp:attachment":[{"href":"https:\/\/wellness-kromeriz.cz\/en\/wp-json\/wp\/v2\/media?parent=3562"}],"curies":[{"name":"wp","href":"https:\/\/api.w.org\/{rel}","templated":true}]}}