{"id":4684,"date":"2026-01-19T20:08:18","date_gmt":"2026-01-19T20:08:18","guid":{"rendered":"https:\/\/wellness-kromeriz.cz\/?page_id=4684"},"modified":"2026-01-27T20:53:09","modified_gmt":"2026-01-27T20:53:09","slug":"rezervace","status":"publish","type":"page","link":"https:\/\/wellness-kromeriz.cz\/en\/rezervace\/","title":{"rendered":"Studio Natalis <br> rezervace"},"content":{"rendered":"<h2 style=\"text-align: center;\" data-start=\"90\" data-end=\"124\">D\u016fle\u017eit\u00e9 informace k rezervaci<\/h2>\n<p style=\"text-align: center;\" data-start=\"126\" data-end=\"209\">Rezervace je <strong data-start=\"139\" data-end=\"150\">z\u00e1vazn\u00e1<\/strong>. Potvrzen\u00edm rezervace doch\u00e1z\u00ed k uzav\u0159en\u00ed smluvn\u00edho vztahu.<\/p>\n<p style=\"text-align: center;\" data-start=\"211\" data-end=\"350\">Pokud se na sjednan\u00fd term\u00edn nedostav\u00edte a <strong data-start=\"253\" data-end=\"304\">rezervaci nezru\u0161\u00edte SMS alespo\u0148 24 hodin p\u0159edem<\/strong>, bude V\u00e1m \u00fa\u010dtov\u00e1n <strong data-start=\"323\" data-end=\"349\">storno poplatek 500 K\u010d<\/strong>.<\/p>\n<p style=\"text-align: center;\" data-start=\"352\" data-end=\"437\">V rezerva\u010dn\u00edm syst\u00e9mu <strong data-start=\"374\" data-end=\"436\">vyb\u00edrejte v\u017edy pouze jeden \u010das \u2013 \u010das p\u0159\u00edchodu na proceduru<\/strong>.<\/p>\n<p>&nbsp;<\/p>\n<p style=\"text-align: center;\">POSTUP REZERVACE<\/p>\n<p style=\"text-align: center;\"><strong>1) Vyberte slu\u017ebu<\/strong><\/p>\n<p style=\"text-align: center;\"><strong>2) Zvolte term\u00edn a \u010das p\u0159\u00edchodu na proceduru<br \/>\n<\/strong><\/p>\n<p style=\"text-align: center;\"><strong>3) Uve\u010fte Va\u0161e kontaktn\u00ed \u00fadaje<\/strong><\/p>\n<p style=\"text-align: center;\"><strong>4) Na uveden\u00fd email V\u00e1m doraz\u00ed potvrzen\u00ed rezervace<\/strong><\/p>\n<p>&nbsp;<\/p>\n<p>&nbsp;<\/p>\n<div id=\"rezervace\"><\/div>","protected":false},"excerpt":{"rendered":"<p>D\u016fle\u017eit\u00e9 informace k rezervaci Rezervace je z\u00e1vazn\u00e1. Potvrzen\u00edm rezervace doch\u00e1z\u00ed k uzav\u0159en\u00ed smluvn\u00edho vztahu. Pokud se na sjednan\u00fd term\u00edn nedostav\u00edte a rezervaci nezru\u0161\u00edte SMS alespo\u0148 24 hodin p\u0159edem, bude V\u00e1m \u00fa\u010dtov\u00e1n storno poplatek 500 K\u010d. V rezerva\u010dn\u00edm syst\u00e9mu vyb\u00edrejte v\u017edy pouze jeden \u010das \u2013 \u010das p\u0159\u00edchodu na proceduru. &nbsp; POSTUP REZERVACE 1) Vyberte slu\u017ebu 2) [&hellip;]<\/p>","protected":false},"author":4,"featured_media":0,"parent":0,"menu_order":0,"comment_status":"closed","ping_status":"closed","template":"","meta":{"footnotes":""},"class_list":["post-4684","page","type-page","status-publish","hentry"],"yoast_head":"<!-- This site is optimized with the Yoast SEO plugin v23.5 - https:\/\/yoast.com\/wordpress\/plugins\/seo\/ -->\n<title>Studio Natalis  rezervace | Medical &amp; Wellness Centrum Harmony<\/title>\n<meta name=\"robots\" content=\"index, follow, max-snippet:-1, max-image-preview:large, max-video-preview:-1\" \/>\n<link rel=\"canonical\" href=\"https:\/\/wellness-kromeriz.cz\/en\/rezervace\/\" \/>\n<meta property=\"og:locale\" content=\"en_GB\" \/>\n<meta property=\"og:type\" content=\"article\" \/>\n<meta property=\"og:title\" content=\"Studio Natalis  rezervace | Medical &amp; Wellness Centrum Harmony\" \/>\n<meta property=\"og:description\" content=\"D\u016fle\u017eit\u00e9 informace k rezervaci Rezervace je z\u00e1vazn\u00e1. Potvrzen\u00edm rezervace doch\u00e1z\u00ed k uzav\u0159en\u00ed smluvn\u00edho vztahu. Pokud se na sjednan\u00fd term\u00edn nedostav\u00edte a rezervaci nezru\u0161\u00edte SMS alespo\u0148 24 hodin p\u0159edem, bude V\u00e1m \u00fa\u010dtov\u00e1n storno poplatek 500 K\u010d. V rezerva\u010dn\u00edm syst\u00e9mu vyb\u00edrejte v\u017edy pouze jeden \u010das \u2013 \u010das p\u0159\u00edchodu na proceduru. &nbsp; POSTUP REZERVACE 1) Vyberte slu\u017ebu 2) [&hellip;]\" \/>\n<meta property=\"og:url\" content=\"https:\/\/wellness-kromeriz.cz\/en\/rezervace\/\" \/>\n<meta property=\"og:site_name\" content=\"Medical &amp; Wellness Centrum Harmony\" \/>\n<meta property=\"article:modified_time\" content=\"2026-01-27T20:53:09+00:00\" \/>\n<meta name=\"twitter:card\" content=\"summary_large_image\" \/>\n<meta name=\"twitter:label1\" content=\"Estimated reading time\" \/>\n\t<meta name=\"twitter:data1\" content=\"1 minute\" \/>\n<script type=\"application\/ld+json\" class=\"yoast-schema-graph\">{\"@context\":\"https:\/\/schema.org\",\"@graph\":[{\"@type\":\"WebPage\",\"@id\":\"https:\/\/wellness-kromeriz.cz\/rezervace\/\",\"url\":\"https:\/\/wellness-kromeriz.cz\/rezervace\/\",\"name\":\"Studio Natalis rezervace | Medical &amp; Wellness Centrum Harmony\",\"isPartOf\":{\"@id\":\"https:\/\/wellness-kromeriz.cz\/#website\"},\"datePublished\":\"2026-01-19T20:08:18+00:00\",\"dateModified\":\"2026-01-27T20:53:09+00:00\",\"breadcrumb\":{\"@id\":\"https:\/\/wellness-kromeriz.cz\/rezervace\/#breadcrumb\"},\"inLanguage\":\"en-GB\",\"potentialAction\":[{\"@type\":\"ReadAction\",\"target\":[\"https:\/\/wellness-kromeriz.cz\/rezervace\/\"]}]},{\"@type\":\"BreadcrumbList\",\"@id\":\"https:\/\/wellness-kromeriz.cz\/rezervace\/#breadcrumb\",\"itemListElement\":[{\"@type\":\"ListItem\",\"position\":1,\"name\":\"Dom\u016f\",\"item\":\"https:\/\/wellness-kromeriz.cz\/\"},{\"@type\":\"ListItem\",\"position\":2,\"name\":\"Studio Natalis rezervace\"}]},{\"@type\":\"WebSite\",\"@id\":\"https:\/\/wellness-kromeriz.cz\/#website\",\"url\":\"https:\/\/wellness-kromeriz.cz\/\",\"name\":\"Medical &amp; Wellness Centrum Harmony\",\"description\":\"Medical &amp; Wellness Centrum Harmony\",\"publisher\":{\"@id\":\"https:\/\/wellness-kromeriz.cz\/#organization\"},\"potentialAction\":[{\"@type\":\"SearchAction\",\"target\":{\"@type\":\"EntryPoint\",\"urlTemplate\":\"https:\/\/wellness-kromeriz.cz\/?s={search_term_string}\"},\"query-input\":{\"@type\":\"PropertyValueSpecification\",\"valueRequired\":true,\"valueName\":\"search_term_string\"}}],\"inLanguage\":\"en-GB\"},{\"@type\":\"Organization\",\"@id\":\"https:\/\/wellness-kromeriz.cz\/#organization\",\"name\":\"Wellness Harmony Krom\u011b\u0159\u00ed\u017e\",\"url\":\"https:\/\/wellness-kromeriz.cz\/\",\"logo\":{\"@type\":\"ImageObject\",\"inLanguage\":\"en-GB\",\"@id\":\"https:\/\/wellness-kromeriz.cz\/#\/schema\/logo\/image\/\",\"url\":\"https:\/\/wellness-kromeriz.cz\/wp-content\/uploads\/2018\/11\/harmony-logo-1.png\",\"contentUrl\":\"https:\/\/wellness-kromeriz.cz\/wp-content\/uploads\/2018\/11\/harmony-logo-1.png\",\"width\":1962,\"height\":505,\"caption\":\"Wellness Harmony Krom\u011b\u0159\u00ed\u017e\"},\"image\":{\"@id\":\"https:\/\/wellness-kromeriz.cz\/#\/schema\/logo\/image\/\"}}]}<\/script>\n<!-- \/ Yoast SEO plugin. -->","yoast_head_json":{"title":"Studio Natalis  rezervace | Medical &amp; Wellness Centrum Harmony","robots":{"index":"index","follow":"follow","max-snippet":"max-snippet:-1","max-image-preview":"max-image-preview:large","max-video-preview":"max-video-preview:-1"},"canonical":"https:\/\/wellness-kromeriz.cz\/en\/rezervace\/","og_locale":"en_GB","og_type":"article","og_title":"Studio Natalis  rezervace | Medical &amp; Wellness Centrum Harmony","og_description":"D\u016fle\u017eit\u00e9 informace k rezervaci Rezervace je z\u00e1vazn\u00e1. Potvrzen\u00edm rezervace doch\u00e1z\u00ed k uzav\u0159en\u00ed smluvn\u00edho vztahu. Pokud se na sjednan\u00fd term\u00edn nedostav\u00edte a rezervaci nezru\u0161\u00edte SMS alespo\u0148 24 hodin p\u0159edem, bude V\u00e1m \u00fa\u010dtov\u00e1n storno poplatek 500 K\u010d. V rezerva\u010dn\u00edm syst\u00e9mu vyb\u00edrejte v\u017edy pouze jeden \u010das \u2013 \u010das p\u0159\u00edchodu na proceduru. &nbsp; POSTUP REZERVACE 1) Vyberte slu\u017ebu 2) [&hellip;]","og_url":"https:\/\/wellness-kromeriz.cz\/en\/rezervace\/","og_site_name":"Medical &amp; Wellness Centrum Harmony","article_modified_time":"2026-01-27T20:53:09+00:00","twitter_card":"summary_large_image","twitter_misc":{"Estimated reading time":"1 minute"},"schema":{"@context":"https:\/\/schema.org","@graph":[{"@type":"WebPage","@id":"https:\/\/wellness-kromeriz.cz\/rezervace\/","url":"https:\/\/wellness-kromeriz.cz\/rezervace\/","name":"Studio Natalis rezervace | Medical &amp; Wellness Centrum Harmony","isPartOf":{"@id":"https:\/\/wellness-kromeriz.cz\/#website"},"datePublished":"2026-01-19T20:08:18+00:00","dateModified":"2026-01-27T20:53:09+00:00","breadcrumb":{"@id":"https:\/\/wellness-kromeriz.cz\/rezervace\/#breadcrumb"},"inLanguage":"en-GB","potentialAction":[{"@type":"ReadAction","target":["https:\/\/wellness-kromeriz.cz\/rezervace\/"]}]},{"@type":"BreadcrumbList","@id":"https:\/\/wellness-kromeriz.cz\/rezervace\/#breadcrumb","itemListElement":[{"@type":"ListItem","position":1,"name":"Dom\u016f","item":"https:\/\/wellness-kromeriz.cz\/"},{"@type":"ListItem","position":2,"name":"Studio Natalis rezervace"}]},{"@type":"WebSite","@id":"https:\/\/wellness-kromeriz.cz\/#website","url":"https:\/\/wellness-kromeriz.cz\/","name":"Medical &amp; Wellness Centrum Harmony","description":"Medical &amp; Wellness Centrum Harmony","publisher":{"@id":"https:\/\/wellness-kromeriz.cz\/#organization"},"potentialAction":[{"@type":"SearchAction","target":{"@type":"EntryPoint","urlTemplate":"https:\/\/wellness-kromeriz.cz\/?s={search_term_string}"},"query-input":{"@type":"PropertyValueSpecification","valueRequired":true,"valueName":"search_term_string"}}],"inLanguage":"en-GB"},{"@type":"Organization","@id":"https:\/\/wellness-kromeriz.cz\/#organization","name":"Wellness Harmony Krom\u011b\u0159\u00ed\u017e","url":"https:\/\/wellness-kromeriz.cz\/","logo":{"@type":"ImageObject","inLanguage":"en-GB","@id":"https:\/\/wellness-kromeriz.cz\/#\/schema\/logo\/image\/","url":"https:\/\/wellness-kromeriz.cz\/wp-content\/uploads\/2018\/11\/harmony-logo-1.png","contentUrl":"https:\/\/wellness-kromeriz.cz\/wp-content\/uploads\/2018\/11\/harmony-logo-1.png","width":1962,"height":505,"caption":"Wellness Harmony Krom\u011b\u0159\u00ed\u017e"},"image":{"@id":"https:\/\/wellness-kromeriz.cz\/#\/schema\/logo\/image\/"}}]}},"_links":{"self":[{"href":"https:\/\/wellness-kromeriz.cz\/en\/wp-json\/wp\/v2\/pages\/4684"}],"collection":[{"href":"https:\/\/wellness-kromeriz.cz\/en\/wp-json\/wp\/v2\/pages"}],"about":[{"href":"https:\/\/wellness-kromeriz.cz\/en\/wp-json\/wp\/v2\/types\/page"}],"author":[{"embeddable":true,"href":"https:\/\/wellness-kromeriz.cz\/en\/wp-json\/wp\/v2\/users\/4"}],"replies":[{"embeddable":true,"href":"https:\/\/wellness-kromeriz.cz\/en\/wp-json\/wp\/v2\/comments?post=4684"}],"version-history":[{"count":21,"href":"https:\/\/wellness-kromeriz.cz\/en\/wp-json\/wp\/v2\/pages\/4684\/revisions"}],"predecessor-version":[{"id":4731,"href":"https:\/\/wellness-kromeriz.cz\/en\/wp-json\/wp\/v2\/pages\/4684\/revisions\/4731"}],"wp:attachment":[{"href":"https:\/\/wellness-kromeriz.cz\/en\/wp-json\/wp\/v2\/media?parent=4684"}],"curies":[{"name":"wp","href":"https:\/\/api.w.org\/{rel}","templated":true}]}}